{"id":50601,"date":"2025-05-26T16:13:58","date_gmt":"2025-05-26T14:13:58","guid":{"rendered":"https:\/\/www.pharmacieonline.lu\/?post_type=product&#038;p=50601"},"modified":"2026-04-10T12:25:21","modified_gmt":"2026-04-10T10:25:21","slug":"physiomance-teoliance-premium-30caps","status":"publish","type":"product","link":"https:\/\/www.pharmacieonline.lu\/de\/produit\/physiomance-teoliance-premium-30caps\/","title":{"rendered":"PHYSIOMANCE TEOLIANCE PREMIUM 30CAPS"},"content":{"rendered":"<p>Referenzmikrobiotikast\u00e4mme, angepasst an Erwachsene<\/p>\n<p>5 einzeln mikroverkapselte Mikrobiota-St\u00e4mme (Probio-Protect), deren verdauungsf\u00f6rdernde Wirkung wissenschaftlich am besten dokumentiert ist, dosiert mit 20 Milliarden KBE*, kombiniert mit einem Mikron\u00e4hrstoffkomplex (pro 2 Kapseln);<br \/>\nEinzeln mikroverkapselte Vitamine C und D (Suvimine Protect);<br \/>\nNat\u00fcrliche Vitamine C und D3 tragen zu einer normalen Funktion des Immunsystems bei;<br \/>\nPflanzliche, magensaftresistente DR-Kapseln.<br \/>\nAnwendung<\/p>\n<p>1\u20132 Kapseln t\u00e4glich nach Anweisung au\u00dferhalb der Mahlzeiten einnehmen. Bei Bedarf wiederholen.<\/p>\n<p>Vorsichtsma\u00dfnahmen f\u00fcr die Anwendung:<\/p>\n<p>Nach Erhalt k\u00fchl und trocken lagern.<br \/>\nNahrungserg\u00e4nzungsmittel sollten als Teil einer gesunden Lebensweise verwendet werden und nicht als Ersatz f\u00fcr eine abwechslungsreiche und ausgewogene Ern\u00e4hrung. Die empfohlene Tagesdosis nicht \u00fcberschreiten. Das Produkt au\u00dferhalb der Reichweite von Kleinkindern aufbewahren. Bei der Kombination mehrerer Nahrungserg\u00e4nzungsmittel wenden Sie sich bitte an Ihren Arzt oder Apotheker.<\/p>\n<p>Zutaten:<\/p>\n<p>F\u00fcllstoff: Akaziengummi, mikroverkapselte Mikrobiota-St\u00e4mme (10 Milliarden KBE* pro Kapsel), pflanzliche H\u00fclle, mikroverkapseltes Vitamin C (L-Ascorbins\u00e4ure), mikroverkapseltes Vitamin D3 (Cholecalciferol).<\/p>","protected":false},"excerpt":{"rendered":"<p>Referenzmikrobiotikast\u00e4mme, angepasst an Erwachsene 5 einzeln mikroverkapselte Mikrobiota-St\u00e4mme (Probio-Protect), deren verdauungsf\u00f6rdernde Wirkung wissenschaftlich am besten dokumentiert ist, dosiert mit 20 Milliarden KBE*, kombiniert mit einem Mikron\u00e4hrstoffkomplex (pro 2 Kapseln); Einzeln mikroverkapselte Vitamine C und D (Suvimine Protect); Nat\u00fcrliche Vitamine C und D3 tragen zu einer normalen Funktion des Immunsystems bei; Pflanzliche, magensaftresistente DR-Kapseln. Anwendung 1\u20132 [&hellip;]<\/p>\n","protected":false},"featured_media":50603,"template":"","meta":{"_acf_changed":false,"footnotes":""},"product_brand":[],"product_cat":[951,953,948],"product_tag":[],"class_list":{"0":"post-50601","1":"product","2":"type-product","3":"status-publish","4":"has-post-thumbnail","6":"product_cat-physiomance","7":"product_cat-complements-alimentaires","8":"product_cat-therascience-physionutrition","10":"first","11":"instock","12":"taxable","13":"shipping-taxable","14":"purchasable","15":"product-type-simple"},"acf":[],"_links":{"self":[{"href":"https:\/\/www.pharmacieonline.lu\/de\/wp-json\/wp\/v2\/product\/50601","targetHints":{"allow":["GET"]}}],"collection":[{"href":"https:\/\/www.pharmacieonline.lu\/de\/wp-json\/wp\/v2\/product"}],"about":[{"href":"https:\/\/www.pharmacieonline.lu\/de\/wp-json\/wp\/v2\/types\/product"}],"version-history":[{"count":0,"href":"https:\/\/www.pharmacieonline.lu\/de\/wp-json\/wp\/v2\/product\/50601\/revisions"}],"wp:featuredmedia":[{"embeddable":true,"href":"https:\/\/www.pharmacieonline.lu\/de\/wp-json\/wp\/v2\/media\/50603"}],"wp:attachment":[{"href":"https:\/\/www.pharmacieonline.lu\/de\/wp-json\/wp\/v2\/media?parent=50601"}],"wp:term":[{"taxonomy":"product_brand","embeddable":true,"href":"https:\/\/www.pharmacieonline.lu\/de\/wp-json\/wp\/v2\/product_brand?post=50601"},{"taxonomy":"product_cat","embeddable":true,"href":"https:\/\/www.pharmacieonline.lu\/de\/wp-json\/wp\/v2\/product_cat?post=50601"},{"taxonomy":"product_tag","embeddable":true,"href":"https:\/\/www.pharmacieonline.lu\/de\/wp-json\/wp\/v2\/product_tag?post=50601"}],"curies":[{"name":"wp","href":"https:\/\/api.w.org\/{rel}","templated":true}]}}