{"id":50605,"date":"2025-05-26T16:17:50","date_gmt":"2025-05-26T14:17:50","guid":{"rendered":"https:\/\/www.pharmacieonline.lu\/?post_type=product&#038;p=50605"},"modified":"2026-04-10T10:25:17","modified_gmt":"2026-04-10T08:25:17","slug":"physiomance-teoliance-trisymbio-90caps","status":"publish","type":"product","link":"https:\/\/www.pharmacieonline.lu\/de\/produit\/physiomance-teoliance-trisymbio-90caps\/","title":{"rendered":"PHYSIOMANCE TEOLIANCE TRISYMBIO 90CAPS"},"content":{"rendered":"<p>Das synergistische Trio f\u00fcr Ihr Darmwohlbefinden<\/p>\n<p>Exklusive Kombination aus 3 einzeln mikroverkapselten, wissenschaftlich ausgew\u00e4hlten Mikrobiota-St\u00e4mmen (Probio-Protect) mit einer Dosierung von 3 Milliarden KBE*, pr\u00e4biotischen Ballaststoffen und 2 bioaktiven Inhaltsstoffen (Grapefruitkerne und Oregano);<br \/>\nMagensaftresistente, pflanzliche DR-Kapseln.<br \/>\nAnwendung<\/p>\n<p>1 Kapsel t\u00e4glich, getrennt von den Mahlzeiten, f\u00fcr mindestens 3 Monate. Bei Bedarf wiederholen.<\/p>\n<p>Vorsichtsma\u00dfnahmen f\u00fcr die Anwendung:<br \/>\nNach Erhalt k\u00fchl und trocken lagern.<\/p>\n<p>Nahrungserg\u00e4nzungsmittel sollten Teil einer gesunden Lebensweise sein und nicht als Ersatz f\u00fcr eine abwechslungsreiche und ausgewogene Ern\u00e4hrung dienen. Die empfohlene Tagesdosis nicht \u00fcberschreiten. Au\u00dferhalb der Reichweite von Kleinkindern aufbewahren. Bei der Kombination mehrerer Nahrungserg\u00e4nzungsmittel wenden Sie sich bitte an Ihren Arzt oder Apotheker.<\/p>\n<p>Zutaten:<\/p>\n<p>Inulin, Oligofruktose, pflanzliches Protein, mikroverkapselte Mikrobiota-St\u00e4mme (3 Milliarden KBE* pro Kapsel), Oregano-Extrakt, Grapefruitkernextrakt, titriert mit Bioflavonoiden.<\/p>","protected":false},"excerpt":{"rendered":"<p>Das synergistische Trio f\u00fcr Ihr Darmwohlbefinden Exklusive Kombination aus 3 einzeln mikroverkapselten, wissenschaftlich ausgew\u00e4hlten Mikrobiota-St\u00e4mmen (Probio-Protect) mit einer Dosierung von 3 Milliarden KBE*, pr\u00e4biotischen Ballaststoffen und 2 bioaktiven Inhaltsstoffen (Grapefruitkerne und Oregano); Magensaftresistente, pflanzliche DR-Kapseln. Anwendung 1 Kapsel t\u00e4glich, getrennt von den Mahlzeiten, f\u00fcr mindestens 3 Monate. Bei Bedarf wiederholen. Vorsichtsma\u00dfnahmen f\u00fcr die Anwendung: Nach [&hellip;]<\/p>\n","protected":false},"featured_media":50607,"template":"","meta":{"_acf_changed":false,"footnotes":""},"product_brand":[],"product_cat":[951,953,948],"product_tag":[],"class_list":{"0":"post-50605","1":"product","2":"type-product","3":"status-publish","4":"has-post-thumbnail","6":"product_cat-physiomance","7":"product_cat-complements-alimentaires","8":"product_cat-therascience-physionutrition","10":"first","11":"instock","12":"taxable","13":"shipping-taxable","14":"purchasable","15":"product-type-simple"},"acf":[],"_links":{"self":[{"href":"https:\/\/www.pharmacieonline.lu\/de\/wp-json\/wp\/v2\/product\/50605","targetHints":{"allow":["GET"]}}],"collection":[{"href":"https:\/\/www.pharmacieonline.lu\/de\/wp-json\/wp\/v2\/product"}],"about":[{"href":"https:\/\/www.pharmacieonline.lu\/de\/wp-json\/wp\/v2\/types\/product"}],"version-history":[{"count":0,"href":"https:\/\/www.pharmacieonline.lu\/de\/wp-json\/wp\/v2\/product\/50605\/revisions"}],"wp:featuredmedia":[{"embeddable":true,"href":"https:\/\/www.pharmacieonline.lu\/de\/wp-json\/wp\/v2\/media\/50607"}],"wp:attachment":[{"href":"https:\/\/www.pharmacieonline.lu\/de\/wp-json\/wp\/v2\/media?parent=50605"}],"wp:term":[{"taxonomy":"product_brand","embeddable":true,"href":"https:\/\/www.pharmacieonline.lu\/de\/wp-json\/wp\/v2\/product_brand?post=50605"},{"taxonomy":"product_cat","embeddable":true,"href":"https:\/\/www.pharmacieonline.lu\/de\/wp-json\/wp\/v2\/product_cat?post=50605"},{"taxonomy":"product_tag","embeddable":true,"href":"https:\/\/www.pharmacieonline.lu\/de\/wp-json\/wp\/v2\/product_tag?post=50605"}],"curies":[{"name":"wp","href":"https:\/\/api.w.org\/{rel}","templated":true}]}}