{"id":50606,"date":"2025-05-26T16:19:23","date_gmt":"2025-05-26T14:19:23","guid":{"rendered":"https:\/\/www.pharmacieonline.lu\/?post_type=product&#038;p=50606"},"modified":"2026-04-10T10:25:22","modified_gmt":"2026-04-10T08:25:22","slug":"physiomance-vitamine-b9-90-gelules","status":"publish","type":"product","link":"https:\/\/www.pharmacieonline.lu\/de\/produit\/physiomance-vitamine-b9-90-gelules\/","title":{"rendered":"PHYSIOMANCE VITAMINE B9 90 GELULES"},"content":{"rendered":"<p>Beschreibung<\/p>\n<p>Nahrungserg\u00e4nzungsmittel<\/p>\n<p>Vitamin B9, auch Fols\u00e4ure genannt, geh\u00f6rt zu den wasserl\u00f6slichen B-Vitaminen. Es wird nicht vom K\u00f6rper gespeichert, daher ist eine regelm\u00e4\u00dfige Zufuhr \u00fcber die Ern\u00e4hrung oder Nahrungserg\u00e4nzungsmittel unerl\u00e4sslich.<\/p>\n<p>Vitamin B9 kommt haupts\u00e4chlich in gr\u00fcnem Blattgem\u00fcse vor, daher der Name \u201eFols\u00e4ure\u201c, abgeleitet vom lateinischen \u201efolium\u201c, was \u201eBlatt\u201c bedeutet. Salat und Spinat sind hervorragende Vitamin-B9-Quellen. Es ist auch in erheblichen Mengen in Getreide, bestimmten K\u00e4sesorten und in der Leber von Tieren wie Lamm, Kalb und Gefl\u00fcgel enthalten.<\/p>\n<p>Vitamin B9 spielt eine wichtige Rolle im Folatzyklus, einem biologischen Prozess, der f\u00fcr viele K\u00f6rperfunktionen entscheidend ist. Im Folatzyklus wird Vitamin B9 in verschiedene aktive Formen umgewandelt, die vom K\u00f6rper genutzt werden k\u00f6nnen. Da es sich um ein wasserl\u00f6sliches Vitamin handelt, wird es schnell \u00fcber die Nieren ausgeschieden, sodass das Risiko einer \u00dcberdosierung gering ist. Daher ist es besonders wichtig in Phasen wie der Schwangerschaft. Es tr\u00e4gt zum normalen Wachstum des m\u00fctterlichen Gewebes von der Empf\u00e4ngnis an und w\u00e4hrend der Schwangerschaft sowie zu einem normalen Homocysteinstoffwechsel bei. Es ist an der DNA-Synthese, der Zellteilung, der Bildung roter Blutk\u00f6rperchen und der normalen Funktion des Nervensystems beteiligt.<\/p>\n<p>Ein Vitamin-B9-Mangel kann erhebliche gesundheitliche Folgen haben. Bei Schwangeren erh\u00f6ht ein Mangel das Risiko von Neuralrohrdefekten beim F\u00f6tus. Moderne Ern\u00e4hrungsweisen, die oft an essentiellen N\u00e4hrstoffen mangeln, erschweren jedoch manchmal eine ausreichende Zufuhr.<\/p>\n<p>Warum PHYSIOMANCE\u00ae Vitamin B9 w\u00e4hlen?<\/p>\n<p>PHYSIOMANCE\u00ae Vitamin B9 ist eine hochkonzentrierte Einzelwirkstoffformel mit 600 \u00b5g Vitamin B9 pro Kapsel. Die Auswahl bioverf\u00fcgbarer Inhaltsstoffe gew\u00e4hrleistet optimale Aufnahme und verbesserte Wirksamkeit.<br \/>\nVitamin B9 wurde in seiner biologisch aktiven Coenzymform ausgew\u00e4hlt: Calcium-L-Methylfolat, das im Gegensatz zu Fols\u00e4ure direkt vom K\u00f6rper aufgenommen wird, ohne vorherige enzymatische Umwandlung. Diese innovative Darreichungsform wird insbesondere zur Behandlung einer Mutation (Polymorphismus) der Methyltetrahydrofolatreduktase (MTHFR) empfohlen, die bis zu 40 % der Bev\u00f6lkerung betrifft. Die Aktivit\u00e4t des Enzyms ist beeintr\u00e4chtigt, wodurch seine F\u00e4higkeit, Fols\u00e4ure in aktives Folat umzuwandeln, reduziert wird. Dank seiner hohen Vertr\u00e4glichkeit und ausgezeichneten Stabilit\u00e4t eignet sich PHYSIOMANCE\u00ae Vitamin B9 f\u00fcr alle Situationen, in denen eine sichere und wirksame Folatversorgung erforderlich ist, einschlie\u00dflich Schwangerschaft, Stillzeit oder chronischer M\u00fcdigkeit.<\/p>\n<p>Im Rahmen unseres Engagements f\u00fcr Qualit\u00e4t und Nat\u00fcrlichkeit wurde PHYSIOMANCE\u00ae Vitamin B9 in 100 % pflanzlichen Kapseln abgef\u00fcllt und ist somit f\u00fcr eine vegetarische oder vegane Ern\u00e4hrung geeignet. Diese Wahl garantiert einen Ansatz, der Ihren Anspr\u00fcchen an Qualit\u00e4t und Wirksamkeit perfekt entspricht.<\/p>\n<p>Anwendung<\/p>\n<p>1 Kapsel t\u00e4glich f\u00fcr mindestens 3 Monate. Bei Bedarf wiederholen.<\/p>\n<p>Vorsichtsma\u00dfnahmen bei der Anwendung:<\/p>\n<p>Nicht empfohlen f\u00fcr Kinder und Jugendliche.<\/p>\n<p>Nahrungserg\u00e4nzungsmittel sollten Teil einer gesunden Lebensweise sein und sind kein Ersatz f\u00fcr eine abwechslungsreiche und ausgewogene Ern\u00e4hrung. Die empfohlene Tagesdosis nicht \u00fcberschreiten. Produkt au\u00dferhalb der Reichweite von Kleinkindern aufbewahren. Bei Kombination mehrerer Nahrungserg\u00e4nzungsmittel wenden Sie sich bitte an Ihren Arzt oder Apotheker.<\/p>\n<p>Zutaten:<\/p>\n<p>F\u00fcllstoff: Akaziengummi, pflanzlicher \u00dcberzug: Hydroxypropylmethylcellulose, Trennmittel: Speisefetts\u00e4uren, Vitamin B9 (Calcium-L-Methylfolat).<\/p>","protected":false},"excerpt":{"rendered":"<p>Beschreibung Nahrungserg\u00e4nzungsmittel Vitamin B9, auch Fols\u00e4ure genannt, geh\u00f6rt zu den wasserl\u00f6slichen B-Vitaminen. Es wird nicht vom K\u00f6rper gespeichert, daher ist eine regelm\u00e4\u00dfige Zufuhr \u00fcber die Ern\u00e4hrung oder Nahrungserg\u00e4nzungsmittel unerl\u00e4sslich. Vitamin B9 kommt haupts\u00e4chlich in gr\u00fcnem Blattgem\u00fcse vor, daher der Name \u201eFols\u00e4ure\u201c, abgeleitet vom lateinischen \u201efolium\u201c, was \u201eBlatt\u201c bedeutet. Salat und Spinat sind hervorragende Vitamin-B9-Quellen. Es [&hellip;]<\/p>\n","protected":false},"featured_media":50611,"template":"","meta":{"_acf_changed":false,"footnotes":""},"product_brand":[],"product_cat":[42,951,953,948],"product_tag":[],"class_list":{"0":"post-50606","1":"product","2":"type-product","3":"status-publish","4":"has-post-thumbnail","6":"product_cat-para-pharmacie","7":"product_cat-physiomance","8":"product_cat-complements-alimentaires","9":"product_cat-therascience-physionutrition","11":"first","12":"outofstock","13":"taxable","14":"shipping-taxable","15":"purchasable","16":"product-type-simple"},"acf":[],"_links":{"self":[{"href":"https:\/\/www.pharmacieonline.lu\/de\/wp-json\/wp\/v2\/product\/50606","targetHints":{"allow":["GET"]}}],"collection":[{"href":"https:\/\/www.pharmacieonline.lu\/de\/wp-json\/wp\/v2\/product"}],"about":[{"href":"https:\/\/www.pharmacieonline.lu\/de\/wp-json\/wp\/v2\/types\/product"}],"version-history":[{"count":0,"href":"https:\/\/www.pharmacieonline.lu\/de\/wp-json\/wp\/v2\/product\/50606\/revisions"}],"wp:featuredmedia":[{"embeddable":true,"href":"https:\/\/www.pharmacieonline.lu\/de\/wp-json\/wp\/v2\/media\/50611"}],"wp:attachment":[{"href":"https:\/\/www.pharmacieonline.lu\/de\/wp-json\/wp\/v2\/media?parent=50606"}],"wp:term":[{"taxonomy":"product_brand","embeddable":true,"href":"https:\/\/www.pharmacieonline.lu\/de\/wp-json\/wp\/v2\/product_brand?post=50606"},{"taxonomy":"product_cat","embeddable":true,"href":"https:\/\/www.pharmacieonline.lu\/de\/wp-json\/wp\/v2\/product_cat?post=50606"},{"taxonomy":"product_tag","embeddable":true,"href":"https:\/\/www.pharmacieonline.lu\/de\/wp-json\/wp\/v2\/product_tag?post=50606"}],"curies":[{"name":"wp","href":"https:\/\/api.w.org\/{rel}","templated":true}]}}