{"id":50609,"date":"2025-05-26T16:22:14","date_gmt":"2025-05-26T14:22:14","guid":{"rendered":"https:\/\/www.pharmacieonline.lu\/?post_type=product&#038;p=50609"},"modified":"2026-04-10T10:25:19","modified_gmt":"2026-04-10T08:25:19","slug":"physiomance-vitamine-b12-90cpr","status":"publish","type":"product","link":"https:\/\/www.pharmacieonline.lu\/de\/produit\/physiomance-vitamine-b12-90cpr\/","title":{"rendered":"PHYSIOMANCE VITAMINE B12 90CPR"},"content":{"rendered":"<p>Das Vitamin, das f\u00fcr viele K\u00f6rperfunktionen essentiell ist<\/p>\n<p>Hochkonzentrierte Vitamin-B12-Formel (1.000 \u00b5g bzw. 40.000 % der empfohlenen Tagesdosis*);<br \/>\nOptimale Bioverf\u00fcgbarkeit: Vitamin B12 in Methylcobalamin-Form (Coenzym-Form);<br \/>\nF\u00fcr eine vegane Ern\u00e4hrung geeignet<br \/>\nKautabletten;<br \/>\nNat\u00fcrlicher Erdbeergeschmack.<br \/>\nAnwendung<\/p>\n<p>1 Kautablette t\u00e4glich f\u00fcr mindestens 3 Monate. Bei Bedarf wiederholen.<\/p>\n<p>Vorsichtsma\u00dfnahmen bei der Anwendung:<\/p>\n<p>\u00dcberm\u00e4\u00dfiger Verzehr kann abf\u00fchrend wirken.<\/p>\n<p>Nahrungserg\u00e4nzungsmittel sollten Teil einer gesunden Lebensweise sein und d\u00fcrfen eine abwechslungsreiche und ausgewogene Ern\u00e4hrung nicht ersetzen. Die empfohlene Tagesdosis nicht \u00fcberschreiten. Au\u00dferhalb der Reichweite von Kleinkindern aufbewahren. Bei Kombination mehrerer Nahrungserg\u00e4nzungsmittel wenden Sie sich bitte an Ihren Arzt oder Apotheker.<\/p>\n<p>Zutaten:<\/p>\n<p>S\u00fc\u00dfungsmittel: Isomalt, Glukosesirup, Trennmittel: Speisefetts\u00e4uren, nat\u00fcrliches Erdbeeraroma, Vitamin B12 (Methylcobalamin), S\u00fc\u00dfungsmittel: Steviolglycoside aus Stevia.<\/p>","protected":false},"excerpt":{"rendered":"<p>Das Vitamin, das f\u00fcr viele K\u00f6rperfunktionen essentiell ist Hochkonzentrierte Vitamin-B12-Formel (1.000 \u00b5g bzw. 40.000 % der empfohlenen Tagesdosis*); Optimale Bioverf\u00fcgbarkeit: Vitamin B12 in Methylcobalamin-Form (Coenzym-Form); F\u00fcr eine vegane Ern\u00e4hrung geeignet Kautabletten; Nat\u00fcrlicher Erdbeergeschmack. Anwendung 1 Kautablette t\u00e4glich f\u00fcr mindestens 3 Monate. Bei Bedarf wiederholen. Vorsichtsma\u00dfnahmen bei der Anwendung: \u00dcberm\u00e4\u00dfiger Verzehr kann abf\u00fchrend wirken. Nahrungserg\u00e4nzungsmittel sollten [&hellip;]<\/p>\n","protected":false},"featured_media":50613,"template":"","meta":{"_acf_changed":false,"footnotes":""},"product_brand":[],"product_cat":[951,953,948],"product_tag":[],"class_list":{"0":"post-50609","1":"product","2":"type-product","3":"status-publish","4":"has-post-thumbnail","6":"product_cat-physiomance","7":"product_cat-complements-alimentaires","8":"product_cat-therascience-physionutrition","10":"first","11":"instock","12":"taxable","13":"shipping-taxable","14":"purchasable","15":"product-type-simple"},"acf":[],"_links":{"self":[{"href":"https:\/\/www.pharmacieonline.lu\/de\/wp-json\/wp\/v2\/product\/50609","targetHints":{"allow":["GET"]}}],"collection":[{"href":"https:\/\/www.pharmacieonline.lu\/de\/wp-json\/wp\/v2\/product"}],"about":[{"href":"https:\/\/www.pharmacieonline.lu\/de\/wp-json\/wp\/v2\/types\/product"}],"version-history":[{"count":0,"href":"https:\/\/www.pharmacieonline.lu\/de\/wp-json\/wp\/v2\/product\/50609\/revisions"}],"wp:featuredmedia":[{"embeddable":true,"href":"https:\/\/www.pharmacieonline.lu\/de\/wp-json\/wp\/v2\/media\/50613"}],"wp:attachment":[{"href":"https:\/\/www.pharmacieonline.lu\/de\/wp-json\/wp\/v2\/media?parent=50609"}],"wp:term":[{"taxonomy":"product_brand","embeddable":true,"href":"https:\/\/www.pharmacieonline.lu\/de\/wp-json\/wp\/v2\/product_brand?post=50609"},{"taxonomy":"product_cat","embeddable":true,"href":"https:\/\/www.pharmacieonline.lu\/de\/wp-json\/wp\/v2\/product_cat?post=50609"},{"taxonomy":"product_tag","embeddable":true,"href":"https:\/\/www.pharmacieonline.lu\/de\/wp-json\/wp\/v2\/product_tag?post=50609"}],"curies":[{"name":"wp","href":"https:\/\/api.w.org\/{rel}","templated":true}]}}