{"id":50631,"date":"2025-05-27T18:03:14","date_gmt":"2025-05-27T16:03:14","guid":{"rendered":"https:\/\/www.pharmacieonline.lu\/?post_type=product&#038;p=50631"},"modified":"2026-04-11T23:55:16","modified_gmt":"2026-04-11T21:55:16","slug":"physiomance-menoliance-sp-180caps","status":"publish","type":"product","link":"https:\/\/www.pharmacieonline.lu\/de\/produit\/physiomance-menoliance-sp-180caps\/","title":{"rendered":"PHYSIOMANCE MENOLIANCE SP 180CAPS"},"content":{"rendered":"<p>Die nat\u00fcrliche Alternative zu den Beschwerden der Wechseljahre<\/p>\n<p>Die synergistische Kombination aus 3 bioaktiven Inhaltsstoffen (Pollen, Ginseng und M\u00e4usedorn) und dem Suvimine 13 Mikron\u00e4hrstoffkomplex lindert Beschwerden, M\u00fcdigkeit und Hitzewallungen in den Wechseljahren.<br \/>\nFormel ohne Phyto\u00f6strogen.<br \/>\nOptimale Bioverf\u00fcgbarkeit: Suvimine 13 Mikron\u00e4hrstoffkomplex.<br \/>\nKapseln 100 % pflanzlich.<br \/>\nAnwendung:<\/p>\n<p>2 Kapseln t\u00e4glich f\u00fcr mindestens 3 Monate. Bei Bedarf wiederholen.<\/p>\n<p>Vorsichtsma\u00dfnahmen:<\/p>\n<p>Nicht w\u00e4hrend der Schwangerschaft anwenden. Bei Einnahme von Diabetesmedikamenten ist eine \u00dcberwachung erforderlich.<\/p>\n<p>Nahrungserg\u00e4nzungsmittel sollten Teil einer gesunden Lebensweise sein und nicht als Ersatz f\u00fcr eine abwechslungsreiche und ausgewogene Ern\u00e4hrung. Die empfohlene Tagesdosis nicht \u00fcberschreiten. Produkt au\u00dferhalb der Reichweite von Kleinkindern aufbewahren. Bei der Kombination mehrerer Nahrungserg\u00e4nzungsmittel wenden Sie sich bitte an Ihren Arzt oder Apotheker.<\/p>\n<p>Zutaten:<\/p>\n<p>Getrockneter Pollenextrakt, pflanzliches \u00dcberzugsmittel: Hydroxypropylmethylcellulose, Ginsengwurzelextrakt, titriert mit Ginsenosiden, Vitamin C (L-Ascorbins\u00e4ure), Zinkbisglycinat, Selenhefe, nat\u00fcrliches Vitamin E (D-Alpha-Tocopherylacetat), trockener M\u00e4usedornwurzelextrakt, titriert mit Ruscogenin, Vitamin B3 (Nicotinamid), Trennmittel: Speisefetts\u00e4uren, Vitamin B5 (Calcium-D-Panthothenat), Vitamin B6 (Pyridoxal-5\u2032-phosphat), nat\u00fcrliches Vitamin D3 (Cholecalciferol), Vitamin B2 (Riboflavin-5\u2032-phosphat, Natrium), Vitamin B1 (Thiaminmononitrat), Vitamin B8 (Biotin), Vitamin B9 (Calcium-L-Methylfolat), Vitamin B12 (Methylcobalamin).<\/p>","protected":false},"excerpt":{"rendered":"<p>Die nat\u00fcrliche Alternative zu den Beschwerden der Wechseljahre Die synergistische Kombination aus 3 bioaktiven Inhaltsstoffen (Pollen, Ginseng und M\u00e4usedorn) und dem Suvimine 13 Mikron\u00e4hrstoffkomplex lindert Beschwerden, M\u00fcdigkeit und Hitzewallungen in den Wechseljahren. Formel ohne Phyto\u00f6strogen. Optimale Bioverf\u00fcgbarkeit: Suvimine 13 Mikron\u00e4hrstoffkomplex. Kapseln 100 % pflanzlich. Anwendung: 2 Kapseln t\u00e4glich f\u00fcr mindestens 3 Monate. Bei Bedarf wiederholen. [&hellip;]<\/p>\n","protected":false},"featured_media":50633,"template":"","meta":{"_acf_changed":false,"footnotes":""},"product_brand":[],"product_cat":[953],"product_tag":[],"class_list":{"0":"post-50631","1":"product","2":"type-product","3":"status-publish","4":"has-post-thumbnail","6":"product_cat-complements-alimentaires","8":"first","9":"instock","10":"taxable","11":"shipping-taxable","12":"purchasable","13":"product-type-simple"},"acf":[],"_links":{"self":[{"href":"https:\/\/www.pharmacieonline.lu\/de\/wp-json\/wp\/v2\/product\/50631","targetHints":{"allow":["GET"]}}],"collection":[{"href":"https:\/\/www.pharmacieonline.lu\/de\/wp-json\/wp\/v2\/product"}],"about":[{"href":"https:\/\/www.pharmacieonline.lu\/de\/wp-json\/wp\/v2\/types\/product"}],"version-history":[{"count":0,"href":"https:\/\/www.pharmacieonline.lu\/de\/wp-json\/wp\/v2\/product\/50631\/revisions"}],"wp:featuredmedia":[{"embeddable":true,"href":"https:\/\/www.pharmacieonline.lu\/de\/wp-json\/wp\/v2\/media\/50633"}],"wp:attachment":[{"href":"https:\/\/www.pharmacieonline.lu\/de\/wp-json\/wp\/v2\/media?parent=50631"}],"wp:term":[{"taxonomy":"product_brand","embeddable":true,"href":"https:\/\/www.pharmacieonline.lu\/de\/wp-json\/wp\/v2\/product_brand?post=50631"},{"taxonomy":"product_cat","embeddable":true,"href":"https:\/\/www.pharmacieonline.lu\/de\/wp-json\/wp\/v2\/product_cat?post=50631"},{"taxonomy":"product_tag","embeddable":true,"href":"https:\/\/www.pharmacieonline.lu\/de\/wp-json\/wp\/v2\/product_tag?post=50631"}],"curies":[{"name":"wp","href":"https:\/\/api.w.org\/{rel}","templated":true}]}}