{"id":51109,"date":"2025-07-07T17:24:52","date_gmt":"2025-07-07T15:24:52","guid":{"rendered":"https:\/\/www.pharmacieonline.lu\/?post_type=product&#038;p=51109"},"modified":"2026-04-04T15:55:09","modified_gmt":"2026-04-04T13:55:09","slug":"euphralia-allergies-fl-10ml-boiron","status":"publish","type":"product","link":"https:\/\/www.pharmacieonline.lu\/de\/produit\/euphralia-allergies-fl-10ml-boiron\/","title":{"rendered":"EUPHRALIA ALLERGIES FL 10ML BOIRON"},"content":{"rendered":"<p>Euphralia Allergies ist ein Medizinprodukt f\u00fcr die Augenheilkunde. Es handelt sich um eine sterile, konservierungsmittelfreie, mittelviskose, physiologische und isoosmotische L\u00f6sung mit Hyalurons\u00e4ure, Rosmarins\u00e4ure und Vitamin B12. Euphralia Allergies wirkt vor allem feuchtigkeitsspendend und befeuchtend.<\/p>\n<p>Indikation<\/p>\n<p>Behandlung der saisonalen allergischen Konjunktivitis, auch in Verbindung mit dem Trockenen Auge.<\/p>\n<p>Anwendung<\/p>\n<p>Euphralia Allergies kann mit Tageslinsen verwendet werden. Beim Herausnehmen kann ein leichter Farbunterschied auftreten, der jedoch die optischen Eigenschaften nicht beeintr\u00e4chtigt.<\/p>\n<p>Waschen und trocknen Sie Ihre H\u00e4nde gr\u00fcndlich, bevor Sie das Produkt verwenden.<br \/>\nDr\u00fccken Sie die Flasche und geben Sie 2 Tropfen in jedes Auge, sofern nicht anders verordnet.<br \/>\nWarten Sie nach jedem Tropfen einige Sekunden, ohne die Flasche zu dr\u00fccken. Dadurch kann ausreichend Luft in das System zur\u00fcckstr\u00f6men; andernfalls wird die Tropfenabgabe erschwert.<br \/>\nWenn die Produktmenge in der Flasche abnimmt, kann es erforderlich sein, mehr Druck auszu\u00fcben, um die Tropfen in das Auge freizugeben. Dies liegt an den Eigenschaften des Verschlusssystems, das auf Sterilit\u00e4t ausgelegt ist, sowie an den chemischen und physikalischen Eigenschaften konservierungsmittelfreier L\u00f6sungen.<br \/>\nVerschlie\u00dfen Sie die Flasche nach Gebrauch sofort wieder mit dem Verschluss. Setzen Sie den Schutzverschluss nicht wieder auf, wenn die Flasche noch zusammengedr\u00fcckt ist. Ber\u00fchren Sie die Flaschenspitze nicht, auch nicht mit Augen oder Fingern. Das Produkt ist nach dem \u00d6ffnen bis zu 3 Monate haltbar.<br \/>\nZusammensetzung<\/p>\n<p>Natriumhyaluronat 0,12 %, Rosmarins\u00e4ure (Coleus forskohlii-Extrakt) 0,020 %, Allantoin, Hydroxypropylmethylcellulose, Glycerin, Vitamin B12 0,010 %, Natriumdihydrogenphosphat-Monohydrat, Dinatriumphosphat-Dodecahydrat, Natriumchlorid, Wasser f\u00fcr Injektionszwecke.<\/p>","protected":false},"excerpt":{"rendered":"<p>Euphralia Allergies ist ein Medizinprodukt f\u00fcr die Augenheilkunde. Es handelt sich um eine sterile, konservierungsmittelfreie, mittelviskose, physiologische und isoosmotische L\u00f6sung mit Hyalurons\u00e4ure, Rosmarins\u00e4ure und Vitamin B12. Euphralia Allergies wirkt vor allem feuchtigkeitsspendend und befeuchtend. Indikation Behandlung der saisonalen allergischen Konjunktivitis, auch in Verbindung mit dem Trockenen Auge. Anwendung Euphralia Allergies kann mit Tageslinsen verwendet werden. [&hellip;]<\/p>\n","protected":false},"featured_media":51112,"template":"","meta":{"_acf_changed":false,"footnotes":""},"product_brand":[],"product_cat":[99,91],"product_tag":[],"class_list":{"0":"post-51109","1":"product","2":"type-product","3":"status-publish","4":"has-post-thumbnail","6":"product_cat-gouttes-oculaires","7":"product_cat-allergies","9":"first","10":"instock","11":"taxable","12":"shipping-taxable","13":"purchasable","14":"product-type-simple"},"acf":[],"_links":{"self":[{"href":"https:\/\/www.pharmacieonline.lu\/de\/wp-json\/wp\/v2\/product\/51109","targetHints":{"allow":["GET"]}}],"collection":[{"href":"https:\/\/www.pharmacieonline.lu\/de\/wp-json\/wp\/v2\/product"}],"about":[{"href":"https:\/\/www.pharmacieonline.lu\/de\/wp-json\/wp\/v2\/types\/product"}],"version-history":[{"count":1,"href":"https:\/\/www.pharmacieonline.lu\/de\/wp-json\/wp\/v2\/product\/51109\/revisions"}],"predecessor-version":[{"id":54393,"href":"https:\/\/www.pharmacieonline.lu\/de\/wp-json\/wp\/v2\/product\/51109\/revisions\/54393"}],"wp:featuredmedia":[{"embeddable":true,"href":"https:\/\/www.pharmacieonline.lu\/de\/wp-json\/wp\/v2\/media\/51112"}],"wp:attachment":[{"href":"https:\/\/www.pharmacieonline.lu\/de\/wp-json\/wp\/v2\/media?parent=51109"}],"wp:term":[{"taxonomy":"product_brand","embeddable":true,"href":"https:\/\/www.pharmacieonline.lu\/de\/wp-json\/wp\/v2\/product_brand?post=51109"},{"taxonomy":"product_cat","embeddable":true,"href":"https:\/\/www.pharmacieonline.lu\/de\/wp-json\/wp\/v2\/product_cat?post=51109"},{"taxonomy":"product_tag","embeddable":true,"href":"https:\/\/www.pharmacieonline.lu\/de\/wp-json\/wp\/v2\/product_tag?post=51109"}],"curies":[{"name":"wp","href":"https:\/\/api.w.org\/{rel}","templated":true}]}}