{"id":51114,"date":"2025-07-07T17:28:38","date_gmt":"2025-07-07T15:28:38","guid":{"rendered":"https:\/\/www.pharmacieonline.lu\/?post_type=product&#038;p=51114"},"modified":"2026-04-04T16:25:31","modified_gmt":"2026-04-04T14:25:31","slug":"euphralia-yeux-rouges-fl-10ml-boiron","status":"publish","type":"product","link":"https:\/\/www.pharmacieonline.lu\/de\/produit\/euphralia-yeux-rouges-fl-10ml-boiron\/","title":{"rendered":"EUPHRALIA YEUX ROUGES FL 10ML BOIRON"},"content":{"rendered":"<p>Euphralia Red Eyes ist eine sterile, feuchtigkeitsspendende und befeuchtende Augenl\u00f6sung mit physiologischem pH-Wert. Der Basisbestandteil ist Natriumhyaluronat. Das Produkt ist in einer Mehrdosenflasche erh\u00e4ltlich.<\/p>\n<p>Anwendung<\/p>\n<p>Linderung von roten und trockenen Augen sowie Beschwerden der Augen oder der Augenschleimhaut.<\/p>\n<p>Anwendung<br \/>\nWaschen und trocknen Sie Ihre H\u00e4nde vor der Anwendung gr\u00fcndlich.<br \/>\nDr\u00fccken Sie die Flasche und geben Sie 2 bis 3 Tropfen Euphralia Red Eyes in das Auge.<br \/>\nWarten Sie nach jedem Tropfen einige Sekunden, ohne die Flasche zu dr\u00fccken. So kann ausreichend Luft in das System zur\u00fcckflie\u00dfen; andernfalls wird die Dosierung erschwert.<br \/>\nDa sich weniger Produkt in der Flasche befindet, kann ein h\u00f6herer Druck erforderlich sein, um die Tropfen in das Auge zu bekommen. Dies liegt an den Eigenschaften des Verschlusssystems, das auf Sterilit\u00e4t ausgelegt ist, sowie an den chemischen und physikalischen Eigenschaften konservierungsmittelfreier L\u00f6sungen. Ber\u00fchren Sie die Flaschenspitze nicht, auch nicht mit Augen oder Fingern.<br \/>\nDas Produkt ist nach dem \u00d6ffnen bis zu 3 Monate haltbar.<br \/>\nEuphralia Red Eyes kann je nach Bedarf oder nach \u00e4rztlicher Empfehlung mehrmals t\u00e4glich angewendet werden.<br \/>\nEuphralia Red Eyes kann auch mit Kontaktlinsen verwendet werden.<br \/>\nInhaltsstoffe<\/p>\n<p>0,1 % Natriumhyaluronat, destilliertes Kornblumenwasser, destilliertes Kamillenwasser, Natriumphosphat-Heptahydrat, Natriumphosphat-Dihydrat, Natriumchlorid, Wasser f\u00fcr Injektionszwecke. Enth\u00e4lt keine Konservierungsstoffe.<\/p>","protected":false},"excerpt":{"rendered":"<p>Euphralia Red Eyes ist eine sterile, feuchtigkeitsspendende und befeuchtende Augenl\u00f6sung mit physiologischem pH-Wert. Der Basisbestandteil ist Natriumhyaluronat. Das Produkt ist in einer Mehrdosenflasche erh\u00e4ltlich. Anwendung Linderung von roten und trockenen Augen sowie Beschwerden der Augen oder der Augenschleimhaut. Anwendung Waschen und trocknen Sie Ihre H\u00e4nde vor der Anwendung gr\u00fcndlich. Dr\u00fccken Sie die Flasche und geben [&hellip;]<\/p>\n","protected":false},"featured_media":51117,"template":"","meta":{"_acf_changed":false,"footnotes":""},"product_brand":[],"product_cat":[99,91],"product_tag":[],"class_list":{"0":"post-51114","1":"product","2":"type-product","3":"status-publish","4":"has-post-thumbnail","6":"product_cat-gouttes-oculaires","7":"product_cat-allergies","9":"first","10":"instock","11":"taxable","12":"shipping-taxable","13":"purchasable","14":"product-type-simple"},"acf":[],"_links":{"self":[{"href":"https:\/\/www.pharmacieonline.lu\/de\/wp-json\/wp\/v2\/product\/51114","targetHints":{"allow":["GET"]}}],"collection":[{"href":"https:\/\/www.pharmacieonline.lu\/de\/wp-json\/wp\/v2\/product"}],"about":[{"href":"https:\/\/www.pharmacieonline.lu\/de\/wp-json\/wp\/v2\/types\/product"}],"version-history":[{"count":1,"href":"https:\/\/www.pharmacieonline.lu\/de\/wp-json\/wp\/v2\/product\/51114\/revisions"}],"predecessor-version":[{"id":54394,"href":"https:\/\/www.pharmacieonline.lu\/de\/wp-json\/wp\/v2\/product\/51114\/revisions\/54394"}],"wp:featuredmedia":[{"embeddable":true,"href":"https:\/\/www.pharmacieonline.lu\/de\/wp-json\/wp\/v2\/media\/51117"}],"wp:attachment":[{"href":"https:\/\/www.pharmacieonline.lu\/de\/wp-json\/wp\/v2\/media?parent=51114"}],"wp:term":[{"taxonomy":"product_brand","embeddable":true,"href":"https:\/\/www.pharmacieonline.lu\/de\/wp-json\/wp\/v2\/product_brand?post=51114"},{"taxonomy":"product_cat","embeddable":true,"href":"https:\/\/www.pharmacieonline.lu\/de\/wp-json\/wp\/v2\/product_cat?post=51114"},{"taxonomy":"product_tag","embeddable":true,"href":"https:\/\/www.pharmacieonline.lu\/de\/wp-json\/wp\/v2\/product_tag?post=51114"}],"curies":[{"name":"wp","href":"https:\/\/api.w.org\/{rel}","templated":true}]}}