{"id":5154,"date":"2020-12-11T16:12:58","date_gmt":"2020-12-11T15:12:58","guid":{"rendered":"https:\/\/www.pharmacieonline.lu\/?post_type=product&#038;p=5154"},"modified":"2026-04-29T04:25:23","modified_gmt":"2026-04-29T02:25:23","slug":"frontline-spray-100-ml-vet","status":"publish","type":"product","link":"https:\/\/www.pharmacieonline.lu\/de\/produit\/frontline-spray-100-ml-vet\/","title":{"rendered":"FRONTLINE SPRAY 100 ML VET"},"content":{"rendered":"<p>Aktiv gegen Fl\u00f6he und Zecken.<br \/>\nFlohnotfall: Fl\u00f6he loswerden, sobald Sie den Befall bemerken.<br \/>\nPipettenerg\u00e4nzung: Beseitigen Sie den Gro\u00dfteil der Parasiten, bevor Sie eine vorbeugende Anti-Floh-Behandlung anwenden.<br \/>\nBehandeln Sie alle Tiere im Haus, um eine optimale Effizienz zu erzielen.<br \/>\nZ\u00e4hlen Sie 6 Sprays \/ kg, bei langen Haaren bis zu 12 \/ kg.<br \/>\nHunde und Katzen &#8211; 5kg<br \/>\nFlohbek\u00e4mpfung f\u00fcr K\u00e4tzchen und Welpen unter 2 kg (1 Spray pro 166 g)<\/p>\n<p>Gr\u00f6\u00dfe: 100ml<\/p>\n<p>Nicht f\u00fcr Kaninchen geeignet.<\/p>\n<p>Hergestellt in Frankreich<\/p>","protected":false},"excerpt":{"rendered":"<p class=\"qtranxs-available-languages-message qtranxs-available-languages-message-de\">\n<div class=\"product-title-wrapper\">\n<p>FRONTLINE SPRAY<\/p>\n<\/div>\n<p>La solution anti-puces et anti-tiques en cas d&#8217;urgence !<\/p>\n<div class=\"expandableTitle product-description\">\n<p>FRONTLINE Spray est une solution anti-puces et anti-tiques pour chiens, chats, chiots et chatons. Le spray vous permet de d\u00e9barrasser votre animal des puces et des tiques rapidement en couvrant l&#8217;ensemble du corps de l&#8217;animal d\u00e8s l&#8217;application.<\/p>\n<\/div>\n","protected":false},"featured_media":5638,"template":"","meta":{"_acf_changed":false,"footnotes":""},"product_brand":[],"product_cat":[151,150,153,157,46],"product_tag":[],"class_list":{"0":"post-5154","1":"product","2":"type-product","3":"status-publish","4":"has-post-thumbnail","6":"product_cat-chiens","7":"product_cat-chats","8":"product_cat-puces-et-tiques","9":"product_cat-puces-et-tiques-chiens","10":"product_cat-veterinaire","12":"first","13":"instock","14":"taxable","15":"shipping-taxable","16":"purchasable","17":"product-type-simple"},"acf":[],"_links":{"self":[{"href":"https:\/\/www.pharmacieonline.lu\/de\/wp-json\/wp\/v2\/product\/5154","targetHints":{"allow":["GET"]}}],"collection":[{"href":"https:\/\/www.pharmacieonline.lu\/de\/wp-json\/wp\/v2\/product"}],"about":[{"href":"https:\/\/www.pharmacieonline.lu\/de\/wp-json\/wp\/v2\/types\/product"}],"version-history":[{"count":0,"href":"https:\/\/www.pharmacieonline.lu\/de\/wp-json\/wp\/v2\/product\/5154\/revisions"}],"wp:featuredmedia":[{"embeddable":true,"href":"https:\/\/www.pharmacieonline.lu\/de\/wp-json\/wp\/v2\/media\/5638"}],"wp:attachment":[{"href":"https:\/\/www.pharmacieonline.lu\/de\/wp-json\/wp\/v2\/media?parent=5154"}],"wp:term":[{"taxonomy":"product_brand","embeddable":true,"href":"https:\/\/www.pharmacieonline.lu\/de\/wp-json\/wp\/v2\/product_brand?post=5154"},{"taxonomy":"product_cat","embeddable":true,"href":"https:\/\/www.pharmacieonline.lu\/de\/wp-json\/wp\/v2\/product_cat?post=5154"},{"taxonomy":"product_tag","embeddable":true,"href":"https:\/\/www.pharmacieonline.lu\/de\/wp-json\/wp\/v2\/product_tag?post=5154"}],"curies":[{"name":"wp","href":"https:\/\/api.w.org\/{rel}","templated":true}]}}