{"id":51615,"date":"2025-08-11T15:08:37","date_gmt":"2025-08-11T13:08:37","guid":{"rendered":"https:\/\/www.pharmacieonline.lu\/?post_type=product&#038;p=51615"},"modified":"2026-04-10T04:25:20","modified_gmt":"2026-04-10T02:25:20","slug":"nuxe-creme-fraiche-brume-hydra-24h-50ml","status":"publish","type":"product","link":"https:\/\/www.pharmacieonline.lu\/de\/produit\/nuxe-creme-fraiche-brume-hydra-24h-50ml\/","title":{"rendered":"NUXE CREME FRAICHE BRUME HYDRA 24H 50ML"},"content":{"rendered":"<p>Diese vegane Creme spendet 24 Stunden lang Feuchtigkeit \u2013 mit nur einer Anwendung. Angereichert mit s\u00fc\u00dfer Mandel-Pflanzenmilch umh\u00fcllt dieses luftige Spray mit k\u00f6stlichem Orangenbl\u00fctenduft das Gesicht mit erfrischendem Wohlgef\u00fchl.<\/p>\n<p>ANWENDUNG<\/p>\n<p>Verwenden Sie diese Pflege f\u00fcr 24 Stunden Feuchtigkeit. Vor Gebrauch sch\u00fctteln, um die Wirkstoffe gleichm\u00e4\u00dfig zu verteilen. Schlie\u00dfen Sie die Augen und spr\u00fchen Sie den Nebel aus 20 cm Entfernung auf Ihr Gesicht. Klopfen Sie die Creme mit den Fingerspitzen ein, damit sie besser einzieht. Sie k\u00f6nnen die Creme jederzeit f\u00fcr eine schnelle Feuchtigkeitsversorgung verwenden.<\/p>\n<p>INHALTSSTOFFE: Aqua\/Wasser, C12-15-Alkylbenzoat, Glycerin, Coco-Caprylat\/Caprat, Parfum\/Duftstoff, Hydroxyacetophenon, 1,2-Hexandiol, Caprylylglykol, Tocopherol, Zitronens\u00e4ure, Prunus Amygdalus Dulcis (S\u00fc\u00dfmandel\u00f6l), Natriumhydroxid, hydriertes Lecithin, Phenoxyethanol, Natriumcarrageen, Meersalz, Linalool, Geraniol, Limonen [N3606\/A].<\/p>","protected":false},"excerpt":{"rendered":"<p>Diese vegane Creme spendet 24 Stunden lang Feuchtigkeit \u2013 mit nur einer Anwendung. Angereichert mit s\u00fc\u00dfer Mandel-Pflanzenmilch umh\u00fcllt dieses luftige Spray mit k\u00f6stlichem Orangenbl\u00fctenduft das Gesicht mit erfrischendem Wohlgef\u00fchl. ANWENDUNG Verwenden Sie diese Pflege f\u00fcr 24 Stunden Feuchtigkeit. Vor Gebrauch sch\u00fctteln, um die Wirkstoffe gleichm\u00e4\u00dfig zu verteilen. Schlie\u00dfen Sie die Augen und spr\u00fchen Sie den [&hellip;]<\/p>\n","protected":false},"featured_media":51616,"template":"","meta":{"_acf_changed":false,"footnotes":""},"product_brand":[],"product_cat":[47,42,54],"product_tag":[],"class_list":{"0":"post-51615","1":"product","2":"type-product","3":"status-publish","4":"has-post-thumbnail","6":"product_cat-dermocosmetique","7":"product_cat-para-pharmacie","8":"product_cat-soins-du-visage","10":"first","11":"instock","12":"taxable","13":"shipping-taxable","14":"purchasable","15":"product-type-simple"},"acf":[],"_links":{"self":[{"href":"https:\/\/www.pharmacieonline.lu\/de\/wp-json\/wp\/v2\/product\/51615","targetHints":{"allow":["GET"]}}],"collection":[{"href":"https:\/\/www.pharmacieonline.lu\/de\/wp-json\/wp\/v2\/product"}],"about":[{"href":"https:\/\/www.pharmacieonline.lu\/de\/wp-json\/wp\/v2\/types\/product"}],"version-history":[{"count":0,"href":"https:\/\/www.pharmacieonline.lu\/de\/wp-json\/wp\/v2\/product\/51615\/revisions"}],"wp:featuredmedia":[{"embeddable":true,"href":"https:\/\/www.pharmacieonline.lu\/de\/wp-json\/wp\/v2\/media\/51616"}],"wp:attachment":[{"href":"https:\/\/www.pharmacieonline.lu\/de\/wp-json\/wp\/v2\/media?parent=51615"}],"wp:term":[{"taxonomy":"product_brand","embeddable":true,"href":"https:\/\/www.pharmacieonline.lu\/de\/wp-json\/wp\/v2\/product_brand?post=51615"},{"taxonomy":"product_cat","embeddable":true,"href":"https:\/\/www.pharmacieonline.lu\/de\/wp-json\/wp\/v2\/product_cat?post=51615"},{"taxonomy":"product_tag","embeddable":true,"href":"https:\/\/www.pharmacieonline.lu\/de\/wp-json\/wp\/v2\/product_tag?post=51615"}],"curies":[{"name":"wp","href":"https:\/\/api.w.org\/{rel}","templated":true}]}}