{"id":51618,"date":"2025-08-11T15:20:29","date_gmt":"2025-08-11T13:20:29","guid":{"rendered":"https:\/\/www.pharmacieonline.lu\/?post_type=product&#038;p=51618"},"modified":"2026-04-12T18:25:56","modified_gmt":"2026-04-12T16:25:56","slug":"nuxe-huile-prodigieuse-or-florale-fl-50","status":"publish","type":"product","link":"https:\/\/www.pharmacieonline.lu\/de\/produit\/nuxe-huile-prodigieuse-or-florale-fl-50\/","title":{"rendered":"NUXE HUILE PRODIGIEUSE OR FLORALE FL 50"},"content":{"rendered":"<p>Entdecken Sie den legend\u00e4ren Cocktail aus sieben kostbaren, 100 % pflanzlichen \u00d6len neu \u2013 im Huile Prodigieuse\u00ae Florale in der Gold-Version.<\/p>\n<p>Dieses trockene \u00d6l mit nat\u00fcrlichem Perlmutt-Schimmer verleiht allen Hauttypen einen unwiderstehlich schimmernden Ros\u00e9gold-Glanz. Es spendet Feuchtigkeit, gl\u00e4ttet und bringt Gesicht, K\u00f6rper und Haar in nur einem Schritt zum Strahlen. Ihre Haut wird gepflegt, weich und seidig, ohne zu fetten.<\/p>\n<p>Verwenden Sie Huile Prodigieuse\u00ae Gold Florale das ganze Jahr \u00fcber, Winter wie Sommer, f\u00fcr Gesicht, K\u00f6rper und Haar. Vor Gebrauch sch\u00fctteln.<\/p>\n<p>\u2013 Tragen Sie es im Gesicht in kleinen Mengen mit einem flachen Pinsel oder mit den Fingerspitzen auf und konzentrieren Sie sich dabei auf die Highlights: Wangenknochen, Nasenr\u00fccken, Stirn \u00fcber den Augenbrauen.<\/p>\n<p>\u2013 Geben Sie am K\u00f6rper einige Tropfen in Ihre Handfl\u00e4che und erw\u00e4rmen Sie das \u00d6l zwischen Ihren H\u00e4nden. W\u00e4hlen Sie die Bereiche aus, die Sie betonen m\u00f6chten, und verteilen Sie sie mit streichenden Bewegungen.<\/p>\n<p>&#8211; Tragen Sie einige Farbtupfer auf die L\u00e4ngen und Spitzen Ihres Haares auf, um es mit goldenen Highlights zu versch\u00f6nern.<\/p>\n<p>INHALTSSTOFFE: COCO-CAPRYLAT\/CAPRAT, MACADAMIA INTEGRIFOLIA-SAMEN\u00d6L, CAPRYLIC\/CAPRIC TRIGLYCERID, DICAPRYLYL ETHER, PRUNUS AMYGDALUS DULCIS (S\u00dcSSMANDEL) \u00d6L, CORYLUS AVELLANA (HASELNUSS) SAMEN\u00d6L, PARFUM\/DUFTSTOFF, GLIMMER, CAMELLIA OLEIFERA SAMEN\u00d6L, CI 77891\/TITANDIOXID, CAMELLIA JAPONICA SAMEN\u00d6L, ARGANIA SPINOSA KERN\u00d6L, BORAGO OFFICINALIS SAMEN\u00d6L, TOCOPHEROL, RIZINUS\u00d6L\/IPDI-COPOLYMER, CI 77491\/EISENOXIDE, HELIANTHUS ANNUUS (SONNENBLUMEN) SAMEN\u00d6L, TOCOPHERYLACETAT, ROSMARINUS OFFICINALIS (ROSMARIN) BLATTEXTRAKT, POLYGLYCERYL-3-DIISOSTEARAT, AQUA\/WASSER, ASCORBINS\u00c4URE, LIMONEN, LINALOOL, CITRAL, CITRONELLOL, GERANIOL [N2223\/A]<\/p>","protected":false},"excerpt":{"rendered":"<p>Entdecken Sie den legend\u00e4ren Cocktail aus sieben kostbaren, 100 % pflanzlichen \u00d6len neu \u2013 im Huile Prodigieuse\u00ae Florale in der Gold-Version. Dieses trockene \u00d6l mit nat\u00fcrlichem Perlmutt-Schimmer verleiht allen Hauttypen einen unwiderstehlich schimmernden Ros\u00e9gold-Glanz. Es spendet Feuchtigkeit, gl\u00e4ttet und bringt Gesicht, K\u00f6rper und Haar in nur einem Schritt zum Strahlen. Ihre Haut wird gepflegt, weich [&hellip;]<\/p>\n","protected":false},"featured_media":51619,"template":"","meta":{"_acf_changed":false,"footnotes":""},"product_brand":[],"product_cat":[47,42,56],"product_tag":[],"class_list":{"0":"post-51618","1":"product","2":"type-product","3":"status-publish","4":"has-post-thumbnail","6":"product_cat-dermocosmetique","7":"product_cat-para-pharmacie","8":"product_cat-soins-du-corps","10":"first","11":"instock","12":"taxable","13":"shipping-taxable","14":"purchasable","15":"product-type-simple"},"acf":[],"_links":{"self":[{"href":"https:\/\/www.pharmacieonline.lu\/de\/wp-json\/wp\/v2\/product\/51618","targetHints":{"allow":["GET"]}}],"collection":[{"href":"https:\/\/www.pharmacieonline.lu\/de\/wp-json\/wp\/v2\/product"}],"about":[{"href":"https:\/\/www.pharmacieonline.lu\/de\/wp-json\/wp\/v2\/types\/product"}],"version-history":[{"count":0,"href":"https:\/\/www.pharmacieonline.lu\/de\/wp-json\/wp\/v2\/product\/51618\/revisions"}],"wp:featuredmedia":[{"embeddable":true,"href":"https:\/\/www.pharmacieonline.lu\/de\/wp-json\/wp\/v2\/media\/51619"}],"wp:attachment":[{"href":"https:\/\/www.pharmacieonline.lu\/de\/wp-json\/wp\/v2\/media?parent=51618"}],"wp:term":[{"taxonomy":"product_brand","embeddable":true,"href":"https:\/\/www.pharmacieonline.lu\/de\/wp-json\/wp\/v2\/product_brand?post=51618"},{"taxonomy":"product_cat","embeddable":true,"href":"https:\/\/www.pharmacieonline.lu\/de\/wp-json\/wp\/v2\/product_cat?post=51618"},{"taxonomy":"product_tag","embeddable":true,"href":"https:\/\/www.pharmacieonline.lu\/de\/wp-json\/wp\/v2\/product_tag?post=51618"}],"curies":[{"name":"wp","href":"https:\/\/api.w.org\/{rel}","templated":true}]}}