{"id":51638,"date":"2025-08-12T15:28:36","date_gmt":"2025-08-12T13:28:36","guid":{"rendered":"https:\/\/www.pharmacieonline.lu\/?post_type=product&#038;p=51638"},"modified":"2026-04-17T01:55:06","modified_gmt":"2026-04-16T23:55:06","slug":"filorga-optim-eyes-masque-tissu-yeux-a1","status":"publish","type":"product","link":"https:\/\/www.pharmacieonline.lu\/de\/produit\/filorga-optim-eyes-masque-tissu-yeux-a1\/","title":{"rendered":"FILORGA OPTIM-EYES MASQUE TISSU YEUX A1"},"content":{"rendered":"<p>OPTIM-EYES MASKE, die dreifach wirksame Anti-M\u00fcdigkeits-L\u00f6sung f\u00fcr sofortige Revitalisierung m\u00fcder Augen.<\/p>\n<p>Hauttyp: Alle Hauttypen<\/p>\n<p>Textur: Innovative Faser<\/p>\n<p>Inhalt: 6 ml<\/p>\n<p>Format: Einwegmaske<\/p>\n<p>ANWENDUNG<\/p>\n<p>Die OPTIM-EYES Tuchmaske um die gereinigte Augenpartie auftragen, 15 Minuten einwirken lassen, anschlie\u00dfend abnehmen und die restliche Essenz einmassieren.<\/p>\n<p>Kein Absp\u00fclen erforderlich.<\/p>\n<p>ZUSAMMENSETZUNG<\/p>\n<p>AQUA (WASSER), GLYCERIN, PENTYLENGLYKOL, POLYSORBAT 20, ZITRONENS\u00c4URE, CURCUMA LONGA (KURKUMA) WURZELEXTRAKT, PROPANDIOL, XANTHANGUMMI, NATRIUMHYALURONAT, TETRANATRIUMGLUTAMATDIACETAT, PARFUM (DUFTSTOFF), NATRIUMHYDROXID, TETRAMETHYLACETYLOCTAHYDRONAPHTHALINE, NATRIUMCITRAT, LINALOOL, L\u00d6SLICHES KOLLAGEN, LINALYLACETAT, NATRIUMBENZOAT, PHYTINS\u00c4URE, SOPHORA JAPONICA BL\u00dcTENEXTRAKT<\/p>","protected":false},"excerpt":{"rendered":"<p>OPTIM-EYES MASKE, die dreifach wirksame Anti-M\u00fcdigkeits-L\u00f6sung f\u00fcr sofortige Revitalisierung m\u00fcder Augen. Hauttyp: Alle Hauttypen Textur: Innovative Faser Inhalt: 6 ml Format: Einwegmaske ANWENDUNG Die OPTIM-EYES Tuchmaske um die gereinigte Augenpartie auftragen, 15 Minuten einwirken lassen, anschlie\u00dfend abnehmen und die restliche Essenz einmassieren. Kein Absp\u00fclen erforderlich. ZUSAMMENSETZUNG AQUA (WASSER), GLYCERIN, PENTYLENGLYKOL, POLYSORBAT 20, ZITRONENS\u00c4URE, CURCUMA LONGA [&hellip;]<\/p>\n","protected":false},"featured_media":51639,"template":"","meta":{"_acf_changed":false,"footnotes":""},"product_brand":[],"product_cat":[47,42,54],"product_tag":[],"class_list":{"0":"post-51638","1":"product","2":"type-product","3":"status-publish","4":"has-post-thumbnail","6":"product_cat-dermocosmetique","7":"product_cat-para-pharmacie","8":"product_cat-soins-du-visage","10":"first","11":"instock","12":"taxable","13":"shipping-taxable","14":"purchasable","15":"product-type-simple"},"acf":[],"_links":{"self":[{"href":"https:\/\/www.pharmacieonline.lu\/de\/wp-json\/wp\/v2\/product\/51638","targetHints":{"allow":["GET"]}}],"collection":[{"href":"https:\/\/www.pharmacieonline.lu\/de\/wp-json\/wp\/v2\/product"}],"about":[{"href":"https:\/\/www.pharmacieonline.lu\/de\/wp-json\/wp\/v2\/types\/product"}],"version-history":[{"count":0,"href":"https:\/\/www.pharmacieonline.lu\/de\/wp-json\/wp\/v2\/product\/51638\/revisions"}],"wp:featuredmedia":[{"embeddable":true,"href":"https:\/\/www.pharmacieonline.lu\/de\/wp-json\/wp\/v2\/media\/51639"}],"wp:attachment":[{"href":"https:\/\/www.pharmacieonline.lu\/de\/wp-json\/wp\/v2\/media?parent=51638"}],"wp:term":[{"taxonomy":"product_brand","embeddable":true,"href":"https:\/\/www.pharmacieonline.lu\/de\/wp-json\/wp\/v2\/product_brand?post=51638"},{"taxonomy":"product_cat","embeddable":true,"href":"https:\/\/www.pharmacieonline.lu\/de\/wp-json\/wp\/v2\/product_cat?post=51638"},{"taxonomy":"product_tag","embeddable":true,"href":"https:\/\/www.pharmacieonline.lu\/de\/wp-json\/wp\/v2\/product_tag?post=51638"}],"curies":[{"name":"wp","href":"https:\/\/api.w.org\/{rel}","templated":true}]}}