{"id":51969,"date":"2025-09-04T16:12:56","date_gmt":"2025-09-04T14:12:56","guid":{"rendered":"https:\/\/www.pharmacieonline.lu\/?post_type=product&#038;p=51969"},"modified":"2026-04-12T06:55:12","modified_gmt":"2026-04-12T04:55:12","slug":"oenobiol-sun-expert-ps-230caps","status":"publish","type":"product","link":"https:\/\/www.pharmacieonline.lu\/de\/produit\/oenobiol-sun-expert-ps-230caps\/","title":{"rendered":"OENOBIOL SUN EXPERT PS 2*30CAPS"},"content":{"rendered":"<p>Bereitet empfindliche Haut mit bew\u00e4hrter Anti-Aging-Wirkung auf Sonnenb\u00e4der vor.<\/p>\n<p>Bereitet die Haut auf Sonnenb\u00e4der vor.<br \/>\nSorgt f\u00fcr eine strahlende Br\u00e4une.<br \/>\nStellt die Festigkeit und Geschmeidigkeit der Haut wieder her.<br \/>\nSorgt f\u00fcr einen verbesserten antioxidativen Zellschutz.<br \/>\nAnwendung:<\/p>\n<p>1 Kapsel t\u00e4glich zu einer Mahlzeit, einen Monat vor Sonnenb\u00e4dern. Nehmen Sie weiterhin t\u00e4glich 1 Kapsel w\u00e4hrend und nach Sonnenb\u00e4dern ein.<\/p>\n<p>Sch\u00fctzt nicht vor Sonnenbrand. Ein auf den Hauttyp abgestimmter Sonnenschutz ist unerl\u00e4sslich.<\/p>\n<p>Zutaten: Raps\u00f6l, Ascorbins\u00e4ure (Vitamin C); Tomatenextrakt (Solanum lycopersicum); pflanzliche Kapsel (Hydroxypropylst\u00e4rke, Carrageen); Feuchthaltemittel: Glycerin; Traubentresterextrakt (Vitis vinifera L.); Emulgator: Mono- und Diglyceride von Speisefetts\u00e4uren, Zinksulfat; D-Alpha-Tocopherol (Vitamin E); Lutein; Farbstoff: Riboflavin; Kupferbisglycinat; wasserfreies Natriumselenit; Zeaxanthin.<\/p>","protected":false},"excerpt":{"rendered":"<p>Bereitet empfindliche Haut mit bew\u00e4hrter Anti-Aging-Wirkung auf Sonnenb\u00e4der vor. Bereitet die Haut auf Sonnenb\u00e4der vor. Sorgt f\u00fcr eine strahlende Br\u00e4une. Stellt die Festigkeit und Geschmeidigkeit der Haut wieder her. Sorgt f\u00fcr einen verbesserten antioxidativen Zellschutz. Anwendung: 1 Kapsel t\u00e4glich zu einer Mahlzeit, einen Monat vor Sonnenb\u00e4dern. Nehmen Sie weiterhin t\u00e4glich 1 Kapsel w\u00e4hrend und nach [&hellip;]<\/p>\n","protected":false},"featured_media":51970,"template":"","meta":{"_acf_changed":false,"footnotes":""},"product_brand":[],"product_cat":[52],"product_tag":[],"class_list":{"0":"post-51969","1":"product","2":"type-product","3":"status-publish","4":"has-post-thumbnail","6":"product_cat-produits-solaires","8":"first","9":"instock","10":"taxable","11":"shipping-taxable","12":"purchasable","13":"product-type-simple"},"acf":[],"_links":{"self":[{"href":"https:\/\/www.pharmacieonline.lu\/de\/wp-json\/wp\/v2\/product\/51969","targetHints":{"allow":["GET"]}}],"collection":[{"href":"https:\/\/www.pharmacieonline.lu\/de\/wp-json\/wp\/v2\/product"}],"about":[{"href":"https:\/\/www.pharmacieonline.lu\/de\/wp-json\/wp\/v2\/types\/product"}],"version-history":[{"count":0,"href":"https:\/\/www.pharmacieonline.lu\/de\/wp-json\/wp\/v2\/product\/51969\/revisions"}],"wp:featuredmedia":[{"embeddable":true,"href":"https:\/\/www.pharmacieonline.lu\/de\/wp-json\/wp\/v2\/media\/51970"}],"wp:attachment":[{"href":"https:\/\/www.pharmacieonline.lu\/de\/wp-json\/wp\/v2\/media?parent=51969"}],"wp:term":[{"taxonomy":"product_brand","embeddable":true,"href":"https:\/\/www.pharmacieonline.lu\/de\/wp-json\/wp\/v2\/product_brand?post=51969"},{"taxonomy":"product_cat","embeddable":true,"href":"https:\/\/www.pharmacieonline.lu\/de\/wp-json\/wp\/v2\/product_cat?post=51969"},{"taxonomy":"product_tag","embeddable":true,"href":"https:\/\/www.pharmacieonline.lu\/de\/wp-json\/wp\/v2\/product_tag?post=51969"}],"curies":[{"name":"wp","href":"https:\/\/api.w.org\/{rel}","templated":true}]}}