{"id":51975,"date":"2025-09-04T16:21:40","date_gmt":"2025-09-04T14:21:40","guid":{"rendered":"https:\/\/www.pharmacieonline.lu\/?post_type=product&#038;p=51975"},"modified":"2026-04-12T06:55:11","modified_gmt":"2026-04-12T04:55:11","slug":"oenobiol-perfect-bronze-30caps","status":"publish","type":"product","link":"https:\/\/www.pharmacieonline.lu\/de\/produit\/oenobiol-perfect-bronze-30caps\/","title":{"rendered":"OENOBIOL PERFECT BRONZE 30CAPS"},"content":{"rendered":"<p>Perfect Bronze, eine Formel mit konzentrierten Pflanzen und essentiellen Mikron\u00e4hrstoffen. 100 % der Pigmente sind pflanzlichen Ursprungs. F\u00fcr Vegetarier geeignet.<\/p>\n<p>Empfohlene Tagesdosis:<\/p>\n<p>1 Kapsel t\u00e4glich f\u00fcr 2 bis 3 Monate.<\/p>\n<p>Aufbewahrungs- und Anwendungshinweise:<br \/>\nK\u00fchl und trocken lagern. Unter 25 \u00b0C, vor Licht und Feuchtigkeit gesch\u00fctzt lagern.<br \/>\nAu\u00dferhalb der Reichweite von Kleinkindern aufbewahren.<br \/>\nDie empfohlene Dosis nicht \u00fcberschreiten.<br \/>\nNur f\u00fcr Erwachsene.<br \/>\nNicht geeignet f\u00fcr schwangere oder stillende Frauen, S\u00e4uglinge, Kinder und Jugendliche unter 18 Jahren.<br \/>\nFragen Sie Ihren Arzt, wenn Sie an einer Leber- oder Gallenblasenerkrankung leiden oder andere Medikamente einnehmen.<br \/>\nFragen Sie Ihren Arzt oder Apotheker, wenn Sie Antikoagulanzien einnehmen.<br \/>\n\u00dcberm\u00e4\u00dfiger Verzehr kann abf\u00fchrend wirken.<br \/>\nSch\u00fctzt nicht vor der Sonne. Ein auf Ihren Hauttyp abgestimmter Sonnenschutz ist unerl\u00e4sslich.<br \/>\nZutaten:<\/p>\n<p>Pflanzen\u00f6l (Sonnenblumen\u00f6l \u2013 Helianthus annuus L.), Tomatenextrakt (Lycopersicon esculentum Mill.), Feuchthaltemittel (Glycerin), Geliermittel (Hydroxypropylst\u00e4rke), Emulgator (Mono- und Diglyceride von Speisefetts\u00e4uren), astaxanthinreiches Oleoresin aus der Alge Haematococcus pluvialis, Geliermittel (Carrageen), Kurkumaextrakt (Curcuma longa L.), Ringelblumenextrakt (Tagetes erecta L.), Wasser, Farbstoff (Riboflavine), Kupferbisglycinat.<\/p>","protected":false},"excerpt":{"rendered":"<p>Perfect Bronze, eine Formel mit konzentrierten Pflanzen und essentiellen Mikron\u00e4hrstoffen. 100 % der Pigmente sind pflanzlichen Ursprungs. F\u00fcr Vegetarier geeignet. Empfohlene Tagesdosis: 1 Kapsel t\u00e4glich f\u00fcr 2 bis 3 Monate. Aufbewahrungs- und Anwendungshinweise: K\u00fchl und trocken lagern. Unter 25 \u00b0C, vor Licht und Feuchtigkeit gesch\u00fctzt lagern. Au\u00dferhalb der Reichweite von Kleinkindern aufbewahren. Die empfohlene Dosis [&hellip;]<\/p>\n","protected":false},"featured_media":51976,"template":"","meta":{"_acf_changed":false,"footnotes":""},"product_brand":[],"product_cat":[52],"product_tag":[],"class_list":{"0":"post-51975","1":"product","2":"type-product","3":"status-publish","4":"has-post-thumbnail","6":"product_cat-produits-solaires","8":"first","9":"instock","10":"sale","11":"taxable","12":"shipping-taxable","13":"purchasable","14":"product-type-simple"},"acf":[],"_links":{"self":[{"href":"https:\/\/www.pharmacieonline.lu\/de\/wp-json\/wp\/v2\/product\/51975","targetHints":{"allow":["GET"]}}],"collection":[{"href":"https:\/\/www.pharmacieonline.lu\/de\/wp-json\/wp\/v2\/product"}],"about":[{"href":"https:\/\/www.pharmacieonline.lu\/de\/wp-json\/wp\/v2\/types\/product"}],"version-history":[{"count":0,"href":"https:\/\/www.pharmacieonline.lu\/de\/wp-json\/wp\/v2\/product\/51975\/revisions"}],"wp:featuredmedia":[{"embeddable":true,"href":"https:\/\/www.pharmacieonline.lu\/de\/wp-json\/wp\/v2\/media\/51976"}],"wp:attachment":[{"href":"https:\/\/www.pharmacieonline.lu\/de\/wp-json\/wp\/v2\/media?parent=51975"}],"wp:term":[{"taxonomy":"product_brand","embeddable":true,"href":"https:\/\/www.pharmacieonline.lu\/de\/wp-json\/wp\/v2\/product_brand?post=51975"},{"taxonomy":"product_cat","embeddable":true,"href":"https:\/\/www.pharmacieonline.lu\/de\/wp-json\/wp\/v2\/product_cat?post=51975"},{"taxonomy":"product_tag","embeddable":true,"href":"https:\/\/www.pharmacieonline.lu\/de\/wp-json\/wp\/v2\/product_tag?post=51975"}],"curies":[{"name":"wp","href":"https:\/\/api.w.org\/{rel}","templated":true}]}}