{"id":51978,"date":"2025-09-04T16:40:19","date_gmt":"2025-09-04T14:40:19","guid":{"rendered":"https:\/\/www.pharmacieonline.lu\/?post_type=product&#038;p=51978"},"modified":"2026-04-15T05:55:06","modified_gmt":"2026-04-15T03:55:06","slug":"furterer-5-sens-baume-demel-subl-150ml","status":"publish","type":"product","link":"https:\/\/www.pharmacieonline.lu\/de\/produit\/furterer-5-sens-baume-demel-subl-150ml\/","title":{"rendered":"FURTERER 5 SENS BAUME DEMEL SUBL 150ML"},"content":{"rendered":"<p>Eine sanfte, entwirrende Sp\u00fclung f\u00fcr Glanz und Sch\u00f6nheit. Formel mit 5 wertvollen nat\u00fcrlichen Pflanzen\u00f6len f\u00fcr weiches, mit Feuchtigkeit versorgtes und seidiges Haar.<\/p>\n<p>ANWENDUNG<\/p>\n<p>Anwendung<br \/>\nH\u00e4ufige Anwendung<\/p>\n<p>Nach der Haarw\u00e4sche eine kleine Menge auf das handtuchtrockene Haar auftragen. 1 bis 2 Minuten einwirken lassen. Entwirren und anschlie\u00dfend gr\u00fcndlich aussp\u00fclen.<\/p>\n<p>ZUSAMMENSETZUNG<\/p>\n<p>WASSER (AQUA). CETEARYLALKOHOL. DICAPRYLYLCARBONAT. BEHENAMIDOPROPYLDIMETHYLAMINE. CETYLALKOHOL. GLYCERIN. DUFTSTOFF (PARFUM). CARTHAMUS TINCTORIUS (SAFFLOR) SAMEN\u00d6L (CARTHAMUS TINCTORIUS SEED OIL). CETEARYLGLUCOSID. PERSEA GRATISSIMA (AVOCADO) \u00d6L (PERSEA GRATISSIMA OIL). PRUNUS AMYGDALUS DULCIS (S\u00dcSSMANDEL) \u00d6L (PRUNUS AMYGDALUS DULCIS \u00d6L). RICINUS COMMUNIS (RIZINUS) SAMEN\u00d6L (RICINUS COMMUNIS SAMEN\u00d6L). SIMMONDSIA CHINENSIS (JOJOBA) SAMEN\u00d6L (SIMMONDSIA CHINENSIS SAMEN\u00d6L). TOCOPHERYLACETAT. KARAMELL. GUARHYDROXYPROPYLTRIMONIUMCHLORID. MILCHS\u00c4URE. PHENOXYETHANOL. SALICYLS\u00c4URE. SORBINS\u00c4URE. TOCOPHEROL. GELB 5 (CI 19140). GELB 6 (CI 15985)<\/p>","protected":false},"excerpt":{"rendered":"<p>Eine sanfte, entwirrende Sp\u00fclung f\u00fcr Glanz und Sch\u00f6nheit. Formel mit 5 wertvollen nat\u00fcrlichen Pflanzen\u00f6len f\u00fcr weiches, mit Feuchtigkeit versorgtes und seidiges Haar. ANWENDUNG Anwendung H\u00e4ufige Anwendung Nach der Haarw\u00e4sche eine kleine Menge auf das handtuchtrockene Haar auftragen. 1 bis 2 Minuten einwirken lassen. Entwirren und anschlie\u00dfend gr\u00fcndlich aussp\u00fclen. ZUSAMMENSETZUNG WASSER (AQUA). CETEARYLALKOHOL. DICAPRYLYLCARBONAT. BEHENAMIDOPROPYLDIMETHYLAMINE. CETYLALKOHOL. [&hellip;]<\/p>\n","protected":false},"featured_media":51984,"template":"","meta":{"_acf_changed":false,"footnotes":""},"product_brand":[],"product_cat":[42,74,53],"product_tag":[],"class_list":{"0":"post-51978","1":"product","2":"type-product","3":"status-publish","4":"has-post-thumbnail","6":"product_cat-para-pharmacie","7":"product_cat-apres-shampoing-et-soins","8":"product_cat-cheveux","10":"first","11":"instock","12":"taxable","13":"shipping-taxable","14":"purchasable","15":"product-type-simple"},"acf":[],"_links":{"self":[{"href":"https:\/\/www.pharmacieonline.lu\/de\/wp-json\/wp\/v2\/product\/51978","targetHints":{"allow":["GET"]}}],"collection":[{"href":"https:\/\/www.pharmacieonline.lu\/de\/wp-json\/wp\/v2\/product"}],"about":[{"href":"https:\/\/www.pharmacieonline.lu\/de\/wp-json\/wp\/v2\/types\/product"}],"version-history":[{"count":0,"href":"https:\/\/www.pharmacieonline.lu\/de\/wp-json\/wp\/v2\/product\/51978\/revisions"}],"wp:featuredmedia":[{"embeddable":true,"href":"https:\/\/www.pharmacieonline.lu\/de\/wp-json\/wp\/v2\/media\/51984"}],"wp:attachment":[{"href":"https:\/\/www.pharmacieonline.lu\/de\/wp-json\/wp\/v2\/media?parent=51978"}],"wp:term":[{"taxonomy":"product_brand","embeddable":true,"href":"https:\/\/www.pharmacieonline.lu\/de\/wp-json\/wp\/v2\/product_brand?post=51978"},{"taxonomy":"product_cat","embeddable":true,"href":"https:\/\/www.pharmacieonline.lu\/de\/wp-json\/wp\/v2\/product_cat?post=51978"},{"taxonomy":"product_tag","embeddable":true,"href":"https:\/\/www.pharmacieonline.lu\/de\/wp-json\/wp\/v2\/product_tag?post=51978"}],"curies":[{"name":"wp","href":"https:\/\/api.w.org\/{rel}","templated":true}]}}