{"id":51980,"date":"2025-09-04T16:49:32","date_gmt":"2025-09-04T14:49:32","guid":{"rendered":"https:\/\/www.pharmacieonline.lu\/?post_type=product&#038;p=51980"},"modified":"2026-04-04T17:55:09","modified_gmt":"2026-04-04T15:55:09","slug":"51980","status":"publish","type":"product","link":"https:\/\/www.pharmacieonline.lu\/de\/produit\/51980\/","title":{"rendered":"FURTERER NATURIA SHAMPOOING 500ML"},"content":{"rendered":"<p>Naturia Sanftes Mizellenshampoo reinigt sanft \u2013 duftet zart \u2013 reinigt sanft \u2013 verleiht Glanz. Diese professionelle, bio-zertifizierte t\u00e4gliche Reinigungskur reinigt sanft das Haar der ganzen Familie ab 3 Jahren.<\/p>\n<p>ANWENDUNG<\/p>\n<p>Beliebig oft anwenden. Auf das feuchte Haar auftragen und sanft einmassieren, bis es aufsch\u00e4umt. Gr\u00fcndlich aussp\u00fclen.<\/p>\n<p>ZUSAMMENSETZUNG<\/p>\n<p>\u00c4therisches K\u00fcmmel\u00f6l. \u00c4therisches Basilikum\u00f6l. \u00c4therisches Pfefferminz\u00f6l. Vitamin B5\/B6. Besonders schonende Reinigungsgrundlage.<\/p>\n<p>INCI-Formel: Wasser (Aqua), Natriumlaurethsulfat, Cocamidopropylbetain, Natriumcocoamphocetat, Carum Carvi (K\u00fcmmel)-Samen\u00f6l (Carum Carvi-\u00d6l), Zitronens\u00e4ure, Duftstoff (Parfum), Gr\u00fcn 3 (CI 42053), Hexylcinnamal, Imidazolidinylharnstoff, Linalool, Mentha Piperita (Pfefferminz)-\u00d6l (Mentha Piperita-\u00d6l), Methylisothiazolinon, Ocimum Basilicum (Basilikum)-\u00d6l (Ocimum Basilicum-\u00d6l), Pnthenol Polyquaternium-10, Propylenglykol, Pyridoxin HCL Gelb 5 (CI 19140).<\/p>","protected":false},"excerpt":{"rendered":"<p>Naturia Sanftes Mizellenshampoo reinigt sanft \u2013 duftet zart \u2013 reinigt sanft \u2013 verleiht Glanz. Diese professionelle, bio-zertifizierte t\u00e4gliche Reinigungskur reinigt sanft das Haar der ganzen Familie ab 3 Jahren. ANWENDUNG Beliebig oft anwenden. Auf das feuchte Haar auftragen und sanft einmassieren, bis es aufsch\u00e4umt. Gr\u00fcndlich aussp\u00fclen. ZUSAMMENSETZUNG \u00c4therisches K\u00fcmmel\u00f6l. \u00c4therisches Basilikum\u00f6l. \u00c4therisches Pfefferminz\u00f6l. Vitamin B5\/B6. [&hellip;]<\/p>\n","protected":false},"featured_media":51981,"template":"","meta":{"_acf_changed":false,"footnotes":""},"product_brand":[],"product_cat":[42,756,53],"product_tag":[],"class_list":{"0":"post-51980","1":"product","2":"type-product","3":"status-publish","4":"has-post-thumbnail","6":"product_cat-para-pharmacie","7":"product_cat-shampoing-cheveux","8":"product_cat-cheveux","10":"first","11":"instock","12":"taxable","13":"shipping-taxable","14":"purchasable","15":"product-type-simple"},"acf":[],"_links":{"self":[{"href":"https:\/\/www.pharmacieonline.lu\/de\/wp-json\/wp\/v2\/product\/51980","targetHints":{"allow":["GET"]}}],"collection":[{"href":"https:\/\/www.pharmacieonline.lu\/de\/wp-json\/wp\/v2\/product"}],"about":[{"href":"https:\/\/www.pharmacieonline.lu\/de\/wp-json\/wp\/v2\/types\/product"}],"version-history":[{"count":0,"href":"https:\/\/www.pharmacieonline.lu\/de\/wp-json\/wp\/v2\/product\/51980\/revisions"}],"wp:featuredmedia":[{"embeddable":true,"href":"https:\/\/www.pharmacieonline.lu\/de\/wp-json\/wp\/v2\/media\/51981"}],"wp:attachment":[{"href":"https:\/\/www.pharmacieonline.lu\/de\/wp-json\/wp\/v2\/media?parent=51980"}],"wp:term":[{"taxonomy":"product_brand","embeddable":true,"href":"https:\/\/www.pharmacieonline.lu\/de\/wp-json\/wp\/v2\/product_brand?post=51980"},{"taxonomy":"product_cat","embeddable":true,"href":"https:\/\/www.pharmacieonline.lu\/de\/wp-json\/wp\/v2\/product_cat?post=51980"},{"taxonomy":"product_tag","embeddable":true,"href":"https:\/\/www.pharmacieonline.lu\/de\/wp-json\/wp\/v2\/product_tag?post=51980"}],"curies":[{"name":"wp","href":"https:\/\/api.w.org\/{rel}","templated":true}]}}