{"id":51988,"date":"2025-09-04T18:25:52","date_gmt":"2025-09-04T16:25:52","guid":{"rendered":"https:\/\/www.pharmacieonline.lu\/?post_type=product&#038;p=51988"},"modified":"2026-04-04T19:55:08","modified_gmt":"2026-04-04T17:55:08","slug":"furterer-triphasic-shamp-stim-250ml","status":"publish","type":"product","link":"https:\/\/www.pharmacieonline.lu\/de\/produit\/furterer-triphasic-shamp-stim-250ml\/","title":{"rendered":"FURTERER TRIPHASIC SHAMP STIM 250ML"},"content":{"rendered":"<p>Das Pflegeshampoo reduziert Haarausfall in nur 4 Wochen*, ohne die Kopfhaut zu sch\u00e4digen, und macht das Haar kr\u00e4ftiger, weicher und gl\u00e4nzender.<\/p>\n<p>Haartyp: Pl\u00f6tzlicher Haarausfall \u2013 Allm\u00e4hlicher Haarausfall \u2013 Feines Haar \u2013 Glattes Haar \u2013 Mangelndes Volumen \u2013 Sulfatfreie Pflege \u2013 Silikonfreie Pflege \u2013 Alle Kopfhauttypen<br \/>\nAnwendung<br \/>\nH\u00e4ufige Anwendung<br \/>\nSchritt 1<\/p>\n<p>Auf die feuchte Kopfhaut auftragen. Aufsch\u00e4umen und mit kreisenden Bewegungen vom Nacken bis zum Scheitel einmassieren.<\/p>\n<p>Schritt 2<\/p>\n<p>1 bis 3 Minuten einwirken lassen. Gr\u00fcndlich aussp\u00fclen.<\/p>\n<p>ZUSAMMENSETZUNG<\/p>\n<p>WASSER (AQUA)*. LAURYLGLUCOSID*. NATRIUMCOCOYLALANINAT*. COCO-BETAIN. GLYCERIN*. AGAR*. ALKOHOL*. ALGIN*. BENZOES\u00c4URE. CALCIUMGLUCONAT. CELLULOSE*. CELLULOSEGUMMI*. CITRAL*. ZITRONENS\u00c4URE*. CITRUS AURANTIUM DULCIS (ORANGEN\u00d6L) (CITRUS AURANTIUM DULCIS \u00d6L)*. DINATRIUMADENOSINTRIPHOSPHAT. DUFTSTOFF (PARF\u00dcM). GLUCONOLACTON*. HEXYLCINNAMAL. HYDROXYPROPYLGUARHYDROXYPROPYLTRIMONIUMCHLORID. LAVANDULA ANGUSTIFOLIA (LAVENDEL)\u00d6L (LAVANDULA ANGUSTIFOLIA \u00d6L)*. LAVANDULA HYBRIDA \u00d6L*. LINALOOL*. MALTODEXTRIN*. METHYLGLUCOSEDIOLEAT. GLIMMER. PANAX GINSENGWURZELEXTRAKT*. PANTHENOL. PANTOLACTON. PFAFFIA PANICULATA WURZELEXTRAKT*. PROPANEDIOL. ROSMARINUS OFFICINALIS (ROSMARIN) BLATT\u00d6L (ROSMARINUS OFFICINALIS BLATT\u00d6L)*. NATRIUMBENZOAT. TITANDIOXID (CI 77891). TOCOPHEROL. TOCOPHERYLACETAT<\/p>","protected":false},"excerpt":{"rendered":"<p>Das Pflegeshampoo reduziert Haarausfall in nur 4 Wochen*, ohne die Kopfhaut zu sch\u00e4digen, und macht das Haar kr\u00e4ftiger, weicher und gl\u00e4nzender. Haartyp: Pl\u00f6tzlicher Haarausfall \u2013 Allm\u00e4hlicher Haarausfall \u2013 Feines Haar \u2013 Glattes Haar \u2013 Mangelndes Volumen \u2013 Sulfatfreie Pflege \u2013 Silikonfreie Pflege \u2013 Alle Kopfhauttypen Anwendung H\u00e4ufige Anwendung Schritt 1 Auf die feuchte Kopfhaut auftragen. [&hellip;]<\/p>\n","protected":false},"featured_media":51989,"template":"","meta":{"_acf_changed":false,"footnotes":""},"product_brand":[],"product_cat":[42,756,53],"product_tag":[],"class_list":{"0":"post-51988","1":"product","2":"type-product","3":"status-publish","4":"has-post-thumbnail","6":"product_cat-para-pharmacie","7":"product_cat-shampoing-cheveux","8":"product_cat-cheveux","10":"first","11":"instock","12":"taxable","13":"shipping-taxable","14":"purchasable","15":"product-type-simple"},"acf":[],"_links":{"self":[{"href":"https:\/\/www.pharmacieonline.lu\/de\/wp-json\/wp\/v2\/product\/51988","targetHints":{"allow":["GET"]}}],"collection":[{"href":"https:\/\/www.pharmacieonline.lu\/de\/wp-json\/wp\/v2\/product"}],"about":[{"href":"https:\/\/www.pharmacieonline.lu\/de\/wp-json\/wp\/v2\/types\/product"}],"version-history":[{"count":0,"href":"https:\/\/www.pharmacieonline.lu\/de\/wp-json\/wp\/v2\/product\/51988\/revisions"}],"wp:featuredmedia":[{"embeddable":true,"href":"https:\/\/www.pharmacieonline.lu\/de\/wp-json\/wp\/v2\/media\/51989"}],"wp:attachment":[{"href":"https:\/\/www.pharmacieonline.lu\/de\/wp-json\/wp\/v2\/media?parent=51988"}],"wp:term":[{"taxonomy":"product_brand","embeddable":true,"href":"https:\/\/www.pharmacieonline.lu\/de\/wp-json\/wp\/v2\/product_brand?post=51988"},{"taxonomy":"product_cat","embeddable":true,"href":"https:\/\/www.pharmacieonline.lu\/de\/wp-json\/wp\/v2\/product_cat?post=51988"},{"taxonomy":"product_tag","embeddable":true,"href":"https:\/\/www.pharmacieonline.lu\/de\/wp-json\/wp\/v2\/product_tag?post=51988"}],"curies":[{"name":"wp","href":"https:\/\/api.w.org\/{rel}","templated":true}]}}