{"id":52003,"date":"2025-09-05T17:14:47","date_gmt":"2025-09-05T15:14:47","guid":{"rendered":"https:\/\/www.pharmacieonline.lu\/?post_type=product&#038;p=52003"},"modified":"2026-04-08T15:55:11","modified_gmt":"2026-04-08T13:55:11","slug":"nuxe-merveillance-lift-ser-ill-rega-12ml","status":"publish","type":"product","link":"https:\/\/www.pharmacieonline.lu\/de\/produit\/nuxe-merveillance-lift-ser-ill-rega-12ml\/","title":{"rendered":"NUXE MERVEILLANCE LIFT SER ILL REGA 12ML"},"content":{"rendered":"<p>Der Augen-Highlighter, der Ihnen morgens den Tag vers\u00fc\u00dft!<\/p>\n<p>Anwendung<\/p>\n<p>Morgens und\/oder abends mit dem professionellen, hochpr\u00e4zisen Schaumapplikator auf die Augenkontur auftragen.<\/p>\n<p>Verblenden Sie das Produkt durch sanftes Klopfen mit den Fingern von der Mitte nach au\u00dfen.<\/p>\n<p>Nach Bedarf im Laufe des Tages erneut auftragen. Vor Gebrauch sch\u00fctteln.<\/p>\n<p>ZUSAMMENSETZUNG<\/p>\n<p>AQUA\/WASSER, TRIHEPTANOIN, CI 77891\/TITANDIOXID, C15-19 ALKANE, POLYGLYCERYL-3-POLYRICINOLEAT, CAPRYLIC\/CAPRIC TRIGLYCERID, SQUALAN, UNDECAN, MICA, GLYCERIN, NIACINAMID, PENTYLENGLYKOL, POLYGLYCERYL-3-DIISOSTEARAT, PROPANDIOL, TRIDECAN, OCTYLDODECANOL, NATRIUMCHLORID, SHOREA ROBUSTA-HARZ, STEARALKONIUMHECTORIT, KOFFEIN, LAUROYLLYSIN, TRIBEHENIN, CI 77491\/EISENOXIDE, NATRIUMDEHYDROACETAT, TOCOPHEROL, GLYCERYLCAPRYLAT, CI 77492\/EISENOXIDE, HYALURONS\u00c4URE, PROPYLENCARBONAT, O-CYMEN-5-OL, ZINNOXID, HELIANTHUS ANNUUS (SONNENBLUMEN)-SAMEN\u00d6L, ZITRONENS\u00c4URE, CI 77499\/EISENOXIDE, CHLORELLA VULGARIS-EXTRAKT, ROSMARINUS OFFICINALIS (ROSMARIN)-BLATTEXTRAKT [N4707\/A]<\/p>","protected":false},"excerpt":{"rendered":"<p>Der Augen-Highlighter, der Ihnen morgens den Tag vers\u00fc\u00dft! Anwendung Morgens und\/oder abends mit dem professionellen, hochpr\u00e4zisen Schaumapplikator auf die Augenkontur auftragen. Verblenden Sie das Produkt durch sanftes Klopfen mit den Fingern von der Mitte nach au\u00dfen. Nach Bedarf im Laufe des Tages erneut auftragen. Vor Gebrauch sch\u00fctteln. ZUSAMMENSETZUNG AQUA\/WASSER, TRIHEPTANOIN, CI 77891\/TITANDIOXID, C15-19 ALKANE, POLYGLYCERYL-3-POLYRICINOLEAT, [&hellip;]<\/p>\n","protected":false},"featured_media":52004,"template":"","meta":{"_acf_changed":false,"footnotes":""},"product_brand":[],"product_cat":[47,42,54],"product_tag":[],"class_list":{"0":"post-52003","1":"product","2":"type-product","3":"status-publish","4":"has-post-thumbnail","6":"product_cat-dermocosmetique","7":"product_cat-para-pharmacie","8":"product_cat-soins-du-visage","10":"first","11":"instock","12":"taxable","13":"shipping-taxable","14":"purchasable","15":"product-type-simple"},"acf":[],"_links":{"self":[{"href":"https:\/\/www.pharmacieonline.lu\/de\/wp-json\/wp\/v2\/product\/52003","targetHints":{"allow":["GET"]}}],"collection":[{"href":"https:\/\/www.pharmacieonline.lu\/de\/wp-json\/wp\/v2\/product"}],"about":[{"href":"https:\/\/www.pharmacieonline.lu\/de\/wp-json\/wp\/v2\/types\/product"}],"version-history":[{"count":0,"href":"https:\/\/www.pharmacieonline.lu\/de\/wp-json\/wp\/v2\/product\/52003\/revisions"}],"wp:featuredmedia":[{"embeddable":true,"href":"https:\/\/www.pharmacieonline.lu\/de\/wp-json\/wp\/v2\/media\/52004"}],"wp:attachment":[{"href":"https:\/\/www.pharmacieonline.lu\/de\/wp-json\/wp\/v2\/media?parent=52003"}],"wp:term":[{"taxonomy":"product_brand","embeddable":true,"href":"https:\/\/www.pharmacieonline.lu\/de\/wp-json\/wp\/v2\/product_brand?post=52003"},{"taxonomy":"product_cat","embeddable":true,"href":"https:\/\/www.pharmacieonline.lu\/de\/wp-json\/wp\/v2\/product_cat?post=52003"},{"taxonomy":"product_tag","embeddable":true,"href":"https:\/\/www.pharmacieonline.lu\/de\/wp-json\/wp\/v2\/product_tag?post=52003"}],"curies":[{"name":"wp","href":"https:\/\/api.w.org\/{rel}","templated":true}]}}