{"id":52043,"date":"2025-09-09T16:16:03","date_gmt":"2025-09-09T14:16:03","guid":{"rendered":"https:\/\/www.pharmacieonline.lu\/?post_type=product&#038;p=52043"},"modified":"2026-04-06T09:55:06","modified_gmt":"2026-04-06T07:55:06","slug":"furterer-triphasic-activ-grow-masq-200ml","status":"publish","type":"product","link":"https:\/\/www.pharmacieonline.lu\/de\/produit\/furterer-triphasic-activ-grow-masq-200ml\/","title":{"rendered":"FURTERER TRIPHASIC ACTIV GROW MASQ 200ML"},"content":{"rendered":"<p>Entwirrt das Haar, ohne es zu beschweren \u2013 Verleiht Kraft und Widerstandskraft \u2013 Beschleunigt das Haarwachstum<\/p>\n<p>INDIKATION<\/p>\n<p>Repariert \u2013 Sanfter Effekt \u2013 Ultraweich \u2013 Haarwachstum<\/p>\n<p>ANWENDUNG<\/p>\n<p>2- bis 3-mal pro Woche.<\/p>\n<p>Eine kleine Menge des Produkts auf die Fingerspitzen geben, in die gesamte Kopfhaut einmassieren und anschlie\u00dfend in den L\u00e4ngen und Haarl\u00e4ngen verteilen. 3 Minuten einwirken lassen und gr\u00fcndlich aussp\u00fclen.<\/p>\n<p>ZUSAMMENSETZUNG<\/p>\n<p>WASSER (AQUA)*. GLYCERIN*. HYDROXYPROPYLST\u00c4RKEPHOSPHAT. BEHENAMIDOPROPYLDIMETHYLAMIN*. RICINUS COMMUNIS (RIZINUS) SAMEN\u00d6L (RICINUS COMMUNIS SAMEN\u00d6L)**. 1,2-HEXANDIOL. BENZOES\u00c4URE. KARAMELL*. CETEARYLOLIVAT*. CITRAL*. CITRUS AURANTIUM DULCIS (ORANGEN) SCHALEN\u00d6L (CITRUS AURANTIUM SCHALEN\u00d6L)**. DUFTSTOFF (PARF\u00dcM)*. GREEN 3 (CI 42053). HEXYL CINNAMAL*. MILCHS\u00c4URE*. LIMONEN*. LINALOOL*. LINALYLACETAT*. PANTHENOL. PANTOLACTON. PROPANDIOL*. PROPOLISEXTRAKT**. NATRIUMCITRAT*. SORBITANOLIVAT*. TETRAMETHYLACETYLOCTAHYDRONAPHTHALENE*<\/p>","protected":false},"excerpt":{"rendered":"<p>Entwirrt das Haar, ohne es zu beschweren \u2013 Verleiht Kraft und Widerstandskraft \u2013 Beschleunigt das Haarwachstum INDIKATION Repariert \u2013 Sanfter Effekt \u2013 Ultraweich \u2013 Haarwachstum ANWENDUNG 2- bis 3-mal pro Woche. Eine kleine Menge des Produkts auf die Fingerspitzen geben, in die gesamte Kopfhaut einmassieren und anschlie\u00dfend in den L\u00e4ngen und Haarl\u00e4ngen verteilen. 3 Minuten [&hellip;]<\/p>\n","protected":false},"featured_media":52245,"template":"","meta":{"_acf_changed":false,"footnotes":""},"product_brand":[],"product_cat":[42,74,53],"product_tag":[],"class_list":{"0":"post-52043","1":"product","2":"type-product","3":"status-publish","4":"has-post-thumbnail","6":"product_cat-para-pharmacie","7":"product_cat-apres-shampoing-et-soins","8":"product_cat-cheveux","10":"first","11":"instock","12":"taxable","13":"shipping-taxable","14":"purchasable","15":"product-type-simple"},"acf":[],"_links":{"self":[{"href":"https:\/\/www.pharmacieonline.lu\/de\/wp-json\/wp\/v2\/product\/52043","targetHints":{"allow":["GET"]}}],"collection":[{"href":"https:\/\/www.pharmacieonline.lu\/de\/wp-json\/wp\/v2\/product"}],"about":[{"href":"https:\/\/www.pharmacieonline.lu\/de\/wp-json\/wp\/v2\/types\/product"}],"version-history":[{"count":0,"href":"https:\/\/www.pharmacieonline.lu\/de\/wp-json\/wp\/v2\/product\/52043\/revisions"}],"wp:featuredmedia":[{"embeddable":true,"href":"https:\/\/www.pharmacieonline.lu\/de\/wp-json\/wp\/v2\/media\/52245"}],"wp:attachment":[{"href":"https:\/\/www.pharmacieonline.lu\/de\/wp-json\/wp\/v2\/media?parent=52043"}],"wp:term":[{"taxonomy":"product_brand","embeddable":true,"href":"https:\/\/www.pharmacieonline.lu\/de\/wp-json\/wp\/v2\/product_brand?post=52043"},{"taxonomy":"product_cat","embeddable":true,"href":"https:\/\/www.pharmacieonline.lu\/de\/wp-json\/wp\/v2\/product_cat?post=52043"},{"taxonomy":"product_tag","embeddable":true,"href":"https:\/\/www.pharmacieonline.lu\/de\/wp-json\/wp\/v2\/product_tag?post=52043"}],"curies":[{"name":"wp","href":"https:\/\/api.w.org\/{rel}","templated":true}]}}