{"id":52049,"date":"2025-09-09T16:37:59","date_gmt":"2025-09-09T14:37:59","guid":{"rendered":"https:\/\/www.pharmacieonline.lu\/?post_type=product&#038;p=52049"},"modified":"2026-04-06T11:55:06","modified_gmt":"2026-04-06T09:55:06","slug":"furterer-triphasic-activ-grow-seru-100ml","status":"publish","type":"product","link":"https:\/\/www.pharmacieonline.lu\/de\/produit\/furterer-triphasic-activ-grow-seru-100ml\/","title":{"rendered":"FURTERER TRIPHASIC ACTIV GROW SERU 100ML"},"content":{"rendered":"<p>Ultraleichte Textur mit nicht fettendem Finish und einer D\u00fcsenspitze f\u00fcr einfaches und pr\u00e4zises Auftragen.<\/p>\n<p>INDIKATIONEN<\/p>\n<p>Alle Haartypen \u2013 Haarausfall \u2013 alle Kopfhauttypen.<\/p>\n<p>ANWENDUNG<\/p>\n<p>Einmal t\u00e4glich auf die trockene oder feuchte Kopfhaut auftragen und einmassieren. Nicht aussp\u00fclen.<\/p>\n<p>ZUSAMMENSETZUNG<\/p>\n<p>WASSER (AQUA)*. ALCOHOL DENAT.*. GLYCERIN*. KOFFEIN. BIOTIN. KAMPFER*. CITRAL*. ZITRONENS\u00c4URE*. CITRONELLOL*. DUFTSTOFF (PARFUM)*. GERANIOL*. HEXYLCINNAMAL*. LIMONEN*. LINALOOL*. LINALYLACETAT*. MALTODEXTRIN*. OLETH-10. PANAX-GINSENGWURZELEXTRAKT*. PINEN*. PROPANEDIOL*. PROPOLISEXTRAKT**. ROSMARINUS OFFICINALIS (ROSMARIN) BLATT\u00d6L (ROSMARINUS OFFICINALIS BLATT\u00d6L)*. NATRIUMCITRAT*. NATRIUMHYALURONAT*. TERPINEOL*. TETRAMETHYLACETYLOCTAHYDRONAPHTHALENE*. TOCOPHEROL<\/p>","protected":false},"excerpt":{"rendered":"<p>Ultraleichte Textur mit nicht fettendem Finish und einer D\u00fcsenspitze f\u00fcr einfaches und pr\u00e4zises Auftragen. INDIKATIONEN Alle Haartypen \u2013 Haarausfall \u2013 alle Kopfhauttypen. ANWENDUNG Einmal t\u00e4glich auf die trockene oder feuchte Kopfhaut auftragen und einmassieren. Nicht aussp\u00fclen. ZUSAMMENSETZUNG WASSER (AQUA)*. ALCOHOL DENAT.*. GLYCERIN*. KOFFEIN. BIOTIN. KAMPFER*. CITRAL*. ZITRONENS\u00c4URE*. CITRONELLOL*. DUFTSTOFF (PARFUM)*. GERANIOL*. HEXYLCINNAMAL*. LIMONEN*. LINALOOL*. LINALYLACETAT*. [&hellip;]<\/p>\n","protected":false},"featured_media":52262,"template":"","meta":{"_acf_changed":false,"footnotes":""},"product_brand":[],"product_cat":[42,74,53],"product_tag":[],"class_list":{"0":"post-52049","1":"product","2":"type-product","3":"status-publish","4":"has-post-thumbnail","6":"product_cat-para-pharmacie","7":"product_cat-apres-shampoing-et-soins","8":"product_cat-cheveux","10":"first","11":"outofstock","12":"taxable","13":"shipping-taxable","14":"purchasable","15":"product-type-simple"},"acf":[],"_links":{"self":[{"href":"https:\/\/www.pharmacieonline.lu\/de\/wp-json\/wp\/v2\/product\/52049","targetHints":{"allow":["GET"]}}],"collection":[{"href":"https:\/\/www.pharmacieonline.lu\/de\/wp-json\/wp\/v2\/product"}],"about":[{"href":"https:\/\/www.pharmacieonline.lu\/de\/wp-json\/wp\/v2\/types\/product"}],"version-history":[{"count":0,"href":"https:\/\/www.pharmacieonline.lu\/de\/wp-json\/wp\/v2\/product\/52049\/revisions"}],"wp:featuredmedia":[{"embeddable":true,"href":"https:\/\/www.pharmacieonline.lu\/de\/wp-json\/wp\/v2\/media\/52262"}],"wp:attachment":[{"href":"https:\/\/www.pharmacieonline.lu\/de\/wp-json\/wp\/v2\/media?parent=52049"}],"wp:term":[{"taxonomy":"product_brand","embeddable":true,"href":"https:\/\/www.pharmacieonline.lu\/de\/wp-json\/wp\/v2\/product_brand?post=52049"},{"taxonomy":"product_cat","embeddable":true,"href":"https:\/\/www.pharmacieonline.lu\/de\/wp-json\/wp\/v2\/product_cat?post=52049"},{"taxonomy":"product_tag","embeddable":true,"href":"https:\/\/www.pharmacieonline.lu\/de\/wp-json\/wp\/v2\/product_tag?post=52049"}],"curies":[{"name":"wp","href":"https:\/\/api.w.org\/{rel}","templated":true}]}}