{"id":52052,"date":"2025-09-09T16:45:29","date_gmt":"2025-09-09T14:45:29","guid":{"rendered":"https:\/\/www.pharmacieonline.lu\/?post_type=product&#038;p=52052"},"modified":"2026-04-06T11:55:06","modified_gmt":"2026-04-06T09:55:06","slug":"furterer-sublime-karite-masque-hyd-100ml","status":"publish","type":"product","link":"https:\/\/www.pharmacieonline.lu\/de\/produit\/furterer-sublime-karite-masque-hyd-100ml\/","title":{"rendered":"FURTERER SUBLIME KARITE MASQUE HYD 100ML"},"content":{"rendered":"<p>Sch\u00fctzt und spendet strapaziertem Haar Feuchtigkeit \u2013 Entwirrt sofort \u2013 Fellpflege<\/p>\n<p>INDIKATIONEN<\/p>\n<p>Normales Haar \u2013 Trockenes Haar \u2013 Dehydriertes Haar \u2013 Widerspenstiges Haar \u2013 Silikonfreie Pflege<\/p>\n<p>ANWENDUNG<\/p>\n<p>2- bis 3-mal pro Woche.<\/p>\n<p>Nach der Haarw\u00e4sche ein bis zwei Tropfen Produkt auf das handtuchtrockene Haar auftragen. 2 bis 5 Minuten einwirken lassen.<br \/>\nEntwirren und gr\u00fcndlich aussp\u00fclen.<\/p>\n<p>TIPP F\u00dcR SEHR TROCKENE KOPFHAUT: Auf die feuchte Kopfhaut auftragen, 2 bis 3 Minuten einwirken lassen und gr\u00fcndlich aussp\u00fclen. 1- bis 2-mal pro Monat nach Bedarf anwenden.<\/p>\n<p>ZUSAMMENSETZUNG<\/p>\n<p>WASSER (AQUA)*. CETYLALKOHOL*. ETHYLHEXYLPALMITAT*. BEHENAMIDOPROPYLDIMETHYLAMINE*. DICAPRYLYLCARBONAT*. CETEARYLALKOHOL*. 1,2-HEXANDIOL. BUTYROSPERMUM PARKII (SHEA) BUTTER (BUTYROSPERMUM PARKII BUTTER)**. BENZOES\u00c4URE. CANANGA ODORATA BL\u00dcTEN\u00d6L**. CERAMID NG*. CETEARYLGLUCOSID*. DUFTSTOFF (PARF\u00dcM). GLYCINE SOJA (SOJABOHNEN) \u00d6L (GLYCINE SOJA \u00d6L)*. MILCHS\u00c4URE*. OLEA EUROPAEA (OLIVEN) FRUCHT\u00d6L (OLEA EUROPAEA FRUCHT\u00d6L)*. RICINUS COMMUNIS (RIZINUS) SAMEN\u00d6L (RICINUS COMMUNIS SAMEN\u00d6L)*. SCLEROTIUM GUM. TOCOPHEROL*<\/p>","protected":false},"excerpt":{"rendered":"<p>Sch\u00fctzt und spendet strapaziertem Haar Feuchtigkeit \u2013 Entwirrt sofort \u2013 Fellpflege INDIKATIONEN Normales Haar \u2013 Trockenes Haar \u2013 Dehydriertes Haar \u2013 Widerspenstiges Haar \u2013 Silikonfreie Pflege ANWENDUNG 2- bis 3-mal pro Woche. Nach der Haarw\u00e4sche ein bis zwei Tropfen Produkt auf das handtuchtrockene Haar auftragen. 2 bis 5 Minuten einwirken lassen. Entwirren und gr\u00fcndlich aussp\u00fclen. [&hellip;]<\/p>\n","protected":false},"featured_media":52053,"template":"","meta":{"_acf_changed":false,"footnotes":""},"product_brand":[],"product_cat":[42,74,53],"product_tag":[],"class_list":{"0":"post-52052","1":"product","2":"type-product","3":"status-publish","4":"has-post-thumbnail","6":"product_cat-para-pharmacie","7":"product_cat-apres-shampoing-et-soins","8":"product_cat-cheveux","10":"first","11":"instock","12":"taxable","13":"shipping-taxable","14":"purchasable","15":"product-type-simple"},"acf":[],"_links":{"self":[{"href":"https:\/\/www.pharmacieonline.lu\/de\/wp-json\/wp\/v2\/product\/52052","targetHints":{"allow":["GET"]}}],"collection":[{"href":"https:\/\/www.pharmacieonline.lu\/de\/wp-json\/wp\/v2\/product"}],"about":[{"href":"https:\/\/www.pharmacieonline.lu\/de\/wp-json\/wp\/v2\/types\/product"}],"version-history":[{"count":0,"href":"https:\/\/www.pharmacieonline.lu\/de\/wp-json\/wp\/v2\/product\/52052\/revisions"}],"wp:featuredmedia":[{"embeddable":true,"href":"https:\/\/www.pharmacieonline.lu\/de\/wp-json\/wp\/v2\/media\/52053"}],"wp:attachment":[{"href":"https:\/\/www.pharmacieonline.lu\/de\/wp-json\/wp\/v2\/media?parent=52052"}],"wp:term":[{"taxonomy":"product_brand","embeddable":true,"href":"https:\/\/www.pharmacieonline.lu\/de\/wp-json\/wp\/v2\/product_brand?post=52052"},{"taxonomy":"product_cat","embeddable":true,"href":"https:\/\/www.pharmacieonline.lu\/de\/wp-json\/wp\/v2\/product_cat?post=52052"},{"taxonomy":"product_tag","embeddable":true,"href":"https:\/\/www.pharmacieonline.lu\/de\/wp-json\/wp\/v2\/product_tag?post=52052"}],"curies":[{"name":"wp","href":"https:\/\/api.w.org\/{rel}","templated":true}]}}