{"id":52071,"date":"2025-09-11T14:16:06","date_gmt":"2025-09-11T12:16:06","guid":{"rendered":"https:\/\/www.pharmacieonline.lu\/?post_type=product&#038;p=52071"},"modified":"2026-04-17T01:55:05","modified_gmt":"2026-04-16T23:55:05","slug":"furterer-color-glow-masque-eclat-200ml","status":"publish","type":"product","link":"https:\/\/www.pharmacieonline.lu\/de\/produit\/furterer-color-glow-masque-eclat-200ml\/","title":{"rendered":"FURTERER COLOR GLOW MASQUE ECLAT 200ML"},"content":{"rendered":"<p>Sch\u00fctzt die Farbe \u2013 St\u00e4rkt die Haarfaser \u2013 Entwirrt sofort, ohne das Haar zu beschweren \u2013 Repariert die Haarfaser \u2013 Bewahrt den Glanz<\/p>\n<p>INDIKATION<\/p>\n<p>St\u00e4rkt \u2013 Repariert \u2013 Glanz \u2013 Farbbrillanz<\/p>\n<p>ANWENDUNG<\/p>\n<p>Nach der Haarw\u00e4sche ein bis zwei Tropfen Produkt auf das handtuchtrockene Haar auftragen. 2 bis 5 Minuten einwirken lassen. Entwirren und gr\u00fcndlich aussp\u00fclen.<\/p>\n<p>ZUSAMMENSETZUNG<\/p>\n<p>WASSER (AQUA)*. GLYCERIN*. CAPRYLIC\/CAPRIC TRIGLYCERIDE*. CETYL ALCOHOL*. DICAPRYLYL CARBONATE*. BEHENAMIDOPROPYL DIMETHYLAMINE*. BUTYROSPERMUM PARKII (SHEA) BUTTER (BUTYROSPERMUM PARKII BUTTER)**. CETEARYL ALCOHOL*. 1,2-HEXANEDIOL. ARGININE HCL*. BENZOES\u00c4URE. CETEARYL GLUCOSIDE*. CITRUS LIMON (ZITRONE) SCHALEN\u00d6L (CITRUS LIMON SCHALEN\u00d6L)**. DUFTSTOFF (PARF\u00dcM). GLYCINE SOJA (SOJABOHNEN) \u00d6L (GLYCINE SOJA \u00d6L)*. GLYCINE SOJA (SOJABOHNEN) SAMENKUCHENEXTRAKT (GLYCINE SOJA SAMENKUCHENEXTRAKT)**. HAMAMELIS VIRGINIANA (HAMAMELIS) \u200b\u200bBLATTEXTRAKT (HAMAMELIS VIRGINIANA BLATTEXTRAKT)**. MILCHS\u00c4URE*. LYSIN HCL*. MALPIGHIA GLABRA (ACEROLA) FRUCHTEXTRAKT (MALPIGHIA GLABRA FRUCHTEXTRAKT)*. ROT 33 (CI 17200). SCLEROTIUMGUMMI. TOCOPHEROL*. TRINATRIUM ETHYLENDIAMINDISUCCINAT. ESSIG (ACETUM)*<\/p>","protected":false},"excerpt":{"rendered":"<p>Sch\u00fctzt die Farbe \u2013 St\u00e4rkt die Haarfaser \u2013 Entwirrt sofort, ohne das Haar zu beschweren \u2013 Repariert die Haarfaser \u2013 Bewahrt den Glanz INDIKATION St\u00e4rkt \u2013 Repariert \u2013 Glanz \u2013 Farbbrillanz ANWENDUNG Nach der Haarw\u00e4sche ein bis zwei Tropfen Produkt auf das handtuchtrockene Haar auftragen. 2 bis 5 Minuten einwirken lassen. Entwirren und gr\u00fcndlich aussp\u00fclen. [&hellip;]<\/p>\n","protected":false},"featured_media":52072,"template":"","meta":{"_acf_changed":false,"footnotes":""},"product_brand":[],"product_cat":[42,74,53],"product_tag":[],"class_list":{"0":"post-52071","1":"product","2":"type-product","3":"status-publish","4":"has-post-thumbnail","6":"product_cat-para-pharmacie","7":"product_cat-apres-shampoing-et-soins","8":"product_cat-cheveux","10":"first","11":"instock","12":"taxable","13":"shipping-taxable","14":"purchasable","15":"product-type-simple"},"acf":[],"_links":{"self":[{"href":"https:\/\/www.pharmacieonline.lu\/de\/wp-json\/wp\/v2\/product\/52071","targetHints":{"allow":["GET"]}}],"collection":[{"href":"https:\/\/www.pharmacieonline.lu\/de\/wp-json\/wp\/v2\/product"}],"about":[{"href":"https:\/\/www.pharmacieonline.lu\/de\/wp-json\/wp\/v2\/types\/product"}],"version-history":[{"count":0,"href":"https:\/\/www.pharmacieonline.lu\/de\/wp-json\/wp\/v2\/product\/52071\/revisions"}],"wp:featuredmedia":[{"embeddable":true,"href":"https:\/\/www.pharmacieonline.lu\/de\/wp-json\/wp\/v2\/media\/52072"}],"wp:attachment":[{"href":"https:\/\/www.pharmacieonline.lu\/de\/wp-json\/wp\/v2\/media?parent=52071"}],"wp:term":[{"taxonomy":"product_brand","embeddable":true,"href":"https:\/\/www.pharmacieonline.lu\/de\/wp-json\/wp\/v2\/product_brand?post=52071"},{"taxonomy":"product_cat","embeddable":true,"href":"https:\/\/www.pharmacieonline.lu\/de\/wp-json\/wp\/v2\/product_cat?post=52071"},{"taxonomy":"product_tag","embeddable":true,"href":"https:\/\/www.pharmacieonline.lu\/de\/wp-json\/wp\/v2\/product_tag?post=52071"}],"curies":[{"name":"wp","href":"https:\/\/api.w.org\/{rel}","templated":true}]}}