{"id":52074,"date":"2025-09-11T14:26:45","date_gmt":"2025-09-11T12:26:45","guid":{"rendered":"https:\/\/www.pharmacieonline.lu\/?post_type=product&#038;p=52074"},"modified":"2026-04-06T12:25:18","modified_gmt":"2026-04-06T10:25:18","slug":"52074","status":"publish","type":"product","link":"https:\/\/www.pharmacieonline.lu\/de\/produit\/52074\/","title":{"rendered":"FURTERER HEAD SPA CONCENTRE STIMUL 50ML"},"content":{"rendered":"<p>St\u00e4rkt das Haar \u2013 Regeneriert \u2013 Revitalisiert<\/p>\n<p>INDIKATION<\/p>\n<p>Haarausfall \u2013 Kr\u00e4ftigung \u2013 Haarwachstum<\/p>\n<p>ANWENDUNG<\/p>\n<p>Verwenden Sie es vor der Haarw\u00e4sche als ersten Schritt Ihrer Haarpflegeroutine. Tragen Sie eine abgestufte Menge des Produkts mit der Massaged\u00fcse scheitelweise auf die gesamte trockene Kopfhaut auf. 5 bis 10 Minuten einwirken lassen und einmassieren, anschlie\u00dfend waschen.<\/p>\n<p>ZUSAMMENSETZUNG<\/p>\n<p>LIMONEN*. RICINUS COMMUNIS (RIZINUS) SAMEN\u00d6L (RICINUS COMMUNIS SAMEN\u00d6L)**. CITRUS AURANTIUM DULCIS (ORANGENSCHALEN\u00d6L)**. LAVANDULA HYBRIDA \u00d6L**. LINALOOL*. LITSEA CUBEBA FRUCHT\u00d6L*. CITRAL*. CITRONELLOL*. FARNESOL*. DUFTSTOFF (PARF\u00dcM)*. GERANIOL*. ORIGANUM-MAJORANA-BLATT\u00d6L*. ORIGANUM VULGARE BLATT\u00d6L*<\/p>","protected":false},"excerpt":{"rendered":"<p>St\u00e4rkt das Haar \u2013 Regeneriert \u2013 Revitalisiert INDIKATION Haarausfall \u2013 Kr\u00e4ftigung \u2013 Haarwachstum ANWENDUNG Verwenden Sie es vor der Haarw\u00e4sche als ersten Schritt Ihrer Haarpflegeroutine. Tragen Sie eine abgestufte Menge des Produkts mit der Massaged\u00fcse scheitelweise auf die gesamte trockene Kopfhaut auf. 5 bis 10 Minuten einwirken lassen und einmassieren, anschlie\u00dfend waschen. ZUSAMMENSETZUNG LIMONEN*. RICINUS [&hellip;]<\/p>\n","protected":false},"featured_media":52075,"template":"","meta":{"_acf_changed":false,"footnotes":""},"product_brand":[],"product_cat":[42,53],"product_tag":[],"class_list":{"0":"post-52074","1":"product","2":"type-product","3":"status-publish","4":"has-post-thumbnail","6":"product_cat-para-pharmacie","7":"product_cat-cheveux","9":"first","10":"outofstock","11":"taxable","12":"shipping-taxable","13":"purchasable","14":"product-type-simple"},"acf":[],"_links":{"self":[{"href":"https:\/\/www.pharmacieonline.lu\/de\/wp-json\/wp\/v2\/product\/52074","targetHints":{"allow":["GET"]}}],"collection":[{"href":"https:\/\/www.pharmacieonline.lu\/de\/wp-json\/wp\/v2\/product"}],"about":[{"href":"https:\/\/www.pharmacieonline.lu\/de\/wp-json\/wp\/v2\/types\/product"}],"version-history":[{"count":0,"href":"https:\/\/www.pharmacieonline.lu\/de\/wp-json\/wp\/v2\/product\/52074\/revisions"}],"wp:featuredmedia":[{"embeddable":true,"href":"https:\/\/www.pharmacieonline.lu\/de\/wp-json\/wp\/v2\/media\/52075"}],"wp:attachment":[{"href":"https:\/\/www.pharmacieonline.lu\/de\/wp-json\/wp\/v2\/media?parent=52074"}],"wp:term":[{"taxonomy":"product_brand","embeddable":true,"href":"https:\/\/www.pharmacieonline.lu\/de\/wp-json\/wp\/v2\/product_brand?post=52074"},{"taxonomy":"product_cat","embeddable":true,"href":"https:\/\/www.pharmacieonline.lu\/de\/wp-json\/wp\/v2\/product_cat?post=52074"},{"taxonomy":"product_tag","embeddable":true,"href":"https:\/\/www.pharmacieonline.lu\/de\/wp-json\/wp\/v2\/product_tag?post=52074"}],"curies":[{"name":"wp","href":"https:\/\/api.w.org\/{rel}","templated":true}]}}