{"id":52078,"date":"2025-09-11T15:51:30","date_gmt":"2025-09-11T13:51:30","guid":{"rendered":"https:\/\/www.pharmacieonline.lu\/?post_type=product&#038;p=52078"},"modified":"2026-04-14T13:55:05","modified_gmt":"2026-04-14T11:55:05","slug":"furterer-head-spa-concentre-apaisan-50ml","status":"publish","type":"product","link":"https:\/\/www.pharmacieonline.lu\/de\/produit\/furterer-head-spa-concentre-apaisan-50ml\/","title":{"rendered":"FURTERER HEAD SPA CONCENTRE APAISAN 50ML"},"content":{"rendered":"<p>Ihr erster wichtiger Schritt vor der Haarw\u00e4sche: Diese professionelle Pflege beruhigt die Kopfhaut sofort und sorgt f\u00fcr helleres, ges\u00fcnderes Haar.<\/p>\n<p>INDIKATIONEN<\/p>\n<p>Frische \u2013 Beruhigung \u2013 Juckreizlinderung \u2013 Komfort<\/p>\n<p>ANWENDUNG<\/p>\n<p>1- bis 2-mal pro Woche.<\/p>\n<p>Als ersten Schritt Ihrer Haarpflegeroutine vor der Haarw\u00e4sche anwenden. Eine abgestufte Menge mit der Massaged\u00fcse Str\u00e4hne f\u00fcr Str\u00e4hne auf die gesamte trockene Kopfhaut auftragen. 5 bis 10 Minuten einwirken lassen und einmassieren, anschlie\u00dfend shampoonieren.<\/p>\n<p>ZUSAMMENSETZUNG<\/p>\n<p>WASSER (AQUA)*. C9-12-ALKANE*. ALCOHOL DENAT.*. COCO-CAPRYLAT\/CAPRATE*. GLYCERIN*. ZITRONENS\u00c4URE*. ECHINACEA ANGUSTIFOLIA-WURZELEXTRAKT*. EUCALYPTUS GLOBULUS-BLATT\u00d6L**. HELIANTHUS ANNUUS (SONNENBLUMEN)-KERN\u00d6L (HELIANTHUS ANNUUS SEED OIL)*. LIMONEN*. MENTHA VIRIDIS (SPEARMINZ) BLATT\u00d6L (MENTHA VIRIDIS BLATT\u00d6L)**. MENTHOL*. POLYGLYCERYL-4-CAPRAT*. KALIUMSORBAT. NATRIUMBENZOAT. NATRIUMCITRAT*. TOCOPHEROL*. ZINKSULFAT<\/p>","protected":false},"excerpt":{"rendered":"<p>Ihr erster wichtiger Schritt vor der Haarw\u00e4sche: Diese professionelle Pflege beruhigt die Kopfhaut sofort und sorgt f\u00fcr helleres, ges\u00fcnderes Haar. INDIKATIONEN Frische \u2013 Beruhigung \u2013 Juckreizlinderung \u2013 Komfort ANWENDUNG 1- bis 2-mal pro Woche. Als ersten Schritt Ihrer Haarpflegeroutine vor der Haarw\u00e4sche anwenden. Eine abgestufte Menge mit der Massaged\u00fcse Str\u00e4hne f\u00fcr Str\u00e4hne auf die gesamte [&hellip;]<\/p>\n","protected":false},"featured_media":52079,"template":"","meta":{"_acf_changed":false,"footnotes":""},"product_brand":[],"product_cat":[42,53],"product_tag":[],"class_list":{"0":"post-52078","1":"product","2":"type-product","3":"status-publish","4":"has-post-thumbnail","6":"product_cat-para-pharmacie","7":"product_cat-cheveux","9":"first","10":"outofstock","11":"taxable","12":"shipping-taxable","13":"purchasable","14":"product-type-simple"},"acf":[],"_links":{"self":[{"href":"https:\/\/www.pharmacieonline.lu\/de\/wp-json\/wp\/v2\/product\/52078","targetHints":{"allow":["GET"]}}],"collection":[{"href":"https:\/\/www.pharmacieonline.lu\/de\/wp-json\/wp\/v2\/product"}],"about":[{"href":"https:\/\/www.pharmacieonline.lu\/de\/wp-json\/wp\/v2\/types\/product"}],"version-history":[{"count":0,"href":"https:\/\/www.pharmacieonline.lu\/de\/wp-json\/wp\/v2\/product\/52078\/revisions"}],"wp:featuredmedia":[{"embeddable":true,"href":"https:\/\/www.pharmacieonline.lu\/de\/wp-json\/wp\/v2\/media\/52079"}],"wp:attachment":[{"href":"https:\/\/www.pharmacieonline.lu\/de\/wp-json\/wp\/v2\/media?parent=52078"}],"wp:term":[{"taxonomy":"product_brand","embeddable":true,"href":"https:\/\/www.pharmacieonline.lu\/de\/wp-json\/wp\/v2\/product_brand?post=52078"},{"taxonomy":"product_cat","embeddable":true,"href":"https:\/\/www.pharmacieonline.lu\/de\/wp-json\/wp\/v2\/product_cat?post=52078"},{"taxonomy":"product_tag","embeddable":true,"href":"https:\/\/www.pharmacieonline.lu\/de\/wp-json\/wp\/v2\/product_tag?post=52078"}],"curies":[{"name":"wp","href":"https:\/\/api.w.org\/{rel}","templated":true}]}}