{"id":52081,"date":"2025-09-11T16:01:36","date_gmt":"2025-09-11T14:01:36","guid":{"rendered":"https:\/\/www.pharmacieonline.lu\/?post_type=product&#038;p=52081"},"modified":"2026-04-03T19:55:05","modified_gmt":"2026-04-03T17:55:05","slug":"furterer-forticea-shamp-fortifiant-200ml","status":"publish","type":"product","link":"https:\/\/www.pharmacieonline.lu\/de\/produit\/furterer-forticea-shamp-fortifiant-200ml\/","title":{"rendered":"FURTERER FORTICEA SHAMP FORTIFIANT 200ML"},"content":{"rendered":"<p>Ein revitalisierendes und kr\u00e4ftigendes Shampoo, das Ihrem Haar Kraft und Vitalit\u00e4t verleiht, ohne die Kopfhaut zu sch\u00e4digen.<\/p>\n<p>INDIKATIONEN<\/p>\n<p>Reinigend \u2013 Energetisierend \u2013 St\u00e4rkend<\/p>\n<p>ANWENDUNG<\/p>\n<p>Auf die feuchte Kopfhaut auftragen und mit kreisenden Bewegungen sanft einmassieren. 1 bis 3 Minuten einwirken lassen. Aussp\u00fclen.<\/p>\n<p>ZUSAMMENSETZUNG<\/p>\n<p>WASSER (AQUA)*. LAURYLGLUCOSID*. NATRIUMCOCOYLALANINAT*. COCO-BETAIN. AGAR*. ALGIN*. BENZOES\u00c4URE. KOFFEIN. CALCIUMGLUCONAT. CELLULOSE*. CELLULOSEGUMMI*. CHROMIUMHYDROXIDGR\u00dcN (CI 77289). CHROMIUMOXIDGR\u00dcN (CI 77288). ZITRONENS\u00c4URE*. CITRUS AURANTIUM DULCIS (ORANGEN\u00d6L) (CITRUS AURANTIUM DULCIS \u00d6L)*. DUFTSTOFF (PARF\u00dcM). GLUCONOLACTON*. GLYCERIN*. GR\u00dcN 3 (CI 42053). HYDROXYPROPYLGUARHYDROXYPROPYLTRIMONIUMCHLORID. LAVANDULA ANGUSTIFOLIA (LAVENDEL)\u00d6L (LAVANDULA ANGUSTIFOLIA \u00d6L)*. LAVANDULA HYBRIDA \u00d6L*. LIMONEN*. LINALOOL*. MALTODEXTRIN*. METHYLGLUCOSEDIOLEAT. NIACINAMID. PANTHENOL. PANTOLACTON. PAULLINIA CUPANA SAMENEXTRAKT*. PROPANEDIOL. ROSMARINUS OFFICINALIS (ROSMARIN) BLATT\u00d6L (ROSMARINUS OFFICINALIS BLATT\u00d6L)*. NATRIUMBENZOAT. TALKUM. TOCOPHEROL. TOCOPHERYLACETAT. GELB 5 (CI 19140)<\/p>","protected":false},"excerpt":{"rendered":"<p>Ein revitalisierendes und kr\u00e4ftigendes Shampoo, das Ihrem Haar Kraft und Vitalit\u00e4t verleiht, ohne die Kopfhaut zu sch\u00e4digen. INDIKATIONEN Reinigend \u2013 Energetisierend \u2013 St\u00e4rkend ANWENDUNG Auf die feuchte Kopfhaut auftragen und mit kreisenden Bewegungen sanft einmassieren. 1 bis 3 Minuten einwirken lassen. Aussp\u00fclen. ZUSAMMENSETZUNG WASSER (AQUA)*. LAURYLGLUCOSID*. NATRIUMCOCOYLALANINAT*. COCO-BETAIN. AGAR*. ALGIN*. BENZOES\u00c4URE. KOFFEIN. CALCIUMGLUCONAT. CELLULOSE*. CELLULOSEGUMMI*. [&hellip;]<\/p>\n","protected":false},"featured_media":52082,"template":"","meta":{"_acf_changed":false,"footnotes":""},"product_brand":[],"product_cat":[42,756,53],"product_tag":[],"class_list":{"0":"post-52081","1":"product","2":"type-product","3":"status-publish","4":"has-post-thumbnail","6":"product_cat-para-pharmacie","7":"product_cat-shampoing-cheveux","8":"product_cat-cheveux","10":"first","11":"instock","12":"taxable","13":"shipping-taxable","14":"purchasable","15":"product-type-simple"},"acf":[],"_links":{"self":[{"href":"https:\/\/www.pharmacieonline.lu\/de\/wp-json\/wp\/v2\/product\/52081","targetHints":{"allow":["GET"]}}],"collection":[{"href":"https:\/\/www.pharmacieonline.lu\/de\/wp-json\/wp\/v2\/product"}],"about":[{"href":"https:\/\/www.pharmacieonline.lu\/de\/wp-json\/wp\/v2\/types\/product"}],"version-history":[{"count":0,"href":"https:\/\/www.pharmacieonline.lu\/de\/wp-json\/wp\/v2\/product\/52081\/revisions"}],"wp:featuredmedia":[{"embeddable":true,"href":"https:\/\/www.pharmacieonline.lu\/de\/wp-json\/wp\/v2\/media\/52082"}],"wp:attachment":[{"href":"https:\/\/www.pharmacieonline.lu\/de\/wp-json\/wp\/v2\/media?parent=52081"}],"wp:term":[{"taxonomy":"product_brand","embeddable":true,"href":"https:\/\/www.pharmacieonline.lu\/de\/wp-json\/wp\/v2\/product_brand?post=52081"},{"taxonomy":"product_cat","embeddable":true,"href":"https:\/\/www.pharmacieonline.lu\/de\/wp-json\/wp\/v2\/product_cat?post=52081"},{"taxonomy":"product_tag","embeddable":true,"href":"https:\/\/www.pharmacieonline.lu\/de\/wp-json\/wp\/v2\/product_tag?post=52081"}],"curies":[{"name":"wp","href":"https:\/\/api.w.org\/{rel}","templated":true}]}}