{"id":522,"date":"2020-11-25T17:27:00","date_gmt":"2020-11-25T16:27:00","guid":{"rendered":"https:\/\/www.pharmacieonline.lu\/produit\/purol-ong-30-ml\/"},"modified":"2026-04-29T01:40:45","modified_gmt":"2026-04-28T23:40:45","slug":"purol-ong-30-ml","status":"publish","type":"product","link":"https:\/\/www.pharmacieonline.lu\/de\/produit\/purol-ong-30-ml\/","title":{"rendered":"PUROL ONG 30 ML"},"content":{"rendered":"<p>Purols bew\u00e4hrte Salbe besteht aus einer Vielzahl n\u00fctzlicher nat\u00fcrlicher Fettsubstanzen und Karamell und wirkt restaurativ und sch\u00fctzend auf trockene und gereizte Haut. Seine heilenden Eigenschaften machen es auch zur perfekten L\u00f6sung f\u00fcr die Behandlung kleiner Wunden, Kratzer und Risse. Seine beruhigende Textur sch\u00fctzt die Haut und macht sie weich, wodurch das Gef\u00fchl von straffer Haut und Schmerzen gelindert wird.<\/p>\n<p>Anwendung<br \/>\nGeeignet f\u00fcr Menschen jeden Alters; Halte Purol griffbereit. Zur Anwendung bei Babys mit Windelausschlag oder trockener Haut. Verwenden Sie f\u00fcr Kinder mit kleinen Wunden, Sch\u00fcrfwunden und Kratzern. Waschen Sie die Wunde, tragen Sie Purol-Salbe und Verband auf, falls erforderlich. Erwachsene k\u00f6nnen es f\u00fcr rissige Lippen, rissige H\u00e4nde und F\u00fc\u00dfe oder kleine Wunden verwenden.<\/p>","protected":false},"excerpt":{"rendered":"<p>Purols bew\u00e4hrte Salbe besteht aus einer Vielzahl n\u00fctzlicher nat\u00fcrlicher Fettsubstanzen und Karamell und wirkt restaurativ und sch\u00fctzend auf trockene und gereizte Haut. Seine heilenden Eigenschaften machen es auch zur perfekten L\u00f6sung f\u00fcr die Behandlung kleiner Wunden, Kratzer und Risse. Seine beruhigende Textur sch\u00fctzt die Haut und macht sie weich, wodurch das Gef\u00fchl von straffer Haut [&hellip;]<\/p>\n","protected":false},"featured_media":4380,"template":"","meta":{"_acf_changed":false,"footnotes":""},"product_brand":[],"product_cat":[783,44,113],"product_tag":[],"class_list":{"0":"post-522","1":"product","2":"type-product","3":"status-publish","4":"has-post-thumbnail","6":"product_cat-creme-pour-le-change","7":"product_cat-bebe-maman","8":"product_cat-sante-bebe","10":"first","11":"instock","12":"taxable","13":"shipping-taxable","14":"purchasable","15":"product-type-simple"},"acf":[],"_links":{"self":[{"href":"https:\/\/www.pharmacieonline.lu\/de\/wp-json\/wp\/v2\/product\/522","targetHints":{"allow":["GET"]}}],"collection":[{"href":"https:\/\/www.pharmacieonline.lu\/de\/wp-json\/wp\/v2\/product"}],"about":[{"href":"https:\/\/www.pharmacieonline.lu\/de\/wp-json\/wp\/v2\/types\/product"}],"version-history":[{"count":0,"href":"https:\/\/www.pharmacieonline.lu\/de\/wp-json\/wp\/v2\/product\/522\/revisions"}],"wp:featuredmedia":[{"embeddable":true,"href":"https:\/\/www.pharmacieonline.lu\/de\/wp-json\/wp\/v2\/media\/4380"}],"wp:attachment":[{"href":"https:\/\/www.pharmacieonline.lu\/de\/wp-json\/wp\/v2\/media?parent=522"}],"wp:term":[{"taxonomy":"product_brand","embeddable":true,"href":"https:\/\/www.pharmacieonline.lu\/de\/wp-json\/wp\/v2\/product_brand?post=522"},{"taxonomy":"product_cat","embeddable":true,"href":"https:\/\/www.pharmacieonline.lu\/de\/wp-json\/wp\/v2\/product_cat?post=522"},{"taxonomy":"product_tag","embeddable":true,"href":"https:\/\/www.pharmacieonline.lu\/de\/wp-json\/wp\/v2\/product_tag?post=522"}],"curies":[{"name":"wp","href":"https:\/\/api.w.org\/{rel}","templated":true}]}}