{"id":52248,"date":"2025-09-22T14:31:59","date_gmt":"2025-09-22T12:31:59","guid":{"rendered":"https:\/\/www.pharmacieonline.lu\/?post_type=product&#038;p=52248"},"modified":"2026-04-03T09:55:12","modified_gmt":"2026-04-03T07:55:12","slug":"furterer-triphasic-activ-grow-shp-200ml-2","status":"publish","type":"product","link":"https:\/\/www.pharmacieonline.lu\/de\/produit\/furterer-triphasic-activ-grow-shp-200ml-2\/","title":{"rendered":"FURTERER TRIPHASIC ACTIV GROW SHP 200ML"},"content":{"rendered":"<p>Allgemeine Beschreibung<br \/>\n\u00d6ffentlichkeit\/Patient, Apotheke, Arzt, Pflegeheim, Krankenhaus, Krankenstation, Physiotherapeut, Webshop<br \/>\nDer Shampoo-Aktivator stimuliert die Haarw\u00e4sche und die Dusche. Lassen Sie die Mousse leicht trocknen und trocknen Sie sie. Durch die Konzentration auf aktive Croissance-Booster-Aktivierungen wird die Cheveux-Pousse unterst\u00fctzt und die Cheveux-Pousse wird f\u00fcr mehr L\u00e4nge und Schnelligkeit gesorgt. Gnadenloses Shampoonieren f\u00fcr die Haare, die Haare sind sch\u00f6n und brillant.<\/p>\n<p>Verwendung<br \/>\n\u00d6ffentlichkeit\/Patient, Apotheke, Arzt, Pflegeheim, Krankenhaus, Krankenstation, Physiotherapeut, Webshop<br \/>\nTragen Sie eine Emulsion auf, die sich um die Haut dreht, und massieren Sie sie durch kreisf\u00f6rmige Bewegungen.<\/p>\n<p>Zusammensetzung<br \/>\n\u00d6ffentlichkeit\/Patient, Apotheke, Arzt, Pflegeheim, Krankenhaus, Krankenstation, Physiotherapeut, Webshop<br \/>\nWASSER (AQUA)*. LAURYL GLUCOSID*. NATRIUMCOCOYLALINAT*. Kokos-Betain. KOKO-GLUCOSID*. 1,2-HEXANDIOL. ARGININ HCL*. Benzoes\u00e4ure. BIOTIN. KAMPFER*. KARAMELL*. ZELLULOSE*. ZELLULOSEKUMMI*. ZITRONENS\u00c4URE*. DUFT (PARFUM)*. GLYCERIN*. GLYKOLDISTEARAT*. GR\u00dcN 3 (CI 42053). HEXYLZIMT*. HYDROXYPROPYLGUARHYDROXYPROPYLTRIMONIUMCHLORID. LINALYLACETAT*. OLETH-10. PINEN*. PROPANEDIOL*. PROPOLISEXTRAKT**. ROSMARINUS OFFICINALIS (ROSMARIN) BLATT\u00d6L (ROSMARINUS OFFICINALIS BLATT\u00d6L)*. NATRIUMBENZOAT. NATRIUMCITRAT*. TOCOPHEROL<\/p>\n<p>Eigentum<br \/>\n\u00d6ffentlichkeit\/Patient, Apotheke, Arzt, Pflegeheim, Krankenhaus, Krankenstation, Physiotherapeut, Webshop<br \/>\n\u2022FAVORISE LA POUSSE: Dieses Shampoo f\u00fcr die Haarb\u00fcrste stimuliert die Haut des Rachens und l\u00e4sst die Haare und das Haar wachsen. \u2022 CHEVEUX PLUS LONGS ET BRILLANTS: angereichert mit Vitamin B8 und Propolis, Keratin-Booster, verst\u00e4rkte Haare und Haare und mehr. \u2022 LEGIERENDE FORMEL: Ein Shampoo f\u00fcr die Haarschaumcreme mit aufgesetzter Mousse, ohne Silikon und ohne Sulfat<\/p>","protected":false},"excerpt":{"rendered":"<p>Allgemeine Beschreibung \u00d6ffentlichkeit\/Patient, Apotheke, Arzt, Pflegeheim, Krankenhaus, Krankenstation, Physiotherapeut, Webshop Der Shampoo-Aktivator stimuliert die Haarw\u00e4sche und die Dusche. Lassen Sie die Mousse leicht trocknen und trocknen Sie sie. Durch die Konzentration auf aktive Croissance-Booster-Aktivierungen wird die Cheveux-Pousse unterst\u00fctzt und die Cheveux-Pousse wird f\u00fcr mehr L\u00e4nge und Schnelligkeit gesorgt. Gnadenloses Shampoonieren f\u00fcr die Haare, die Haare [&hellip;]<\/p>\n","protected":false},"featured_media":52252,"template":"","meta":{"_acf_changed":false,"footnotes":""},"product_brand":[],"product_cat":[756],"product_tag":[],"class_list":{"0":"post-52248","1":"product","2":"type-product","3":"status-publish","4":"has-post-thumbnail","6":"product_cat-shampoing-cheveux","8":"first","9":"instock","10":"taxable","11":"shipping-taxable","12":"purchasable","13":"product-type-simple"},"acf":[],"_links":{"self":[{"href":"https:\/\/www.pharmacieonline.lu\/de\/wp-json\/wp\/v2\/product\/52248","targetHints":{"allow":["GET"]}}],"collection":[{"href":"https:\/\/www.pharmacieonline.lu\/de\/wp-json\/wp\/v2\/product"}],"about":[{"href":"https:\/\/www.pharmacieonline.lu\/de\/wp-json\/wp\/v2\/types\/product"}],"version-history":[{"count":0,"href":"https:\/\/www.pharmacieonline.lu\/de\/wp-json\/wp\/v2\/product\/52248\/revisions"}],"wp:featuredmedia":[{"embeddable":true,"href":"https:\/\/www.pharmacieonline.lu\/de\/wp-json\/wp\/v2\/media\/52252"}],"wp:attachment":[{"href":"https:\/\/www.pharmacieonline.lu\/de\/wp-json\/wp\/v2\/media?parent=52248"}],"wp:term":[{"taxonomy":"product_brand","embeddable":true,"href":"https:\/\/www.pharmacieonline.lu\/de\/wp-json\/wp\/v2\/product_brand?post=52248"},{"taxonomy":"product_cat","embeddable":true,"href":"https:\/\/www.pharmacieonline.lu\/de\/wp-json\/wp\/v2\/product_cat?post=52248"},{"taxonomy":"product_tag","embeddable":true,"href":"https:\/\/www.pharmacieonline.lu\/de\/wp-json\/wp\/v2\/product_tag?post=52248"}],"curies":[{"name":"wp","href":"https:\/\/api.w.org\/{rel}","templated":true}]}}