{"id":52265,"date":"2025-09-22T14:38:04","date_gmt":"2025-09-22T12:38:04","guid":{"rendered":"https:\/\/www.pharmacieonline.lu\/?post_type=product&#038;p=52265"},"modified":"2026-04-06T01:55:09","modified_gmt":"2026-04-05T23:55:09","slug":"uriage-ds-hair-shampoo-equilibr-500-ml","status":"publish","type":"product","link":"https:\/\/www.pharmacieonline.lu\/de\/produit\/uriage-ds-hair-shampoo-equilibr-500-ml\/","title":{"rendered":"URIAGE DS HAIR SHAMPOO EQUILIBR 500 ML"},"content":{"rendered":"<p>Dieses reinigende und ausgleichende Shampoo sorgt f\u00fcr ein angenehmes und angenehmes Gef\u00fchl. Es enth\u00e4lt ein frisches und angenehmes Parf\u00fcm, eine aufgetragene Mousse und eine weiche Textur, um die Haare und die Haut zu reinigen.<\/p>\n<p>Action Apaisante<\/p>\n<p>Die beschleunigte TLR2-Regul-Technologie, kombiniert mit dem Eau Thermale d&#8217;Uriage und dem Edelweiss, wurde speziell entwickelt, um die Haut zu sch\u00fctzen und zu sch\u00fctzen.<\/p>\n<p>Aktion Purifiante<\/p>\n<p>Mit einer Formel auf der Basis von Piroctone Olamine wird das Leder gereinigt<\/p>\n<p>Verwendung<\/p>\n<p>Verwenden Sie es regelm\u00e4\u00dfig oder erg\u00e4nzend zu DS HAIR Shampooings. Applizieren Sie auf den Spitzen, vorne und hinten. Mit Wasser in gro\u00dfer Menge aufsch\u00e4umen. Rincer Abondamment. Vermeiden Sie den Kontakt mit Ihnen.<\/p>\n<p>Zusammensetzung<\/p>\n<p>AQUA (WASSER, EAU) \u25cf NATRIUMLAURETHSULFAT \u25cf COCAMIDOPROPYLBETAIN \u25cf NATRIUMCOCOYLGLUTAMAT \u25cf DECYLGLUCOSID \u25cf BUTYLENGLYKOL \u25cf PARFUM (DUFTSTOFF) \u25cf COCO-GLUCOSID \u25cf GLYCERYLOLEAT \u25cf POLYQUATERNIUM-22 \u25cf NATRIUMBENZOAT \u25cf PEG-120-METHYLGLUCOSEDIOLEAT \u25cf NATRIUMCHLORID \u25cf ZITRONENS\u00c4URE \u25cf GLYCERIN \u25cf PIROCTONELAMIN \u25cf KOKOSNUSSS\u00c4URE \u25cf HIBISCUS SABDARIFFA-BL\u00dcTENEXTRAKT \u25cf PHYTOSPHINGOSIN \u25cf ALKOHOL \u25cf LEONTOPODIUM ALPINUM BL\u00dcTEN-\/BLATTEXTRAKT \u25cf ASIATICOSID \u25cf KALIUMSORBAT<\/p>","protected":false},"excerpt":{"rendered":"<p>Dieses reinigende und ausgleichende Shampoo sorgt f\u00fcr ein angenehmes und angenehmes Gef\u00fchl. Es enth\u00e4lt ein frisches und angenehmes Parf\u00fcm, eine aufgetragene Mousse und eine weiche Textur, um die Haare und die Haut zu reinigen. Action Apaisante Die beschleunigte TLR2-Regul-Technologie, kombiniert mit dem Eau Thermale d&#8217;Uriage und dem Edelweiss, wurde speziell entwickelt, um die Haut zu [&hellip;]<\/p>\n","protected":false},"featured_media":52267,"template":"","meta":{"_acf_changed":false,"footnotes":""},"product_brand":[],"product_cat":[756],"product_tag":[],"class_list":{"0":"post-52265","1":"product","2":"type-product","3":"status-publish","4":"has-post-thumbnail","6":"product_cat-shampoing-cheveux","8":"first","9":"instock","10":"taxable","11":"shipping-taxable","12":"purchasable","13":"product-type-simple"},"acf":[],"_links":{"self":[{"href":"https:\/\/www.pharmacieonline.lu\/de\/wp-json\/wp\/v2\/product\/52265","targetHints":{"allow":["GET"]}}],"collection":[{"href":"https:\/\/www.pharmacieonline.lu\/de\/wp-json\/wp\/v2\/product"}],"about":[{"href":"https:\/\/www.pharmacieonline.lu\/de\/wp-json\/wp\/v2\/types\/product"}],"version-history":[{"count":0,"href":"https:\/\/www.pharmacieonline.lu\/de\/wp-json\/wp\/v2\/product\/52265\/revisions"}],"wp:featuredmedia":[{"embeddable":true,"href":"https:\/\/www.pharmacieonline.lu\/de\/wp-json\/wp\/v2\/media\/52267"}],"wp:attachment":[{"href":"https:\/\/www.pharmacieonline.lu\/de\/wp-json\/wp\/v2\/media?parent=52265"}],"wp:term":[{"taxonomy":"product_brand","embeddable":true,"href":"https:\/\/www.pharmacieonline.lu\/de\/wp-json\/wp\/v2\/product_brand?post=52265"},{"taxonomy":"product_cat","embeddable":true,"href":"https:\/\/www.pharmacieonline.lu\/de\/wp-json\/wp\/v2\/product_cat?post=52265"},{"taxonomy":"product_tag","embeddable":true,"href":"https:\/\/www.pharmacieonline.lu\/de\/wp-json\/wp\/v2\/product_tag?post=52265"}],"curies":[{"name":"wp","href":"https:\/\/api.w.org\/{rel}","templated":true}]}}