{"id":52270,"date":"2025-09-22T14:44:43","date_gmt":"2025-09-22T12:44:43","guid":{"rendered":"https:\/\/www.pharmacieonline.lu\/?post_type=product&#038;p=52270"},"modified":"2026-04-11T00:25:24","modified_gmt":"2026-04-10T22:25:24","slug":"uriage-ds-gel-nettoyant-150-ml","status":"publish","type":"product","link":"https:\/\/www.pharmacieonline.lu\/de\/produit\/uriage-ds-gel-nettoyant-150-ml\/","title":{"rendered":"URIAGE DS GEL NETTOYANT 150 ML"},"content":{"rendered":"<p>D.S Gel Nettoyant<\/p>\n<p>GEL MOUSSANT REGULATOR<\/p>\n<p>Einmalig und ultra-dux, das Gel-Moussant l\u00e4sst sich leicht reinigen, reinigt und angenehm mit einer speziellen Doppelregulierung.<\/p>\n<p>Anzeige<\/p>\n<p>Nettoie<\/p>\n<p>Auf der Basis des Waschvorgangs ist das Wasser extrem d\u00fcnn und eliminiert Unreinheiten, ohne die Haut zu besch\u00e4digen.<\/p>\n<p>Beruhigt Irritationen<\/p>\n<p>Zum ersten Mal in der Dermokosmetik wurde die neue TLR2-Regul-Technologie entwickelt, um unangenehme Empfindungen zu vermeiden, die durch die Anwesenheit von Mikroorganismen verursacht werden.<\/p>\n<p>Assainit et purifie<\/p>\n<p>Grace aux actifs assainissants, la peau est purifi\u00e9e.<\/p>\n<p>Verwendung<\/p>\n<p>Auf der Liste: Shampoonieren 2 bis 3 Mal pro Woche. Auf dem Gesicht und am K\u00f6rper: 1 bis 2 Tage t\u00e4glich aus hygienischen Gr\u00fcnden. Lassen Sie es auf der feuchten Erde ruhen, lassen Sie es kurz ruhen und lassen Sie es abtropfen. Vermeiden Sie den Kontakt mit Ihnen.<\/p>\n<p>Zusammensetzung<\/p>\n<p>Aktive Prinzipien<\/p>\n<p>Eau Thermale d&#8217;Uriage<br \/>\nKomplexer TLR2-Regul-Komplex gek\u00fcrzt<br \/>\nPiroctone Olamin<br \/>\nTensioactifs doux<\/p>\n<p>Agent protected surgraissant<\/p>\n<p>Hypoallergen<\/p>\n<p>Ohne Savon<br \/>\nOhne Parf\u00fcm<\/p>","protected":false},"excerpt":{"rendered":"<p>D.S Gel Nettoyant GEL MOUSSANT REGULATOR Einmalig und ultra-dux, das Gel-Moussant l\u00e4sst sich leicht reinigen, reinigt und angenehm mit einer speziellen Doppelregulierung. Anzeige Nettoie Auf der Basis des Waschvorgangs ist das Wasser extrem d\u00fcnn und eliminiert Unreinheiten, ohne die Haut zu besch\u00e4digen. Beruhigt Irritationen Zum ersten Mal in der Dermokosmetik wurde die neue TLR2-Regul-Technologie entwickelt, [&hellip;]<\/p>\n","protected":false},"featured_media":52272,"template":"","meta":{"_acf_changed":false,"footnotes":""},"product_brand":[],"product_cat":[54],"product_tag":[],"class_list":{"0":"post-52270","1":"product","2":"type-product","3":"status-publish","4":"has-post-thumbnail","6":"product_cat-soins-du-visage","8":"first","9":"instock","10":"taxable","11":"shipping-taxable","12":"purchasable","13":"product-type-simple"},"acf":[],"_links":{"self":[{"href":"https:\/\/www.pharmacieonline.lu\/de\/wp-json\/wp\/v2\/product\/52270","targetHints":{"allow":["GET"]}}],"collection":[{"href":"https:\/\/www.pharmacieonline.lu\/de\/wp-json\/wp\/v2\/product"}],"about":[{"href":"https:\/\/www.pharmacieonline.lu\/de\/wp-json\/wp\/v2\/types\/product"}],"version-history":[{"count":0,"href":"https:\/\/www.pharmacieonline.lu\/de\/wp-json\/wp\/v2\/product\/52270\/revisions"}],"wp:featuredmedia":[{"embeddable":true,"href":"https:\/\/www.pharmacieonline.lu\/de\/wp-json\/wp\/v2\/media\/52272"}],"wp:attachment":[{"href":"https:\/\/www.pharmacieonline.lu\/de\/wp-json\/wp\/v2\/media?parent=52270"}],"wp:term":[{"taxonomy":"product_brand","embeddable":true,"href":"https:\/\/www.pharmacieonline.lu\/de\/wp-json\/wp\/v2\/product_brand?post=52270"},{"taxonomy":"product_cat","embeddable":true,"href":"https:\/\/www.pharmacieonline.lu\/de\/wp-json\/wp\/v2\/product_cat?post=52270"},{"taxonomy":"product_tag","embeddable":true,"href":"https:\/\/www.pharmacieonline.lu\/de\/wp-json\/wp\/v2\/product_tag?post=52270"}],"curies":[{"name":"wp","href":"https:\/\/api.w.org\/{rel}","templated":true}]}}