{"id":52280,"date":"2025-09-22T14:48:13","date_gmt":"2025-09-22T12:48:13","guid":{"rendered":"https:\/\/www.pharmacieonline.lu\/?post_type=product&#038;p=52280"},"modified":"2026-04-06T01:55:08","modified_gmt":"2026-04-05T23:55:08","slug":"uriage-ds-hair-shamp-keratireduct-t150ml","status":"publish","type":"product","link":"https:\/\/www.pharmacieonline.lu\/de\/produit\/uriage-ds-hair-shamp-keratireduct-t150ml\/","title":{"rendered":"URIAGE DS HAIR SHAMP KERATIREDUCT T150ML"},"content":{"rendered":"<p>Innovation DS HAIR: Das erste Shampoo-Sortiment im Thermalbad der franz\u00f6sischen Alpen. Das Keratin-Reduktor-Shampoo entfernt Schuppen, Schuppen und Gr\u00e4ser und sorgt f\u00fcr eine unwirksame Peeling-Wirkung. Es reinigt das Fell, verleiht dem Haar Glanz und Glanz, verleiht dem Fell Sch\u00f6nheit und Brillanz. Extras: mit sinnlicher Textur.<\/p>\n<p>Beruhigende Ma\u00dfnahmen: Die beschleunigte TLR2-Regul-Technologie, das Uriage-Thermalwasser und das Edelwei\u00df erfordern eine spezielle Handhabung, um den Schutz vor Besch\u00e4digungen zu gew\u00e4hrleisten.<\/p>\n<p>Keratorische Regulierung: Extra wirksame Salicyls\u00e4ure, die die Hautsch\u00fcppchen abl\u00f6st.<\/p>\n<p>Reinigungswirkung: Die Formel auf der Basis von Pirocton-Olamin und Zink-Laktat hilft, die Vermehrung von Malassezia (Mikroorganismen, die die H\u00e4utchen angreifen) zu kontrollieren.<\/p>\n<p>Anzeige<\/p>\n<p>Antipellicul\u00e4res Shampoo. Cuir Chevelu Gras und Sek.<\/p>\n<p>Verwendung<\/p>\n<p>Wenden Sie eine Woche lang ein oder zwei Mal pro Woche auf den Haarnadeln an, direkt vor der T\u00fcr. Faites mousser et massez doucement le cuir chevelu. Lassen Sie es 2 bis 3 Minuten lang stehen und lassen Sie es abtropfen.<\/p>\n<p>Sie k\u00f6nnen auch das Shampoo DS HAIR MILDE verwenden. Um optimale Ergebnisse zu erzielen, verwenden Sie zus\u00e4tzlich die LOTION CAPILLAIRE DS CONTRE LES FRAGMENTS. Vermeiden Sie jeglichen Kontakt mit Ihnen.<\/p>\n<p>Zusammensetzung<\/p>\n<p>AQUA (WASSER, EAU) \u25cf NATRIUMLAURETHSULFAT \u25cf NATRIUMCOCOYLGLUTAMAT \u25cf COCAMIDOPROPYLBETAIN \u25cf DECYLGLUCOSID \u25cf PARFUM (DUFTSTOFF) \u25cf BUTYLENGLYKOL \u25cf SALICYLS\u00c4URE \u25cf PEG-4-DISTEARYLETHER \u25cf PIROCTONELAMIN \u25cf COCO-GLUCOSID \u25cf GLYCERYLOLEAT \u25cf ZINKLAKTAT \u25cf POLYQUATERNIUM-22 \u25cf NATRIUMCHLORID \u25cf POLYACRYLAT-CROSSPOLYMER-6 \u25cf LAURETH-2 \u25cf PEG\/PPG-120\/10-TRIMETHYLOLPROPANTRIOLEAT \u25cf ISOSTEARAMID MIPA \u25cf DISTEARYLETHER \u25cf GLYCERIN \u25cf DICAPRYLYL-ETHER \u25cf GLYCERYLLAURAT \u25cf KOKOSNUSSS\u00c4URE \u25cf NATRIUMHYDROXID \u25cf NATRIUMBENZOAT \u25cf ZITRONENS\u00c4URE \u25cf HIBISCUS SABDARIFFA-BL\u00dcTENEXTRAKT \u25cf PHYTOSPHINGOSIN \u25cf t-BUTYLALKOHOL \u25cf ALKOHOL \u25cf LEONTOPODIUM ALPINUM-BL\u00dcTEN-\/BLATTEXTRAKT \u25cf ASIATICOSID \u25cf KALIUMSORBAT<\/p>","protected":false},"excerpt":{"rendered":"<p>Innovation DS HAIR: Das erste Shampoo-Sortiment im Thermalbad der franz\u00f6sischen Alpen. Das Keratin-Reduktor-Shampoo entfernt Schuppen, Schuppen und Gr\u00e4ser und sorgt f\u00fcr eine unwirksame Peeling-Wirkung. Es reinigt das Fell, verleiht dem Haar Glanz und Glanz, verleiht dem Fell Sch\u00f6nheit und Brillanz. Extras: mit sinnlicher Textur. Beruhigende Ma\u00dfnahmen: Die beschleunigte TLR2-Regul-Technologie, das Uriage-Thermalwasser und das Edelwei\u00df erfordern [&hellip;]<\/p>\n","protected":false},"featured_media":52282,"template":"","meta":{"_acf_changed":false,"footnotes":""},"product_brand":[],"product_cat":[756],"product_tag":[],"class_list":{"0":"post-52280","1":"product","2":"type-product","3":"status-publish","4":"has-post-thumbnail","6":"product_cat-shampoing-cheveux","8":"first","9":"instock","10":"taxable","11":"shipping-taxable","12":"purchasable","13":"product-type-simple"},"acf":[],"_links":{"self":[{"href":"https:\/\/www.pharmacieonline.lu\/de\/wp-json\/wp\/v2\/product\/52280","targetHints":{"allow":["GET"]}}],"collection":[{"href":"https:\/\/www.pharmacieonline.lu\/de\/wp-json\/wp\/v2\/product"}],"about":[{"href":"https:\/\/www.pharmacieonline.lu\/de\/wp-json\/wp\/v2\/types\/product"}],"version-history":[{"count":0,"href":"https:\/\/www.pharmacieonline.lu\/de\/wp-json\/wp\/v2\/product\/52280\/revisions"}],"wp:featuredmedia":[{"embeddable":true,"href":"https:\/\/www.pharmacieonline.lu\/de\/wp-json\/wp\/v2\/media\/52282"}],"wp:attachment":[{"href":"https:\/\/www.pharmacieonline.lu\/de\/wp-json\/wp\/v2\/media?parent=52280"}],"wp:term":[{"taxonomy":"product_brand","embeddable":true,"href":"https:\/\/www.pharmacieonline.lu\/de\/wp-json\/wp\/v2\/product_brand?post=52280"},{"taxonomy":"product_cat","embeddable":true,"href":"https:\/\/www.pharmacieonline.lu\/de\/wp-json\/wp\/v2\/product_cat?post=52280"},{"taxonomy":"product_tag","embeddable":true,"href":"https:\/\/www.pharmacieonline.lu\/de\/wp-json\/wp\/v2\/product_tag?post=52280"}],"curies":[{"name":"wp","href":"https:\/\/api.w.org\/{rel}","templated":true}]}}