{"id":52285,"date":"2025-09-22T14:50:28","date_gmt":"2025-09-22T12:50:28","guid":{"rendered":"https:\/\/www.pharmacieonline.lu\/?post_type=product&#038;p=52285"},"modified":"2026-04-08T12:25:22","modified_gmt":"2026-04-08T10:25:22","slug":"uriage-hyseac-gel-nettoyant-500-ml-nf","status":"publish","type":"product","link":"https:\/\/www.pharmacieonline.lu\/de\/produit\/uriage-hyseac-gel-nettoyant-500-ml-nf\/","title":{"rendered":"URIAGE HYSEAC GEL NETTOYANT 500 ML NF"},"content":{"rendered":"<p>Das Gel Nettoyant HYS\u00c9AC beseitigt Unreinheiten und \u00fcbersch\u00fcssigen Talg, ohne die Haut zu besch\u00e4digen.<br \/>\nVerwandeln Sie es in eine luftige Mousse, indem Sie es mit dem Wasser in Kontakt bringen. Sehr einfach. Ein zartes Parf\u00fcmprodukt, besonders angenehm. La peau ist plus lumineuse, plus fra\u00eeche und plus saine.<\/p>\n<p>Nettoie<\/p>\n<p>Ultra-douce Nettoyante-Aktion, ohne Savon, einfach zu sp\u00fclen.<\/p>\n<p>Reinigt und reinigt gr\u00fcndlich<\/p>\n<p>Speziell f\u00fcr die Haut entwickelt, entfernt dieses Gel Unreinheiten und \u00fcbersch\u00fcssigen Talg.<\/p>\n<p>Anzeige<\/p>\n<p>Luftreiniger &#8211; Nettoyer<\/p>\n<p>Verwendung<\/p>\n<p>Tragen Sie ein Gel auf dem Hauptteil auf und tragen Sie es auf das Gesicht und den K\u00f6rper auf. Rincer Abondamment. Nutzen Sie Matin et Soir.<\/p>\n<p>Zusammensetzung<\/p>\n<p>AQUA (WASSER, EAU) \u2013 NATRIUMLAURETH-SULFAT \u2013 PEG-80 GLYCERYLCOCOAT \u2013 NATRIUMCOCOAMPHOACETAT \u2013 PPG-2 HYDROXYETHYLCOCAMID \u2013 COCO-GLUCOSID \u2013 GLYCERYLOLEAT \u2013 NATRIUMLAURETH-8-SULFAT \u2013 NATRIUMMETHYLCOCOYLTAURATE \u2013 GLYCIN \u2013 NATRIUMCHLORID \u2013 PPG-2 HYDROXYETHYLCOCOY\/ISOSTEARAMID \u2013 ZITRONENS\u00c4URE \u2013 PIROCTONELAMIN \u2013 NATRIUMOLETHSULFAT \u2013 MAGNESIUMLAURETH-SULFAT \u2013 PARFUM (DUFTSTOFF) \u2013 MAGNESIUMLAURETH-8-SULFAT \u2013 MAGNESIUMOLETHSULFAT \u2013 EPILOBIUM ANGUSTIFOLIUM BL\u00dcTEN-\/BLATT-\/STAMMEXTRAKT \u2013 PHENOXYETHANOL \u2013 NATRIUM METABISULFIT.<\/p>","protected":false},"excerpt":{"rendered":"<p>Das Gel Nettoyant HYS\u00c9AC beseitigt Unreinheiten und \u00fcbersch\u00fcssigen Talg, ohne die Haut zu besch\u00e4digen. Verwandeln Sie es in eine luftige Mousse, indem Sie es mit dem Wasser in Kontakt bringen. Sehr einfach. Ein zartes Parf\u00fcmprodukt, besonders angenehm. La peau ist plus lumineuse, plus fra\u00eeche und plus saine. Nettoie Ultra-douce Nettoyante-Aktion, ohne Savon, einfach zu sp\u00fclen. [&hellip;]<\/p>\n","protected":false},"featured_media":52287,"template":"","meta":{"_acf_changed":false,"footnotes":""},"product_brand":[],"product_cat":[54],"product_tag":[],"class_list":{"0":"post-52285","1":"product","2":"type-product","3":"status-publish","4":"has-post-thumbnail","6":"product_cat-soins-du-visage","8":"first","9":"instock","10":"taxable","11":"shipping-taxable","12":"purchasable","13":"product-type-simple"},"acf":[],"_links":{"self":[{"href":"https:\/\/www.pharmacieonline.lu\/de\/wp-json\/wp\/v2\/product\/52285","targetHints":{"allow":["GET"]}}],"collection":[{"href":"https:\/\/www.pharmacieonline.lu\/de\/wp-json\/wp\/v2\/product"}],"about":[{"href":"https:\/\/www.pharmacieonline.lu\/de\/wp-json\/wp\/v2\/types\/product"}],"version-history":[{"count":0,"href":"https:\/\/www.pharmacieonline.lu\/de\/wp-json\/wp\/v2\/product\/52285\/revisions"}],"wp:featuredmedia":[{"embeddable":true,"href":"https:\/\/www.pharmacieonline.lu\/de\/wp-json\/wp\/v2\/media\/52287"}],"wp:attachment":[{"href":"https:\/\/www.pharmacieonline.lu\/de\/wp-json\/wp\/v2\/media?parent=52285"}],"wp:term":[{"taxonomy":"product_brand","embeddable":true,"href":"https:\/\/www.pharmacieonline.lu\/de\/wp-json\/wp\/v2\/product_brand?post=52285"},{"taxonomy":"product_cat","embeddable":true,"href":"https:\/\/www.pharmacieonline.lu\/de\/wp-json\/wp\/v2\/product_cat?post=52285"},{"taxonomy":"product_tag","embeddable":true,"href":"https:\/\/www.pharmacieonline.lu\/de\/wp-json\/wp\/v2\/product_tag?post=52285"}],"curies":[{"name":"wp","href":"https:\/\/api.w.org\/{rel}","templated":true}]}}