{"id":52290,"date":"2025-09-22T14:53:35","date_gmt":"2025-09-22T12:53:35","guid":{"rendered":"https:\/\/www.pharmacieonline.lu\/?post_type=product&#038;p=52290"},"modified":"2026-04-06T03:55:13","modified_gmt":"2026-04-06T01:55:13","slug":"uriage-ds-hair-shamp-equilibrant-f200ml","status":"publish","type":"product","link":"https:\/\/www.pharmacieonline.lu\/de\/produit\/uriage-ds-hair-shamp-equilibrant-f200ml\/","title":{"rendered":"URIAGE DS HAIR SHAMP EQUILIBRANT F200ML"},"content":{"rendered":"<p>Dieses reinigende und ausgleichende Shampoo sorgt f\u00fcr ein angenehmes und angenehmes Gef\u00fchl. Es enth\u00e4lt ein frisches und angenehmes Parf\u00fcm, eine aufgetragene Mousse und eine weiche Textur, um die Haare und die Haut zu reinigen.<\/p>\n<p>Anzeige<br \/>\nACTION APAISANTE<\/p>\n<p>Die beschleunigte TLR2-Regul-Technologie, kombiniert mit dem Eau Thermale d&#8217;Uriage und dem Edelweiss, wurde speziell entwickelt, um die Haut zu sch\u00fctzen und zu sch\u00fctzen.<\/p>\n<p>REINIGENDE AKTION<\/p>\n<p>Eine Formel auf der Basis von Piroctone Olamine reinigt die Haut.<\/p>\n<p>Verwendung<\/p>\n<p>Verwenden Sie es regelm\u00e4\u00dfig oder erg\u00e4nzend zu DS HAIR Shampooings. Applizieren Sie auf den Spitzen, vorne und hinten. Mit Wasser in gro\u00dfer Menge aufsch\u00e4umen. Rincer Abondamment. Vermeiden Sie den Kontakt mit Ihnen.<\/p>\n<p>Zusammensetzung<br \/>\nWirkstoffe<br \/>\nMarkenname: TLR2 Regul<br \/>\nPiroctone Olamine<br \/>\nEau Thermale d&#8217;Uriage<br \/>\nEdelwei\u00df<\/p>\n<p>Hohe Vertr\u00e4glichkeit<\/p>\n<p>INCI<\/p>\n<p>AQUA (WASSER, EAU) \u25cf NATRIUMLAURETHSULFAT \u25cf COCAMIDOPROPYLBETAIN \u25cf NATRIUMCOCOYLGLUTAMAT \u25cf DECYLGLUCOSID \u25cf BUTYLENGLYKOL \u25cf PARFUM (DUFTSTOFF) \u25cf COCO-GLUCOSID \u25cf GLYCERYLOLEAT \u25cf POLYQUATERNIUM-22 \u25cf NATRIUMBENZOAT \u25cf PEG-120 METHYLGLUCOSEDIOLEAT \u25cf NATRIUMCHLORID \u25cf ZITRONENS\u00c4URE \u25cf GLYCERIN \u25cf PIROCTONE OLAMIN \u25cf KOKOSNUSSS\u00c4URE \u25cf HIBISCUS SABDARIFFA-BL\u00dcTENEXTRAKT \u25cf PHYTOSPHINGOSIN \u25cf ALKOHOL \u25cf LEONTOPODIUM ALPINUM-BL\u00dcTEN-\/BLATTEXTRAKT \u25cf ASIATICOSID \u25cf KALIUMSORBAT<\/p>","protected":false},"excerpt":{"rendered":"<p>Dieses reinigende und ausgleichende Shampoo sorgt f\u00fcr ein angenehmes und angenehmes Gef\u00fchl. Es enth\u00e4lt ein frisches und angenehmes Parf\u00fcm, eine aufgetragene Mousse und eine weiche Textur, um die Haare und die Haut zu reinigen. Anzeige ACTION APAISANTE Die beschleunigte TLR2-Regul-Technologie, kombiniert mit dem Eau Thermale d&#8217;Uriage und dem Edelweiss, wurde speziell entwickelt, um die Haut [&hellip;]<\/p>\n","protected":false},"featured_media":52292,"template":"","meta":{"_acf_changed":false,"footnotes":""},"product_brand":[],"product_cat":[756],"product_tag":[],"class_list":{"0":"post-52290","1":"product","2":"type-product","3":"status-publish","4":"has-post-thumbnail","6":"product_cat-shampoing-cheveux","8":"first","9":"instock","10":"taxable","11":"shipping-taxable","12":"purchasable","13":"product-type-simple"},"acf":[],"_links":{"self":[{"href":"https:\/\/www.pharmacieonline.lu\/de\/wp-json\/wp\/v2\/product\/52290","targetHints":{"allow":["GET"]}}],"collection":[{"href":"https:\/\/www.pharmacieonline.lu\/de\/wp-json\/wp\/v2\/product"}],"about":[{"href":"https:\/\/www.pharmacieonline.lu\/de\/wp-json\/wp\/v2\/types\/product"}],"version-history":[{"count":0,"href":"https:\/\/www.pharmacieonline.lu\/de\/wp-json\/wp\/v2\/product\/52290\/revisions"}],"wp:featuredmedia":[{"embeddable":true,"href":"https:\/\/www.pharmacieonline.lu\/de\/wp-json\/wp\/v2\/media\/52292"}],"wp:attachment":[{"href":"https:\/\/www.pharmacieonline.lu\/de\/wp-json\/wp\/v2\/media?parent=52290"}],"wp:term":[{"taxonomy":"product_brand","embeddable":true,"href":"https:\/\/www.pharmacieonline.lu\/de\/wp-json\/wp\/v2\/product_brand?post=52290"},{"taxonomy":"product_cat","embeddable":true,"href":"https:\/\/www.pharmacieonline.lu\/de\/wp-json\/wp\/v2\/product_cat?post=52290"},{"taxonomy":"product_tag","embeddable":true,"href":"https:\/\/www.pharmacieonline.lu\/de\/wp-json\/wp\/v2\/product_tag?post=52290"}],"curies":[{"name":"wp","href":"https:\/\/api.w.org\/{rel}","templated":true}]}}