{"id":52305,"date":"2025-09-22T15:01:15","date_gmt":"2025-09-22T13:01:15","guid":{"rendered":"https:\/\/www.pharmacieonline.lu\/?post_type=product&#038;p=52305"},"modified":"2026-04-11T04:55:11","modified_gmt":"2026-04-11T02:55:11","slug":"supradyn-energy-90-cpr-nf","status":"publish","type":"product","link":"https:\/\/www.pharmacieonline.lu\/de\/produit\/supradyn-energy-90-cpr-nf\/","title":{"rendered":"SUPRADYN ENERGY 90 CPR NF"},"content":{"rendered":"<p>Dank einer einzigartigen und klinisch erprobten Formel aus 13 Vitaminen, 9 Mineralstoffen und Coenzym Q10 hilft Ihnen Supradyn Energy, Energie* zur\u00fcckzugewinnen, wenn Sie sie am meisten brauchen.<\/p>\n<p>Klinisch erprobte Wirksamkeit gegen k\u00f6rperliche und geistige Ersch\u00f6pfung*.<br \/>\nF\u00fcllt Vitaminspeicher auf.<br \/>\nReduziert M\u00fcdigkeit ab der ersten Einnahme.<br \/>\nEine Tablette t\u00e4glich.<br \/>\nZuckerfrei und glutenfrei.<br \/>\nIndikationen<\/p>\n<p>K\u00f6rperliche und geistige Ersch\u00f6pfung.<\/p>\n<p>Anwendung<\/p>\n<p>F\u00fcr Erwachsene und Kinder ab 14 Jahren wird eine Kur von mindestens 2 Monaten empfohlen.<\/p>\n<p>Kann das ganze Jahr \u00fcber t\u00e4glich eingenommen werden.<\/p>\n<p>1 Tablette t\u00e4glich zu einer Mahlzeit.<\/p>\n<p>Zusammensetzung<br \/>\nZutaten pro Tablette %RI\u00b0<\/p>\n<p>Vitamine<\/p>\n<p>Mineralstoffe Spurenelemente<\/p>\n<p>Beta-Carotin 0,86 mg 17,9 %<br \/>\nVitamin B1 3,3 mg 300 %<br \/>\nVitamin B2 4 mg 286 %<br \/>\nVitamin B3 45 mg 281 %<br \/>\nVitamin B5 17 mg 283 %<br \/>\nVitamin B6 4 mg 286 %<br \/>\nVitamin B8 145 \u00b5g 290 %<br \/>\nVitamin B11 430 \u00b5g 215 %<br \/>\nVitamin B12 3 \u00b5g 120 %<br \/>\nVitamin C 180 mg 225 %<br \/>\nVitamin D 5 \u00b5g 100 %<br \/>\nVitamin E 12 mg 100 %<br \/>\nVitamin K 20 \u00b5g 27 %<br \/>\nCalcium 120 mg 15 %<br \/>\nEisen 8 mg 57 %<br \/>\nJod 150 \u00b5g 100 %<br \/>\nKupfer 1 mg 100 %<br \/>\nMagnesium 80 mg 21 %<br \/>\nMangan 0,5 mg 25 %<br \/>\nMolybd\u00e4n 50 \u00b5g 100 %<br \/>\nSelen 50 \u00b5g 100 %<br \/>\nZink 4,4 mg 44 %<\/p>\n<p>\u00b0RI = Referenzmenge<\/p>","protected":false},"excerpt":{"rendered":"<p>Dank einer einzigartigen und klinisch erprobten Formel aus 13 Vitaminen, 9 Mineralstoffen und Coenzym Q10 hilft Ihnen Supradyn Energy, Energie* zur\u00fcckzugewinnen, wenn Sie sie am meisten brauchen. Klinisch erprobte Wirksamkeit gegen k\u00f6rperliche und geistige Ersch\u00f6pfung*. F\u00fcllt Vitaminspeicher auf. Reduziert M\u00fcdigkeit ab der ersten Einnahme. Eine Tablette t\u00e4glich. Zuckerfrei und glutenfrei. Indikationen K\u00f6rperliche und geistige Ersch\u00f6pfung. [&hellip;]<\/p>\n","protected":false},"featured_media":52307,"template":"","meta":{"_acf_changed":false,"footnotes":""},"product_brand":[],"product_cat":[766,81],"product_tag":[],"class_list":{"0":"post-52305","1":"product","2":"type-product","3":"status-publish","4":"has-post-thumbnail","6":"product_cat-vitamines","7":"product_cat-stimulants-de-limmunite","9":"first","10":"instock","11":"taxable","12":"shipping-taxable","13":"purchasable","14":"product-type-simple"},"acf":[],"_links":{"self":[{"href":"https:\/\/www.pharmacieonline.lu\/de\/wp-json\/wp\/v2\/product\/52305","targetHints":{"allow":["GET"]}}],"collection":[{"href":"https:\/\/www.pharmacieonline.lu\/de\/wp-json\/wp\/v2\/product"}],"about":[{"href":"https:\/\/www.pharmacieonline.lu\/de\/wp-json\/wp\/v2\/types\/product"}],"version-history":[{"count":0,"href":"https:\/\/www.pharmacieonline.lu\/de\/wp-json\/wp\/v2\/product\/52305\/revisions"}],"wp:featuredmedia":[{"embeddable":true,"href":"https:\/\/www.pharmacieonline.lu\/de\/wp-json\/wp\/v2\/media\/52307"}],"wp:attachment":[{"href":"https:\/\/www.pharmacieonline.lu\/de\/wp-json\/wp\/v2\/media?parent=52305"}],"wp:term":[{"taxonomy":"product_brand","embeddable":true,"href":"https:\/\/www.pharmacieonline.lu\/de\/wp-json\/wp\/v2\/product_brand?post=52305"},{"taxonomy":"product_cat","embeddable":true,"href":"https:\/\/www.pharmacieonline.lu\/de\/wp-json\/wp\/v2\/product_cat?post=52305"},{"taxonomy":"product_tag","embeddable":true,"href":"https:\/\/www.pharmacieonline.lu\/de\/wp-json\/wp\/v2\/product_tag?post=52305"}],"curies":[{"name":"wp","href":"https:\/\/api.w.org\/{rel}","templated":true}]}}