{"id":52310,"date":"2025-09-22T15:04:14","date_gmt":"2025-09-22T13:04:14","guid":{"rendered":"https:\/\/www.pharmacieonline.lu\/?post_type=product&#038;p=52310"},"modified":"2026-04-11T04:55:11","modified_gmt":"2026-04-11T02:55:11","slug":"supradyn-performance-boost-30-cpr-eff","status":"publish","type":"product","link":"https:\/\/www.pharmacieonline.lu\/de\/produit\/supradyn-performance-boost-30-cpr-eff\/","title":{"rendered":"SUPRADYN PERFORMANCE BOOST 30 CPR EFF"},"content":{"rendered":"<p>Supradyn\u00ae Performance Boost \u2013 Multivitamin f\u00fcr mentale Leistungsf\u00e4higkeit und Energie in 30 Minuten<\/p>\n<p>G\u00f6nnen Sie sich in 30 Minuten einen Energieschub mit Supradyn\u00ae Performance Boost, das Koffein und Guarana enth\u00e4lt!<\/p>\n<p>Supradyn\u00ae Performance Boost Multivitamin ist ein wirksames Stimulans mit 9 Vitaminen und 3 Mineralstoffen sowie Koffein und Guarana. Es st\u00e4rkt Ihre mentale Energie\u00b2 dank einer dreifachen Wirkung:<\/p>\n<p>F\u00f6rdert Konzentration und Ged\u00e4chtnis<br \/>\nSteigert die Wachsamkeit\u00b9 und hilft, geistige Erm\u00fcdung zu reduzieren<br \/>\nUnterst\u00fctzt au\u00dferdem Ihre k\u00f6rperliche Leistungsf\u00e4higkeit.<br \/>\nIndikation<\/p>\n<p>Energie \u2013 Konzentration und Ged\u00e4chtnis<\/p>\n<p>Anwendung<\/p>\n<p>Erwachsene und Jugendliche ab 18 Jahren nehmen t\u00e4glich 1 Brausetablette ein, vorzugsweise vor 16 Uhr.<\/p>\n<p>Die Brausetablette in einem gro\u00dfen Glas Wasser (250 ml) aufl\u00f6sen und sofort trinken.<br \/>\nBei gelegentlicher Anwendung die Dosis nach Bedarf wiederholen.<\/p>\n<p>Zusammensetzung<br \/>\nZutaten pro Tablette %RI\u00b0<\/p>\n<p>Vitamine<br \/>\nMineralstoffe\/Spurenelemente<\/p>\n<p>Vitamin B1 1,4 mg 127 %<br \/>\nVitamin B2 1,6 mg 114 %<br \/>\nVitamin B3 18 mg 112 %<br \/>\nVitamin B5 6 mg 100 %<br \/>\nVitamin B6 2 mg 143 %<br \/>\nVitamin B8 150 \u00b5g 300 %<br \/>\nVitamin B9 200 \u00b5g 100 %<br \/>\nVitamin B12 1 \u00b5g 40 %<br \/>\nVitamin C 60 mg 75 %<br \/>\nCalcium 100 mg 12,5 %<br \/>\nMagnesium 100 \u00b5g 26,3 %<br \/>\nZink 5 mg 50 %<br \/>\nGuarana 222,22 mg (= 40 mg Koffein)<\/p>\n<p>Koffein * 35 mg<\/p>\n<p>RI = Referenzmenge<br \/>\n* Entspricht 75 mg Koffein in 1 Brausetablette: 35 mg Koffein + 40 mg Koffein aus Guarana-Extraktpulver.<\/p>","protected":false},"excerpt":{"rendered":"<p>Supradyn\u00ae Performance Boost \u2013 Multivitamin f\u00fcr mentale Leistungsf\u00e4higkeit und Energie in 30 Minuten G\u00f6nnen Sie sich in 30 Minuten einen Energieschub mit Supradyn\u00ae Performance Boost, das Koffein und Guarana enth\u00e4lt! Supradyn\u00ae Performance Boost Multivitamin ist ein wirksames Stimulans mit 9 Vitaminen und 3 Mineralstoffen sowie Koffein und Guarana. Es st\u00e4rkt Ihre mentale Energie\u00b2 dank einer [&hellip;]<\/p>\n","protected":false},"featured_media":52313,"template":"","meta":{"_acf_changed":false,"footnotes":""},"product_brand":[],"product_cat":[766,81],"product_tag":[],"class_list":{"0":"post-52310","1":"product","2":"type-product","3":"status-publish","4":"has-post-thumbnail","6":"product_cat-vitamines","7":"product_cat-stimulants-de-limmunite","9":"first","10":"instock","11":"taxable","12":"shipping-taxable","13":"purchasable","14":"product-type-simple"},"acf":[],"_links":{"self":[{"href":"https:\/\/www.pharmacieonline.lu\/de\/wp-json\/wp\/v2\/product\/52310","targetHints":{"allow":["GET"]}}],"collection":[{"href":"https:\/\/www.pharmacieonline.lu\/de\/wp-json\/wp\/v2\/product"}],"about":[{"href":"https:\/\/www.pharmacieonline.lu\/de\/wp-json\/wp\/v2\/types\/product"}],"version-history":[{"count":0,"href":"https:\/\/www.pharmacieonline.lu\/de\/wp-json\/wp\/v2\/product\/52310\/revisions"}],"wp:featuredmedia":[{"embeddable":true,"href":"https:\/\/www.pharmacieonline.lu\/de\/wp-json\/wp\/v2\/media\/52313"}],"wp:attachment":[{"href":"https:\/\/www.pharmacieonline.lu\/de\/wp-json\/wp\/v2\/media?parent=52310"}],"wp:term":[{"taxonomy":"product_brand","embeddable":true,"href":"https:\/\/www.pharmacieonline.lu\/de\/wp-json\/wp\/v2\/product_brand?post=52310"},{"taxonomy":"product_cat","embeddable":true,"href":"https:\/\/www.pharmacieonline.lu\/de\/wp-json\/wp\/v2\/product_cat?post=52310"},{"taxonomy":"product_tag","embeddable":true,"href":"https:\/\/www.pharmacieonline.lu\/de\/wp-json\/wp\/v2\/product_tag?post=52310"}],"curies":[{"name":"wp","href":"https:\/\/api.w.org\/{rel}","templated":true}]}}