{"id":52321,"date":"2025-09-22T15:19:14","date_gmt":"2025-09-22T13:19:14","guid":{"rendered":"https:\/\/www.pharmacieonline.lu\/?post_type=product&#038;p=52321"},"modified":"2026-04-11T04:55:11","modified_gmt":"2026-04-11T02:55:11","slug":"supradyn-energy-gommes-a-70","status":"publish","type":"product","link":"https:\/\/www.pharmacieonline.lu\/de\/produit\/supradyn-energy-gommes-a-70\/","title":{"rendered":"SUPRADYN ENERGY GOMMES A 70"},"content":{"rendered":"<p>Supradyn\u00ae Energy Gummies sind eine Formel mit 6 Vitaminen und Coenzym Q10. Diese Kombination wurde speziell entwickelt, um den Energiestoffwechsel Ihres K\u00f6rpers bei vor\u00fcbergehender M\u00fcdigkeit zu unterst\u00fctzen und Ihnen zu helfen, in Topform zu bleiben.<\/p>\n<p>Indikationen<\/p>\n<p>Energie-Vitalit\u00e4t<\/p>\n<p>Anwendung<\/p>\n<p>F\u00fcr Erwachsene und Kinder ab 12 Jahren: 2 Gummib\u00e4rchen pro Tag.<\/p>\n<p>Sie k\u00f6nnen Supradyn\u00ae Gummib\u00e4rchen das ganze Jahr \u00fcber t\u00e4glich zus\u00e4tzlich zu einer abwechslungsreichen und ausgewogenen Ern\u00e4hrung einnehmen.<\/p>\n<p>Kinder ab 4 Jahren: 1 Gummib\u00e4rchen pro Tag.<\/p>\n<p>Erwachsene und Kinder ab 12 Jahren: 2 Gummib\u00e4rchen pro Tag.<\/p>\n<p>Supradyn\u00ae Energy Gummies k\u00f6nnen das ganze Jahr \u00fcber t\u00e4glich zus\u00e4tzlich zu einer abwechslungsreichen und ausgewogenen Ern\u00e4hrung eingenommen werden.<\/p>\n<p>Zutaten<\/p>\n<p>Zutaten pro Gummib\u00e4rchen:<\/p>\n<p>VITAMINE<\/p>\n<p>Vitamin A: 300 \u00b5g<\/p>\n<p>Vitamin B6: 0,7 mg<\/p>\n<p>Vitamin B12: 2,5 \u00b5g<\/p>\n<p>Vitamin C: 80 mg<\/p>\n<p>Vitamin D3: 1,88 \u00b5g<\/p>\n<p>Vitamin E: 4,03 mg<\/p>\n<p>Biotin: 25 \u00b5g<\/p>\n<p>SONSTIGE ZUTATEN<\/p>\n<p>Coenzym Q10: 2,25 mg<\/p>\n<p>Wasser, Glukosesirup, Zucker, Gelatine, L-Ascorbins\u00e4ure, Karottenkonzentrat, Coenzym Q10, DL-alpha-Tocopherylacetat, Kirscharoma, Orangenaroma, Himbeeraroma, Pflanzen\u00f6l, Schwarzes Johannisbeerkonzentrat, Paprikakonzentrat, Pyridoxinhydrochlorid, Retinylacetat, \u00dcberzugsmittel (Carnaubawachs, Bienenwachs), D-Biotin, Cyanocobalamin, Cholecalciferol.<\/p>","protected":false},"excerpt":{"rendered":"<p>Supradyn\u00ae Energy Gummies sind eine Formel mit 6 Vitaminen und Coenzym Q10. Diese Kombination wurde speziell entwickelt, um den Energiestoffwechsel Ihres K\u00f6rpers bei vor\u00fcbergehender M\u00fcdigkeit zu unterst\u00fctzen und Ihnen zu helfen, in Topform zu bleiben. Indikationen Energie-Vitalit\u00e4t Anwendung F\u00fcr Erwachsene und Kinder ab 12 Jahren: 2 Gummib\u00e4rchen pro Tag. Sie k\u00f6nnen Supradyn\u00ae Gummib\u00e4rchen das ganze [&hellip;]<\/p>\n","protected":false},"featured_media":52323,"template":"","meta":{"_acf_changed":false,"footnotes":""},"product_brand":[],"product_cat":[766,81],"product_tag":[],"class_list":{"0":"post-52321","1":"product","2":"type-product","3":"status-publish","4":"has-post-thumbnail","6":"product_cat-vitamines","7":"product_cat-stimulants-de-limmunite","9":"first","10":"instock","11":"taxable","12":"shipping-taxable","13":"purchasable","14":"product-type-simple"},"acf":[],"_links":{"self":[{"href":"https:\/\/www.pharmacieonline.lu\/de\/wp-json\/wp\/v2\/product\/52321","targetHints":{"allow":["GET"]}}],"collection":[{"href":"https:\/\/www.pharmacieonline.lu\/de\/wp-json\/wp\/v2\/product"}],"about":[{"href":"https:\/\/www.pharmacieonline.lu\/de\/wp-json\/wp\/v2\/types\/product"}],"version-history":[{"count":0,"href":"https:\/\/www.pharmacieonline.lu\/de\/wp-json\/wp\/v2\/product\/52321\/revisions"}],"wp:featuredmedia":[{"embeddable":true,"href":"https:\/\/www.pharmacieonline.lu\/de\/wp-json\/wp\/v2\/media\/52323"}],"wp:attachment":[{"href":"https:\/\/www.pharmacieonline.lu\/de\/wp-json\/wp\/v2\/media?parent=52321"}],"wp:term":[{"taxonomy":"product_brand","embeddable":true,"href":"https:\/\/www.pharmacieonline.lu\/de\/wp-json\/wp\/v2\/product_brand?post=52321"},{"taxonomy":"product_cat","embeddable":true,"href":"https:\/\/www.pharmacieonline.lu\/de\/wp-json\/wp\/v2\/product_cat?post=52321"},{"taxonomy":"product_tag","embeddable":true,"href":"https:\/\/www.pharmacieonline.lu\/de\/wp-json\/wp\/v2\/product_tag?post=52321"}],"curies":[{"name":"wp","href":"https:\/\/api.w.org\/{rel}","templated":true}]}}