{"id":52341,"date":"2025-09-22T15:27:09","date_gmt":"2025-09-22T13:27:09","guid":{"rendered":"https:\/\/www.pharmacieonline.lu\/?post_type=product&#038;p=52341"},"modified":"2026-04-06T03:55:11","modified_gmt":"2026-04-06T01:55:11","slug":"golaseptine-lidoc-5-mg-1-mg-40-cpr-2","status":"publish","type":"product","link":"https:\/\/www.pharmacieonline.lu\/de\/produit\/golaseptine-lidoc-5-mg-1-mg-40-cpr-2\/","title":{"rendered":"GOLASEPTINE LIDOC 5 MG + 1 MG 40 CPR"},"content":{"rendered":"<p>Indikationen<br \/>\n\u00d6ffentlichkeit\/Patient<br \/>\nHalsschmerzen und Rachenreizungen: Desinfektionsmittel und lokales Schmerzmittel.<\/p>\n<p>Kontraindikationen<br \/>\n\u00d6ffentlichkeit\/Patient<br \/>\nGolaseptin-Lidocain darf nicht eingenommen werden:<\/p>\n<p>Bei \u00dcberempfindlichkeit gegen Chlorhexidin (ein Antiseptikum), Lidocain (ein Lokalan\u00e4sthetikum) oder einen der Inhaltsstoffe des Produkts.<\/p>\n<p>Kinder unter 6 Jahren.<\/p>\n<p>Anwendung<br \/>\n\u00d6ffentlichkeit\/Patient<br \/>\nErwachsene<\/p>\n<p>6 bis 10 Tabletten t\u00e4glich.<br \/>\nKinder \u00fcber 6 Jahren.<\/p>\n<p>3 bis 5 Tabletten t\u00e4glich.<br \/>\nAnwendungsart<\/p>\n<p>Lutschtabletten.<br \/>\nZusammensetzung<br \/>\n\u00d6ffentlichkeit\/Patient<br \/>\nWirkstoffe: 5 mg Chlorhexidinhydrochlorid, 1 mg Lidocainhydrochlorid.<\/p>\n<p>Sonstige Bestandteile: Sorbitol, Magnesiumstearat und Pfefferminze.<\/p>\n<p>Wechselwirkungen<br \/>\n\u00d6ffentlichkeit\/Patient<br \/>\nNicht gleichzeitig mit Cholinesterasehemmern anwenden.<br \/>\nNicht gleichzeitig mit anderen Desinfektionsmitteln anwenden.<\/p>","protected":false},"excerpt":{"rendered":"<p>Indikationen \u00d6ffentlichkeit\/Patient Halsschmerzen und Rachenreizungen: Desinfektionsmittel und lokales Schmerzmittel. Kontraindikationen \u00d6ffentlichkeit\/Patient Golaseptin-Lidocain darf nicht eingenommen werden: Bei \u00dcberempfindlichkeit gegen Chlorhexidin (ein Antiseptikum), Lidocain (ein Lokalan\u00e4sthetikum) oder einen der Inhaltsstoffe des Produkts. Kinder unter 6 Jahren. Anwendung \u00d6ffentlichkeit\/Patient Erwachsene 6 bis 10 Tabletten t\u00e4glich. Kinder \u00fcber 6 Jahren. 3 bis 5 Tabletten t\u00e4glich. Anwendungsart Lutschtabletten. Zusammensetzung [&hellip;]<\/p>\n","protected":false},"featured_media":52343,"template":"","meta":{"_acf_changed":false,"footnotes":""},"product_brand":[],"product_cat":[105],"product_tag":[],"class_list":{"0":"post-52341","1":"product","2":"type-product","3":"status-publish","4":"has-post-thumbnail","6":"product_cat-comprimes-gorge","8":"first","9":"instock","10":"taxable","11":"shipping-taxable","12":"purchasable","13":"product-type-simple"},"acf":[],"_links":{"self":[{"href":"https:\/\/www.pharmacieonline.lu\/de\/wp-json\/wp\/v2\/product\/52341","targetHints":{"allow":["GET"]}}],"collection":[{"href":"https:\/\/www.pharmacieonline.lu\/de\/wp-json\/wp\/v2\/product"}],"about":[{"href":"https:\/\/www.pharmacieonline.lu\/de\/wp-json\/wp\/v2\/types\/product"}],"version-history":[{"count":0,"href":"https:\/\/www.pharmacieonline.lu\/de\/wp-json\/wp\/v2\/product\/52341\/revisions"}],"wp:featuredmedia":[{"embeddable":true,"href":"https:\/\/www.pharmacieonline.lu\/de\/wp-json\/wp\/v2\/media\/52343"}],"wp:attachment":[{"href":"https:\/\/www.pharmacieonline.lu\/de\/wp-json\/wp\/v2\/media?parent=52341"}],"wp:term":[{"taxonomy":"product_brand","embeddable":true,"href":"https:\/\/www.pharmacieonline.lu\/de\/wp-json\/wp\/v2\/product_brand?post=52341"},{"taxonomy":"product_cat","embeddable":true,"href":"https:\/\/www.pharmacieonline.lu\/de\/wp-json\/wp\/v2\/product_cat?post=52341"},{"taxonomy":"product_tag","embeddable":true,"href":"https:\/\/www.pharmacieonline.lu\/de\/wp-json\/wp\/v2\/product_tag?post=52341"}],"curies":[{"name":"wp","href":"https:\/\/api.w.org\/{rel}","templated":true}]}}