{"id":52976,"date":"2025-10-29T14:14:50","date_gmt":"2025-10-29T13:14:50","guid":{"rendered":"https:\/\/www.pharmacieonline.lu\/?post_type=product&#038;p=52976"},"modified":"2026-04-09T07:55:06","modified_gmt":"2026-04-09T05:55:06","slug":"uriage-age-abs-serum-boost-collag-30ml","status":"publish","type":"product","link":"https:\/\/www.pharmacieonline.lu\/de\/produit\/uriage-age-abs-serum-boost-collag-30ml\/","title":{"rendered":"URIAGE AGE ABS SERUM BOOST COLLAG 30ML"},"content":{"rendered":"<p>Kollagenverlust? Eine biologische Tatsache, die sich dennoch wissenschaftlich korrigieren l\u00e4sst.<\/p>\n<p>Um dem R\u00fcckgang der Kollagenproduktion entgegenzuwirken, gibt es das AGE ABSOLU Serum. Dank eines doppelten Kollagen-Boosts [Kollagen-Booster in Mikrosph\u00e4ren + Prokollagen-Peptid] strafft es die Haut. Es hilft, den Kollagenspiegel zu erh\u00f6hen, indem es Prokollagen bis zu sechsmal verst\u00e4rkt. Sofortiger Straffungseffekt.<\/p>\n<p>Dieser Effekt wird zus\u00e4tzlich durch dermatologische Inhaltsstoffe verst\u00e4rkt, die die Zeichen der Hautalterung korrigieren und deren Wiederauftreten verhindern.<\/p>\n<p>Die Kraft dieser Inhaltsstoffe wurde in einer neuen, aktiven und sich entwickelnden Wasser-in-\u00d6l-Textur vereint, sodass die Wirkstoffe besser erhalten bleiben und schneller einziehen.<\/p>\n<p>Die Haut wirkt sofort straffer. Das Serum wirkt Tag f\u00fcr Tag gegen 9 Zeichen der Hautalterung: Falten, schlaffe Haut, nachlassende Festigkeit, Volumenverlust, nachlassende Hautelastizit\u00e4t, fahler Teint, Pigmentflecken und ein unangenehmes Hautgef\u00fchl.<\/p>\n<p>Geeignet f\u00fcr alle reifen Hauttypen, auch f\u00fcr empfindliche Haut. Dermatologisch getestet. Von Dermatologen empfohlen.<\/p>\n<p>Anwendungsgebiet<\/p>\n<p>Serum f\u00fcr glattere, straffere und ebenm\u00e4\u00dfigere Haut.<\/p>\n<p>Anwendung<\/p>\n<p>Morgens und\/oder abends auf Gesicht, Hals und Dekollet\u00e9 auftragen.<\/p>\n<p>Augenkontakt vermeiden. Enth\u00e4lt Vitamin A. Achten Sie auf Ihre t\u00e4gliche Vitamin-A-Zufuhr.<\/p>\n<p>Inhaltsstoffe<\/p>\n<p>AQUA (WASSER) \u25cf PROPANEDIOL \u25cf GLYCERIN \u25cf BETAINE \u25cf DICAPRYLYLCARBONAT \u25cf PENTYLENGLYKOL \u25cf CAPRYLIC\/CAPRIC TRIGLYCERID \u25cf 1,2-HEXANDIOL \u25cf BUTYROSPERMUM PARKII (SHEA) BUTTER \u25cf POLYGLYCERIN-3 \u25cf LIMNANTHES ALBA (WIEBE) SAMEN\u00d6L \u25cf RIZINUS\u00d6L\/IPDI-COPOLYMER \u25cf HELIANTHUS ANNUUS (SONNENBLUMEN) SAMEN\u00d6L \u25cf CAESALPINIA SPINOSA FRUCHTEXTRAKT \u25cf Vernetzte Acrylate\/C10-30-Alkylacrylat-Polymer \u25cf Caprylylglycol \u25cf Parfum (Duftstoff) \u25cf Carbomer \u25cf Natriumhyaluronat \u25cf Ascorbyltetraisopalmitat \u25cf Natriumhydroxid \u25cf Tocopherylacetat \u25cf Kappaphycus Alvarezii-Extrakt \u25cf Trinatriumethylendiamindisuccinat \u25cf Butylenglykol \u25cf Retinylpalmitat \u25cf Lupinus Albus-Samenextrakt \u25cf Akaziengummi \u25cf Xanthangummi \u25cf Tocopherol \u25cf Tetrapeptid-4 \u25cf Theobroma cacao (Kakao)-Samenextrakt \u25cf CI 19140 (Gelb 5) \u25cf CI 17200 (Rot 33) \u25cf Spirulina platensis-Extrakt.<\/p>","protected":false},"excerpt":{"rendered":"<p>Kollagenverlust? Eine biologische Tatsache, die sich dennoch wissenschaftlich korrigieren l\u00e4sst. Um dem R\u00fcckgang der Kollagenproduktion entgegenzuwirken, gibt es das AGE ABSOLU Serum. Dank eines doppelten Kollagen-Boosts [Kollagen-Booster in Mikrosph\u00e4ren + Prokollagen-Peptid] strafft es die Haut. Es hilft, den Kollagenspiegel zu erh\u00f6hen, indem es Prokollagen bis zu sechsmal verst\u00e4rkt. Sofortiger Straffungseffekt. Dieser Effekt wird zus\u00e4tzlich durch [&hellip;]<\/p>\n","protected":false},"featured_media":52978,"template":"","meta":{"_acf_changed":false,"footnotes":""},"product_brand":[],"product_cat":[54],"product_tag":[],"class_list":{"0":"post-52976","1":"product","2":"type-product","3":"status-publish","4":"has-post-thumbnail","6":"product_cat-soins-du-visage","8":"first","9":"instock","10":"taxable","11":"shipping-taxable","12":"purchasable","13":"product-type-simple"},"acf":[],"_links":{"self":[{"href":"https:\/\/www.pharmacieonline.lu\/de\/wp-json\/wp\/v2\/product\/52976","targetHints":{"allow":["GET"]}}],"collection":[{"href":"https:\/\/www.pharmacieonline.lu\/de\/wp-json\/wp\/v2\/product"}],"about":[{"href":"https:\/\/www.pharmacieonline.lu\/de\/wp-json\/wp\/v2\/types\/product"}],"version-history":[{"count":0,"href":"https:\/\/www.pharmacieonline.lu\/de\/wp-json\/wp\/v2\/product\/52976\/revisions"}],"wp:featuredmedia":[{"embeddable":true,"href":"https:\/\/www.pharmacieonline.lu\/de\/wp-json\/wp\/v2\/media\/52978"}],"wp:attachment":[{"href":"https:\/\/www.pharmacieonline.lu\/de\/wp-json\/wp\/v2\/media?parent=52976"}],"wp:term":[{"taxonomy":"product_brand","embeddable":true,"href":"https:\/\/www.pharmacieonline.lu\/de\/wp-json\/wp\/v2\/product_brand?post=52976"},{"taxonomy":"product_cat","embeddable":true,"href":"https:\/\/www.pharmacieonline.lu\/de\/wp-json\/wp\/v2\/product_cat?post=52976"},{"taxonomy":"product_tag","embeddable":true,"href":"https:\/\/www.pharmacieonline.lu\/de\/wp-json\/wp\/v2\/product_tag?post=52976"}],"curies":[{"name":"wp","href":"https:\/\/api.w.org\/{rel}","templated":true}]}}