{"id":52981,"date":"2025-10-29T14:25:16","date_gmt":"2025-10-29T13:25:16","guid":{"rendered":"https:\/\/www.pharmacieonline.lu\/?post_type=product&#038;p=52981"},"modified":"2026-04-09T10:55:16","modified_gmt":"2026-04-09T08:55:16","slug":"uriage-age-lift-soin-liss-regard-15-ml","status":"publish","type":"product","link":"https:\/\/www.pharmacieonline.lu\/de\/produit\/uriage-age-lift-soin-liss-regard-15-ml\/","title":{"rendered":"URIAGE AGE LIFT SOIN LISS REGARD 15 ML"},"content":{"rendered":"<p>AGE LIFT Innovation \u2013 die dermatologische Lifting-Pflegeserie, die alle Hauttypen, selbst empfindliche Haut, gl\u00e4ttet und strafft [3x weniger Falten, 3x mehr Festigkeit]*. Diese zartschmelzende Augencreme wirkt gleichzeitig gegen Falten, strafft die Augenpartie und sch\u00fctzt vor den t\u00e4glichen Belastungen der Haut: Blaulicht, UV-Strahlung, Umweltverschmutzung, Stress und M\u00fcdigkeit. Die Haut um die Augen wird gegl\u00e4ttet und mit Feuchtigkeit versorgt. Falten, Schwellungen und Augenringe werden gemildert, und die Augen wirken erholter.<\/p>\n<p>Bekannte Anti-Aging-Wirkstoffe: [RETINOL** + HYALURONS\u00c4URE]<\/p>\n<p>Anwendung<\/p>\n<p>Anti-Aging-Augencreme.<\/p>\n<p>Anwendung<\/p>\n<p>Tragen Sie die Anti-Aging-Augencreme morgens und\/oder abends mit einer leichten Massage auf.<\/p>\n<p>Zusammensetzung<\/p>\n<p>AQUA (WASSER) &#8211; DIMETHICON &#8211; BUTYLENGLYKOL &#8211; DIGLYCERIN &#8211; SILICA &#8211; BUTYROSPERMUM PARKII (SHEA) BUTTER &#8211; CETYLALKOHOL &#8211; SQUALAN &#8211; JOJOBASTER &#8211; 1,2-HEXANDIOL &#8211; BORNITRID &#8211; GLYCERYLSTEARAT &#8211; PEG-100-STEARAT &#8211; GLYCERYLBEHENAT &#8211; HELIANTHUS ANNUUS SAMENWACHS (HELIANTHUS ANNUUS (SONNENBLUMEN) SAMENWACHS) &#8211; DIMETHICONOL &#8211; POLYACRYLAT-CROSSPOLYMER-6 &#8211; NATRIUMACRYLAT\/NATRIUMACRYLOYLDIMETHYLTAURAT-COPOLYMER &#8211; NATRIUMDEXTRANSULFAT &#8211; CAESALPINIA SPINOSA FRUCHTEXTRAKT &#8211; ISOHEXADECAN &#8211; BENZOES\u00c4URE &#8211; MICA GLYCERIN &#8211; ASCORBYL TETRAISOPALMITAT &#8211; POLYSORBAT 80 &#8211; TOCOPHERYLACETAT &#8211; KAPPAPHYCUS ALVAREZII EXTRAKT &#8211; o-CYMEN-5-OL &#8211; CI 77891 (TITANDIOXID) &#8211; ACACIA DECURRENS BL\u00dcTENWACHS (ACACIA DECURRENS BL\u00dcTENWACHS) &#8211; POLYGLYCERIN-3 &#8211; RETINYLPALMITAT &#8211; ADENOSIN &#8211; NATRIUMHYALURONAT &#8211; NATRIUMHYDROXID &#8211; SORBITANOLEAT &#8211; t-BUTYLALKOHOL &#8211; THEOBROMA CACAO (KAKAO) SAMENEXTRAKT &#8211; SPIRULINA PLATENSIS EXTRAKT &#8211; TOCOPHEROL.<\/p>","protected":false},"excerpt":{"rendered":"<p>AGE LIFT Innovation \u2013 die dermatologische Lifting-Pflegeserie, die alle Hauttypen, selbst empfindliche Haut, gl\u00e4ttet und strafft [3x weniger Falten, 3x mehr Festigkeit]*. Diese zartschmelzende Augencreme wirkt gleichzeitig gegen Falten, strafft die Augenpartie und sch\u00fctzt vor den t\u00e4glichen Belastungen der Haut: Blaulicht, UV-Strahlung, Umweltverschmutzung, Stress und M\u00fcdigkeit. Die Haut um die Augen wird gegl\u00e4ttet und mit [&hellip;]<\/p>\n","protected":false},"featured_media":52983,"template":"","meta":{"_acf_changed":false,"footnotes":""},"product_brand":[],"product_cat":[54],"product_tag":[],"class_list":{"0":"post-52981","1":"product","2":"type-product","3":"status-publish","4":"has-post-thumbnail","6":"product_cat-soins-du-visage","8":"first","9":"instock","10":"taxable","11":"shipping-taxable","12":"purchasable","13":"product-type-simple"},"acf":[],"_links":{"self":[{"href":"https:\/\/www.pharmacieonline.lu\/de\/wp-json\/wp\/v2\/product\/52981","targetHints":{"allow":["GET"]}}],"collection":[{"href":"https:\/\/www.pharmacieonline.lu\/de\/wp-json\/wp\/v2\/product"}],"about":[{"href":"https:\/\/www.pharmacieonline.lu\/de\/wp-json\/wp\/v2\/types\/product"}],"version-history":[{"count":0,"href":"https:\/\/www.pharmacieonline.lu\/de\/wp-json\/wp\/v2\/product\/52981\/revisions"}],"wp:featuredmedia":[{"embeddable":true,"href":"https:\/\/www.pharmacieonline.lu\/de\/wp-json\/wp\/v2\/media\/52983"}],"wp:attachment":[{"href":"https:\/\/www.pharmacieonline.lu\/de\/wp-json\/wp\/v2\/media?parent=52981"}],"wp:term":[{"taxonomy":"product_brand","embeddable":true,"href":"https:\/\/www.pharmacieonline.lu\/de\/wp-json\/wp\/v2\/product_brand?post=52981"},{"taxonomy":"product_cat","embeddable":true,"href":"https:\/\/www.pharmacieonline.lu\/de\/wp-json\/wp\/v2\/product_cat?post=52981"},{"taxonomy":"product_tag","embeddable":true,"href":"https:\/\/www.pharmacieonline.lu\/de\/wp-json\/wp\/v2\/product_tag?post=52981"}],"curies":[{"name":"wp","href":"https:\/\/api.w.org\/{rel}","templated":true}]}}