{"id":52991,"date":"2025-10-29T14:28:53","date_gmt":"2025-10-29T13:28:53","guid":{"rendered":"https:\/\/www.pharmacieonline.lu\/?post_type=product&#038;p=52991"},"modified":"2026-04-09T10:55:15","modified_gmt":"2026-04-09T08:55:15","slug":"uriage-age-lift-cr-nuit-liss-revit-40ml","status":"publish","type":"product","link":"https:\/\/www.pharmacieonline.lu\/de\/produit\/uriage-age-lift-cr-nuit-liss-revit-40ml\/","title":{"rendered":"URIAGE AGE LIFT CR NUIT LISS REVIT 40ML"},"content":{"rendered":"<p>AGE LIFT Innovation \u2013 die dermatologische Lifting-Pflegeserie, die alle Hauttypen, selbst empfindliche Haut, gl\u00e4ttet und strafft [3x weniger Falten, 3x mehr Festigkeit]*. Diese reichhaltige, gl\u00e4ttende Nachtcreme wirkt gleichzeitig gegen Falten, strafft die Haut und verbessert die Sauerstoffversorgung der Zellen**. Morgens wirkt das Gesicht erholter. Die Haut ist glatter, fester und revitalisiert. Die Gesichtskonturen sind definierter, der Teint ebenm\u00e4\u00dfig und strahlend.<\/p>\n<p>Bekannte Anti-Aging-Wirkstoffe: [RETINOL*** + HYALURONS\u00c4URE + VITAMINE C &amp; E]<\/p>\n<p>*Klinische Studie unter dermatologischer Kontrolle mit 24 weiblichen Probandinnen im Alter von 39 bis 55 Jahren. Zweimal t\u00e4gliche Anwendung der AGE LIFT Tagescreme \u00fcber 2 Monate. Selbsteinsch\u00e4tzung anhand einer Skala.<\/p>\n<p>**In-vitro-Test des Inhaltsstoffs<\/p>\n<p>Anwendung<\/p>\n<p>Anti-Aging-Nachtcreme<\/p>\n<p>Anwendung<\/p>\n<p>Tragen Sie die Anti-Aging-Nachtcreme t\u00e4glich auf das gesamte Gesicht auf. Augenkontakt vermeiden. Bei Brennen die Anwendungsh\u00e4ufigkeit verringern.<\/p>\n<p>Zusammensetzung<\/p>\n<p>AQUA (WASSER) &#8211; DICAPRYLYLETHER &#8211; DIMETHICONE &#8211; SQUALAN &#8211; PROPYLHEPTYLCAPRYLAT &#8211; ISODODECAN &#8211; BUTYROSPERMUM PARKII (SHEA) BUTTER &#8211; DICAPRYLYLCARBONAT &#8211; GLYCERIN &#8211; BUTYLENGLYKOL &#8211; DIGLYCERIN &#8211; JOJOBAESTERS &#8211; 1,2-HEXANDIOL &#8211; CETYLALKOHOL &#8211; STEARETH-2 &#8211; STEARETH-21 &#8211; ASCORBYLTETRAISOPALMITAT &#8211; TOCOPHERYLACETAT &#8211; RETINYLPALMITAT &#8211; NATRIUMHYALURONAT &#8211; CROTON LECHLERI HARZEXTRAKT &#8211; TOCOPHEROL &#8211; NATRIUMPOLYACRYLAT &#8211; POLYGLYCERIN-3 &#8211; DIMETHICONE\/BIS-ISOBUTYL PPG-20 CROSSPOLYMER &#8211; PARF\u00dcM (DUFTSTOFF) &#8211; POLYACRYLATE CROSSPOLYMER-6 &#8211; CHLORPHENESIN &#8211; o-CYMEN-5-OL &#8211; ACACIA DECURRENS BL\u00dcTENWACHS &#8211; HELIANTHUS ANNUUS SAMENWACHS &#8211; ADENOSIN &#8211; LECITHIN &#8211; ZITRONENS\u00c4URE &#8211; THEOBROMA COCOA (KAKAO) SAMENEXTRAKT &#8211; t-BUTYLALKOHOL &#8211; LEPIDIUM SATIVUM SPROSSENEXTRAKT.<\/p>","protected":false},"excerpt":{"rendered":"<p>AGE LIFT Innovation \u2013 die dermatologische Lifting-Pflegeserie, die alle Hauttypen, selbst empfindliche Haut, gl\u00e4ttet und strafft [3x weniger Falten, 3x mehr Festigkeit]*. Diese reichhaltige, gl\u00e4ttende Nachtcreme wirkt gleichzeitig gegen Falten, strafft die Haut und verbessert die Sauerstoffversorgung der Zellen**. Morgens wirkt das Gesicht erholter. Die Haut ist glatter, fester und revitalisiert. Die Gesichtskonturen sind definierter, [&hellip;]<\/p>\n","protected":false},"featured_media":52993,"template":"","meta":{"_acf_changed":false,"footnotes":""},"product_brand":[],"product_cat":[54],"product_tag":[],"class_list":{"0":"post-52991","1":"product","2":"type-product","3":"status-publish","4":"has-post-thumbnail","6":"product_cat-soins-du-visage","8":"first","9":"instock","10":"taxable","11":"shipping-taxable","12":"purchasable","13":"product-type-simple"},"acf":[],"_links":{"self":[{"href":"https:\/\/www.pharmacieonline.lu\/de\/wp-json\/wp\/v2\/product\/52991","targetHints":{"allow":["GET"]}}],"collection":[{"href":"https:\/\/www.pharmacieonline.lu\/de\/wp-json\/wp\/v2\/product"}],"about":[{"href":"https:\/\/www.pharmacieonline.lu\/de\/wp-json\/wp\/v2\/types\/product"}],"version-history":[{"count":0,"href":"https:\/\/www.pharmacieonline.lu\/de\/wp-json\/wp\/v2\/product\/52991\/revisions"}],"wp:featuredmedia":[{"embeddable":true,"href":"https:\/\/www.pharmacieonline.lu\/de\/wp-json\/wp\/v2\/media\/52993"}],"wp:attachment":[{"href":"https:\/\/www.pharmacieonline.lu\/de\/wp-json\/wp\/v2\/media?parent=52991"}],"wp:term":[{"taxonomy":"product_brand","embeddable":true,"href":"https:\/\/www.pharmacieonline.lu\/de\/wp-json\/wp\/v2\/product_brand?post=52991"},{"taxonomy":"product_cat","embeddable":true,"href":"https:\/\/www.pharmacieonline.lu\/de\/wp-json\/wp\/v2\/product_cat?post=52991"},{"taxonomy":"product_tag","embeddable":true,"href":"https:\/\/www.pharmacieonline.lu\/de\/wp-json\/wp\/v2\/product_tag?post=52991"}],"curies":[{"name":"wp","href":"https:\/\/api.w.org\/{rel}","templated":true}]}}