{"id":52996,"date":"2025-10-29T14:30:27","date_gmt":"2025-10-29T13:30:27","guid":{"rendered":"https:\/\/www.pharmacieonline.lu\/?post_type=product&#038;p=52996"},"modified":"2026-04-09T10:55:15","modified_gmt":"2026-04-09T08:55:15","slug":"uriage-age-lift-filler-soin-comb-inst30m","status":"publish","type":"product","link":"https:\/\/www.pharmacieonline.lu\/de\/produit\/uriage-age-lift-filler-soin-comb-inst30m\/","title":{"rendered":"URIAGE AGE LIFT FILLER SOIN COMB INST30M"},"content":{"rendered":"<p>AGE LIFT Innovation \u2013 die dermatologische Lifting-Pflegeserie, die alle Hauttypen gl\u00e4ttet und strafft [3x weniger Falten, 3x mehr Festigkeit]*. Dieser Sofort-Filler gegen Hautalterung f\u00fcllt Falten (Kr\u00e4henf\u00fc\u00dfe, Linien, Lippenkonturen) auf. Die Haut wirkt glatter und der Teint ebenm\u00e4\u00dfiger. Unreinheiten und Flecken werden gemildert und das Hautbild verfeinert. F\u00fcr einen nat\u00fcrlichen Look.<\/p>\n<p>Anti-Aging-Wirkstoffe: [RETINOL** + HYALURONS\u00c4URE + PORENVERFEINERUNG]<\/p>\n<p>Anwendung<\/p>\n<p>Sofort-Filler.<\/p>\n<p>Anwendung<\/p>\n<p>Tragen Sie diese Anti-Aging-Pflege morgens und\/oder abends mit einer leichten Massage auf. Gro\u00dffl\u00e4chig oder gezielt auf einzelne Bereiche auftragen. F\u00fcr Auffrischungen im Laufe des Tages.<\/p>\n<p>Zusammensetzung<\/p>\n<p>AQUA (WASSER) &#8211; OCTYLDODECYLNEOPENTANOAT &#8211; ISODODECAN &#8211; BUTYLENGLYKOL &#8211; BEHENETH-25 &#8211; DIMETHICON &#8211; SQUALAN &#8211; BUTYROSPERMUM PARKII (SHEA) BUTTER &#8211; GLYCERIN &#8211; DIGLYCERIN &#8211; CETYLALKOHOL &#8211; GLYCERYLBEHENAT &#8211; DIMETHICON\/VINYLDIMETHICON-CROSSPOLYMER &#8211; POLYPHENYLSILSESQUIOXAN &#8211; NATRIUMPOLYACRYLOYLDIMETHYLTAURAT &#8211; 1,2-HEXANDIOL &#8211; JOJOBAESTER &#8211; DIMETHICON\/BIS-ISOBUTYL-PPG-20-CROSSPOLYMER &#8211; PHENOXYETHANOL &#8211; HELIANTHUS ANNUUS SAMENWACHS (HELIANTHUS ANNUUS (SONNENBLUMEN)) &#8211; CAESALPINIA SPINOSA-FRUCHTEXTRAKT &#8211; WACHS) &#8211; POLYGLYCERIN-3 &#8211; ADENOSIN &#8211; NATRIUMHYALURONAT &#8211; MICA &#8211; POLYGLYCERYL-4-DIISOSTEARAT\/ POLYHYDROXYSTEARAT\/SEBACAT &#8211; NATRIUMHYALURONAT-CROSSPOLYMER &#8211; NATRIUMISOSTEARAT &#8211; ROSA MULTIFLORA-FRUCHTEXTRAKT &#8211; THEOBROMA CACAO (KAKAO)-SAMENEXTRAKT &#8211; ZITRONENS\u00c4URE &#8211; ZINNOXID &#8211; CROTON LECHLLERI-HARZEXTRAKT &#8211; TOCOPHEROL.<\/p>","protected":false},"excerpt":{"rendered":"<p>AGE LIFT Innovation \u2013 die dermatologische Lifting-Pflegeserie, die alle Hauttypen gl\u00e4ttet und strafft [3x weniger Falten, 3x mehr Festigkeit]*. Dieser Sofort-Filler gegen Hautalterung f\u00fcllt Falten (Kr\u00e4henf\u00fc\u00dfe, Linien, Lippenkonturen) auf. Die Haut wirkt glatter und der Teint ebenm\u00e4\u00dfiger. Unreinheiten und Flecken werden gemildert und das Hautbild verfeinert. F\u00fcr einen nat\u00fcrlichen Look. Anti-Aging-Wirkstoffe: [RETINOL** + HYALURONS\u00c4URE + [&hellip;]<\/p>\n","protected":false},"featured_media":52998,"template":"","meta":{"_acf_changed":false,"footnotes":""},"product_brand":[],"product_cat":[54],"product_tag":[],"class_list":{"0":"post-52996","1":"product","2":"type-product","3":"status-publish","4":"has-post-thumbnail","6":"product_cat-soins-du-visage","8":"first","9":"instock","10":"taxable","11":"shipping-taxable","12":"purchasable","13":"product-type-simple"},"acf":[],"_links":{"self":[{"href":"https:\/\/www.pharmacieonline.lu\/de\/wp-json\/wp\/v2\/product\/52996","targetHints":{"allow":["GET"]}}],"collection":[{"href":"https:\/\/www.pharmacieonline.lu\/de\/wp-json\/wp\/v2\/product"}],"about":[{"href":"https:\/\/www.pharmacieonline.lu\/de\/wp-json\/wp\/v2\/types\/product"}],"version-history":[{"count":0,"href":"https:\/\/www.pharmacieonline.lu\/de\/wp-json\/wp\/v2\/product\/52996\/revisions"}],"wp:featuredmedia":[{"embeddable":true,"href":"https:\/\/www.pharmacieonline.lu\/de\/wp-json\/wp\/v2\/media\/52998"}],"wp:attachment":[{"href":"https:\/\/www.pharmacieonline.lu\/de\/wp-json\/wp\/v2\/media?parent=52996"}],"wp:term":[{"taxonomy":"product_brand","embeddable":true,"href":"https:\/\/www.pharmacieonline.lu\/de\/wp-json\/wp\/v2\/product_brand?post=52996"},{"taxonomy":"product_cat","embeddable":true,"href":"https:\/\/www.pharmacieonline.lu\/de\/wp-json\/wp\/v2\/product_cat?post=52996"},{"taxonomy":"product_tag","embeddable":true,"href":"https:\/\/www.pharmacieonline.lu\/de\/wp-json\/wp\/v2\/product_tag?post=52996"}],"curies":[{"name":"wp","href":"https:\/\/api.w.org\/{rel}","templated":true}]}}