{"id":53006,"date":"2025-10-29T14:33:35","date_gmt":"2025-10-29T13:33:35","guid":{"rendered":"https:\/\/www.pharmacieonline.lu\/?post_type=product&#038;p=53006"},"modified":"2026-04-09T10:55:15","modified_gmt":"2026-04-09T08:55:15","slug":"uriage-age-lift-serum-int-liss-ferm-30ml","status":"publish","type":"product","link":"https:\/\/www.pharmacieonline.lu\/de\/produit\/uriage-age-lift-serum-int-liss-ferm-30ml\/","title":{"rendered":"URIAGE AGE LIFT SERUM INT LISS FERM 30ML"},"content":{"rendered":"<p>AGE LIFT Innovation \u2013 die dermatologische Lifting-Pflegeserie, die alle Hauttypen, selbst empfindliche Haut, gl\u00e4ttet und strafft [3x weniger Falten, 3x mehr Festigkeit]*. Dieses intensive Gl\u00e4ttungs- und Straffungsserum wirkt gleichzeitig gegen Falten, nachlassende Festigkeit und die t\u00e4glichen Belastungen der Haut: Blaulicht, UV-Strahlung, Umweltverschmutzung, Stress und M\u00fcdigkeit. Die Haut wird glatter und fester, die Gesichtsz\u00fcge wirken ebenm\u00e4\u00dfiger. Die Gesichtskonturen werden definierter und die Hautqualit\u00e4t verbessert. Straffender Effekt.<\/p>\n<p>Bekannte Anti-Aging-Wirkstoffe: [RETINOL** + HYALURONS\u00c4URE + AHA]<\/p>\n<p>Anwendung<\/p>\n<p>Anti-Aging-Gesichtsserum.<\/p>\n<p>Anwendung<\/p>\n<p>Tragen Sie das Anti-Aging-Serum morgens und\/oder abends vor Ihrer Creme auf. Augenkontakt vermeiden. Bei Brennen die Anwendungsintervalle verl\u00e4ngern.<\/p>\n<p>Zusammensetzung<\/p>\n<p>AQUA (WASSER) &#8211; PROPANEDIOL &#8211; MILCHS\u00c4URE &#8211; ISODECYLNEOPENTANOAT &#8211; POLYSORBAT 60 &#8211; GLYCERIN &#8211; BUTYLENGLYKOL &#8211; NATRIUMHYDROXID &#8211; CETYLALKOHOL &#8211; WIESENSCHAUMSAMEN\u00d6L &#8211; SORBITANSTEARAT &#8211; ASCORBYLTETRAISOPALMITAT &#8211; TOCOPHERYLACETAT &#8211; NATRIUMHYALURONAT &#8211; RETINYLPALMITAT &#8211; CROTON LECHLERI HARZEXTRAKT &#8211; TOCOPHEROL &#8211; ACRYLATE\/C10-30 ALKYLACRYLAT-CROSSPOLYMER &#8211; DIMETHICON &#8211; CAESALPINIA SPINOSA FRUCHTEXTRAKT &#8211; CI 77891 (TITANDIOXID) &#8211; CHLORPHENESIN &#8211; XANTHANGUMMI &#8211; PARF\u00dcM (DUFTSTOFF) &#8211; MICA &#8211; o-CYMEN-5-OL &#8211; KAPPAPHYCUS ALVAREZII EXTRAKT &#8211; ADENOSIN &#8211; THEOBROMA CACAO SAMENEXTRAKT THEOBROMA CACAO (KAKAO) SAMENEXTRAKT &#8211; ZINNOXID.<\/p>","protected":false},"excerpt":{"rendered":"<p>AGE LIFT Innovation \u2013 die dermatologische Lifting-Pflegeserie, die alle Hauttypen, selbst empfindliche Haut, gl\u00e4ttet und strafft [3x weniger Falten, 3x mehr Festigkeit]*. Dieses intensive Gl\u00e4ttungs- und Straffungsserum wirkt gleichzeitig gegen Falten, nachlassende Festigkeit und die t\u00e4glichen Belastungen der Haut: Blaulicht, UV-Strahlung, Umweltverschmutzung, Stress und M\u00fcdigkeit. Die Haut wird glatter und fester, die Gesichtsz\u00fcge wirken ebenm\u00e4\u00dfiger. [&hellip;]<\/p>\n","protected":false},"featured_media":53008,"template":"","meta":{"_acf_changed":false,"footnotes":""},"product_brand":[],"product_cat":[54],"product_tag":[],"class_list":{"0":"post-53006","1":"product","2":"type-product","3":"status-publish","4":"has-post-thumbnail","6":"product_cat-soins-du-visage","8":"first","9":"instock","10":"taxable","11":"shipping-taxable","12":"purchasable","13":"product-type-simple"},"acf":[],"_links":{"self":[{"href":"https:\/\/www.pharmacieonline.lu\/de\/wp-json\/wp\/v2\/product\/53006","targetHints":{"allow":["GET"]}}],"collection":[{"href":"https:\/\/www.pharmacieonline.lu\/de\/wp-json\/wp\/v2\/product"}],"about":[{"href":"https:\/\/www.pharmacieonline.lu\/de\/wp-json\/wp\/v2\/types\/product"}],"version-history":[{"count":0,"href":"https:\/\/www.pharmacieonline.lu\/de\/wp-json\/wp\/v2\/product\/53006\/revisions"}],"wp:featuredmedia":[{"embeddable":true,"href":"https:\/\/www.pharmacieonline.lu\/de\/wp-json\/wp\/v2\/media\/53008"}],"wp:attachment":[{"href":"https:\/\/www.pharmacieonline.lu\/de\/wp-json\/wp\/v2\/media?parent=53006"}],"wp:term":[{"taxonomy":"product_brand","embeddable":true,"href":"https:\/\/www.pharmacieonline.lu\/de\/wp-json\/wp\/v2\/product_brand?post=53006"},{"taxonomy":"product_cat","embeddable":true,"href":"https:\/\/www.pharmacieonline.lu\/de\/wp-json\/wp\/v2\/product_cat?post=53006"},{"taxonomy":"product_tag","embeddable":true,"href":"https:\/\/www.pharmacieonline.lu\/de\/wp-json\/wp\/v2\/product_tag?post=53006"}],"curies":[{"name":"wp","href":"https:\/\/api.w.org\/{rel}","templated":true}]}}