{"id":53011,"date":"2025-10-29T14:35:29","date_gmt":"2025-10-29T13:35:29","guid":{"rendered":"https:\/\/www.pharmacieonline.lu\/?post_type=product&#038;p=53011"},"modified":"2026-04-09T10:55:14","modified_gmt":"2026-04-09T08:55:14","slug":"uriage-age-lift-cr-jr-liss-spf30-40-ml","status":"publish","type":"product","link":"https:\/\/www.pharmacieonline.lu\/de\/produit\/uriage-age-lift-cr-jr-liss-spf30-40-ml\/","title":{"rendered":"URIAGE AGE LIFT CR JR LISS SPF30 40 ML"},"content":{"rendered":"<p>AGE LIFT Innovation \u2013 die dermatologische Lifting-Pflegeserie, die alle Hauttypen, selbst empfindliche Haut, gl\u00e4ttet und strafft [3x weniger Falten, 3x mehr Festigkeit]*. Diese reichhaltige, sch\u00fctzende und straffende Creme wirkt gleichzeitig gegen Falten, Festigkeitsverlust und die t\u00e4glichen Belastungen der Haut: Blaulicht, UV-Strahlung, Umweltverschmutzung, Stress und M\u00fcdigkeit. Die Haut wird glatter und fester, und das Gesicht wirkt erfrischt. Die Gesichtskonturen werden definierter. Die Haut ist besser vor vorzeitiger Hautalterung und Pigmentflecken gesch\u00fctzt.<\/p>\n<p>Anti-Aging-Wirkstoffe: [RETINOL** + HYALURONS\u00c4URE + UVA\/UVB-FILTER LSF 30]<\/p>\n<p>Anwendung<\/p>\n<p>Anti-Aging-Tagescreme mit LSF 30.<\/p>\n<p>Anwendung<\/p>\n<p>Tragen Sie die Anti-Aging-Creme t\u00e4glich morgens auf das gesamte Gesicht auf. Augenkontakt vermeiden. Bei Brennen die Anwendungsh\u00e4ufigkeit reduzieren.<\/p>\n<p>Zusammensetzung<\/p>\n<p>AQUA (WASSER) &#8211; ETHYLHEXYLMETHOXYCINNAMAT &#8211; DIMETHICON &#8211; ETHYLHEXYLSALICYLAT &#8211; OCTOCRYLEN &#8211; BUTYLMETHOXYDIBENZOYLMETHAN &#8211; ISONONYLISONONANOAT &#8211; DICAPRYLYLETHER &#8211; GLYCERIN &#8211; GLYCERYLSTEARAT &#8211; PEG-100STEARAT &#8211; POLYMETHYLMETHACRYLAT &#8211; BUTYLENGLYKOL &#8211; DIGLYCERIN &#8211; ISOCETYLSTEARAT &#8211; POLYSORBAT 60 &#8211; ASCORBYLTETRAISOPALMITAT &#8211; TOCOPHERYLACETAT &#8211; RETINYLPALMITAT &#8211; NATRIUMHYALURONAT &#8211; CROTONLECHLERI-HARZEXTRAKT &#8211; TOCOPHEROL &#8211; AMMONIUMACRYLOYLDIMETHYLTAURAT\/VP-COPOLYMER &#8211; PHENOXYETHANOL &#8211; CI 77891 (TITANDIOXID) &#8211; PARFUM (DUFTSTOFF) &#8211; CETYLALKOHOL &#8211; CHLORPHENESIN &#8211; MICA &#8211; AMMONIUMACRYLOYLDIMETHYLTAURATE\/BEHENETH-25METHACRYLAT-CROSSPOLYMER &#8211; TETRANATRIUM-EDTA &#8211; CAESALPINIA SPINOSA FRUCHTEXTRAKT &#8211; o-CYMEN-5-OL &#8211; XANTHANGUMMI &#8211; ZITRONENS\u00c4URE &#8211; KAPPAPHYCUS ALVAREZII EXTRAKT &#8211; ADENOSIN &#8211; ZINNOXID &#8211; THEOBROMA CACAO (KAKAO) SAMENEXTRAKT &#8211; BHT.<\/p>","protected":false},"excerpt":{"rendered":"<p>AGE LIFT Innovation \u2013 die dermatologische Lifting-Pflegeserie, die alle Hauttypen, selbst empfindliche Haut, gl\u00e4ttet und strafft [3x weniger Falten, 3x mehr Festigkeit]*. Diese reichhaltige, sch\u00fctzende und straffende Creme wirkt gleichzeitig gegen Falten, Festigkeitsverlust und die t\u00e4glichen Belastungen der Haut: Blaulicht, UV-Strahlung, Umweltverschmutzung, Stress und M\u00fcdigkeit. Die Haut wird glatter und fester, und das Gesicht wirkt [&hellip;]<\/p>\n","protected":false},"featured_media":53013,"template":"","meta":{"_acf_changed":false,"footnotes":""},"product_brand":[],"product_cat":[54],"product_tag":[],"class_list":{"0":"post-53011","1":"product","2":"type-product","3":"status-publish","4":"has-post-thumbnail","6":"product_cat-soins-du-visage","8":"first","9":"instock","10":"taxable","11":"shipping-taxable","12":"purchasable","13":"product-type-simple"},"acf":[],"_links":{"self":[{"href":"https:\/\/www.pharmacieonline.lu\/de\/wp-json\/wp\/v2\/product\/53011","targetHints":{"allow":["GET"]}}],"collection":[{"href":"https:\/\/www.pharmacieonline.lu\/de\/wp-json\/wp\/v2\/product"}],"about":[{"href":"https:\/\/www.pharmacieonline.lu\/de\/wp-json\/wp\/v2\/types\/product"}],"version-history":[{"count":0,"href":"https:\/\/www.pharmacieonline.lu\/de\/wp-json\/wp\/v2\/product\/53011\/revisions"}],"wp:featuredmedia":[{"embeddable":true,"href":"https:\/\/www.pharmacieonline.lu\/de\/wp-json\/wp\/v2\/media\/53013"}],"wp:attachment":[{"href":"https:\/\/www.pharmacieonline.lu\/de\/wp-json\/wp\/v2\/media?parent=53011"}],"wp:term":[{"taxonomy":"product_brand","embeddable":true,"href":"https:\/\/www.pharmacieonline.lu\/de\/wp-json\/wp\/v2\/product_brand?post=53011"},{"taxonomy":"product_cat","embeddable":true,"href":"https:\/\/www.pharmacieonline.lu\/de\/wp-json\/wp\/v2\/product_cat?post=53011"},{"taxonomy":"product_tag","embeddable":true,"href":"https:\/\/www.pharmacieonline.lu\/de\/wp-json\/wp\/v2\/product_tag?post=53011"}],"curies":[{"name":"wp","href":"https:\/\/api.w.org\/{rel}","templated":true}]}}