{"id":53016,"date":"2025-10-29T14:38:12","date_gmt":"2025-10-29T13:38:12","guid":{"rendered":"https:\/\/www.pharmacieonline.lu\/?post_type=product&#038;p=53016"},"modified":"2026-04-09T10:55:14","modified_gmt":"2026-04-09T08:55:14","slug":"uriage-age-absol-contour-yeux-p-15ml","status":"publish","type":"product","link":"https:\/\/www.pharmacieonline.lu\/de\/produit\/uriage-age-absol-contour-yeux-p-15ml\/","title":{"rendered":"URIAGE AGE ABSOL CONTOUR YEUX P 15ML"},"content":{"rendered":"<p>Eigenschaften:<br \/>\nDer Global Anti-Aging Blurring and Redensifying Eye Balm regt die Pro-Kollagen-Synthese um das 6-fache* an, um die Hautdichte wiederherzustellen und Kollagenverlust gezielt dort entgegenzuwirken, wo er am deutlichsten sichtbar ist: in der Augenpartie. Diese hochwirksame Pflege bietet sofortige und langanhaltende Ergebnisse.<\/p>\n<p>In nur 10 Sekunden: Das Erscheinungsbild von Falten wird sichtbar gemildert und die Augenpartie erh\u00e4lt dank unserer geschmeidigen Textur mit sofortigem Weichzeichner-Effekt neue Strahlkraft.<br \/>\nIn 10 Wochen: 10 Zeichen der Hautalterung werden korrigiert (Erschlaffung, Falten, Schwellungen, Augenringe, Trockenheit, Feuchtigkeitsmangel, Verlust von Dichte, Festigkeit, Elastizit\u00e4t und Ausstrahlung).<br \/>\nDie Haut wird gegl\u00e4ttet, die Augenlider wirken geliftet und strahlender. Schwellungen und Augenringe werden deutlich gemildert.<\/p>\n<p>Eine geschmeidige, weichzeichnende Balsamtextur, die sofort mit der Haut verschmilzt und f\u00fcr ein ebenm\u00e4\u00dfiges und strahlendes Finish sorgt. Ideal als Make-up-Grundlage.<\/p>\n<p>Sichtbare Anzeichen: Falten, h\u00e4ngende Augenlider, Schwellungen, fahler Teint.<\/p>\n<p>Wirkstoffe: Kollagen-Booster-Komplex f\u00fcr die Augenkontur + Pro-Kollagen-Peptid + Retinol** + Hyalurons\u00e4ure + Vitamin C und E<\/p>\n<p>Ergebnisse: Die Haut wird gegl\u00e4ttet, die Augenlider gestrafft und Augenringe gemildert \u2013 f\u00fcr ein j\u00fcngeres, strahlenderes Aussehen. Sofortiger Aufpolsterungseffekt.<\/p>\n<p>* Pro-Kollagen-1-Proteinspiegel: In-vitro-Studien an Fibroblasten<br \/>\n** Retinylpalmitat<\/p>\n<p>Anwendungsgebiete:<\/p>\n<p>&#8211; Zur Wiederherstellung der Hautdichte<br \/>\n&#8211; Sorgt f\u00fcr sofortige und langanhaltende Ergebnisse<\/p>\n<p>Inhaltsstoffe:<br \/>\n1,2-Hexandiol, Acrylate\/C10-30-Alkylacrylat-Crosspolymer, Aqua (Wasser), Ascorbyltetraisopalmitat, Butylenglykol, Caesalpinia-spinosa-Fruchtextrakt, Caprylic\/Capric Triglyceride, Cetylalkohol, Ethylhexylstearat, Glycerin, Hydroxyacetophenon, Kappaphycus-alvarezii-Extrakt, Polyglyceryl-4-Diisostearat\/Polyhydroxystearat\/Sebacat, Kaliumcetylphosphat, Propandiol, Retinylpalmitat, Siliciumdioxid, Natriumdextransulfat, Natriumhyaluronat, Natriumhyaluronat-Crosspolymer, Natriumhydroxid, Natriumisostearat, Spirulina-platensis-Extrakt Tetrapeptid-4, Kakaobohnenextrakt (Theobroma cacao (Kakao)), Tocopherol, Xanthan, Haematococcus pluvialis-Extrakt, Oliven\u00f6l, Soja\u00f6l, Sonnenblumen\u00f6l, Tocopherylacetat, Kokosglyceride, Glycerylstearat SE, geh\u00e4rtetes Raps\u00f6l, Natriumgluconat, Gelber Enzianwurzelextrakt (Gentiana lutea)<\/p>\n<p>Anwendung: Morgens und abends auftragen.<\/p>\n<p>Inhalt: 15 ml<\/p>","protected":false},"excerpt":{"rendered":"<p>Eigenschaften: Der Global Anti-Aging Blurring and Redensifying Eye Balm regt die Pro-Kollagen-Synthese um das 6-fache* an, um die Hautdichte wiederherzustellen und Kollagenverlust gezielt dort entgegenzuwirken, wo er am deutlichsten sichtbar ist: in der Augenpartie. Diese hochwirksame Pflege bietet sofortige und langanhaltende Ergebnisse. In nur 10 Sekunden: Das Erscheinungsbild von Falten wird sichtbar gemildert und die [&hellip;]<\/p>\n","protected":false},"featured_media":53018,"template":"","meta":{"_acf_changed":false,"footnotes":""},"product_brand":[],"product_cat":[54],"product_tag":[],"class_list":{"0":"post-53016","1":"product","2":"type-product","3":"status-publish","4":"has-post-thumbnail","6":"product_cat-soins-du-visage","8":"first","9":"outofstock","10":"taxable","11":"shipping-taxable","12":"purchasable","13":"product-type-simple"},"acf":[],"_links":{"self":[{"href":"https:\/\/www.pharmacieonline.lu\/de\/wp-json\/wp\/v2\/product\/53016","targetHints":{"allow":["GET"]}}],"collection":[{"href":"https:\/\/www.pharmacieonline.lu\/de\/wp-json\/wp\/v2\/product"}],"about":[{"href":"https:\/\/www.pharmacieonline.lu\/de\/wp-json\/wp\/v2\/types\/product"}],"version-history":[{"count":0,"href":"https:\/\/www.pharmacieonline.lu\/de\/wp-json\/wp\/v2\/product\/53016\/revisions"}],"wp:featuredmedia":[{"embeddable":true,"href":"https:\/\/www.pharmacieonline.lu\/de\/wp-json\/wp\/v2\/media\/53018"}],"wp:attachment":[{"href":"https:\/\/www.pharmacieonline.lu\/de\/wp-json\/wp\/v2\/media?parent=53016"}],"wp:term":[{"taxonomy":"product_brand","embeddable":true,"href":"https:\/\/www.pharmacieonline.lu\/de\/wp-json\/wp\/v2\/product_brand?post=53016"},{"taxonomy":"product_cat","embeddable":true,"href":"https:\/\/www.pharmacieonline.lu\/de\/wp-json\/wp\/v2\/product_cat?post=53016"},{"taxonomy":"product_tag","embeddable":true,"href":"https:\/\/www.pharmacieonline.lu\/de\/wp-json\/wp\/v2\/product_tag?post=53016"}],"curies":[{"name":"wp","href":"https:\/\/api.w.org\/{rel}","templated":true}]}}