{"id":53020,"date":"2025-10-29T14:39:44","date_gmt":"2025-10-29T13:39:44","guid":{"rendered":"https:\/\/www.pharmacieonline.lu\/?post_type=product&#038;p=53020"},"modified":"2026-04-09T10:55:14","modified_gmt":"2026-04-09T08:55:14","slug":"uriage-age-absol-msq-nuit-redens-50ml","status":"publish","type":"product","link":"https:\/\/www.pharmacieonline.lu\/de\/produit\/uriage-age-absol-msq-nuit-redens-50ml\/","title":{"rendered":"URIAGE AGE ABSOL MSQ NUIT REDENS 50ML"},"content":{"rendered":"<p>AGE ABSOLU \u2013 unsere innovative, umfassende Anti-Aging-Maske, die die Procollagen-Synthese um das 6-fache* anregt und so alle reifen Hauttypen, selbst empfindliche Haut, strafft und aufpolstert. Diese straffende Anti-Aging-Nachtmaske bek\u00e4mpft alle sichtbaren Zeichen der Hautalterung: Falten, Erschlaffung, Volumenverlust, fahle Haut und mangelnde N\u00e4hrstoffversorgung. Die Haut wird straffer, geschmeidiger und wirkt j\u00fcnger. Morgens ist die Haut gest\u00e4rkt und regeneriert. [T\u00c4GLICHE ANWENDUNG]<\/p>\n<p>Bekannte Anti-Aging-Wirkstoffe: [PROCOLLAGEN-PEPTID + RETINOL** + HYALURONS\u00c4URE + VITAMINE C &amp; E + AUFF\u00dcLLENDES PFLANZENKOMPLEX]<\/p>\n<p>Diese Hyalurons\u00e4ure-Nachtmaske wirkt pr\u00e4ventiv gegen alle Zeichen der Hautalterung:<\/p>\n<p>\u2022 Patentierter [TELOMERES PROTECT]-Komplex, der Zellsch\u00e4den reduziert und lichtbedingter Hautalterung durch UV- und Blaulicht vorbeugt.<\/p>\n<p>Anwendung<\/p>\n<p>Gesichtsmaske f\u00fcr reife Haut.<\/p>\n<p>Anwendung<\/p>\n<p>Die Anti-Aging-Maske \u00fcber Nacht d\u00fcnn auf Gesicht und Hals auftragen. Bei Bedarf t\u00e4glich oder 2-3 Mal pro Woche anwenden.<\/p>\n<p>Zusammensetzung<\/p>\n<p>AQUA (WASSER) &#8211; DIGLYCERIN &#8211; CAPRYLIC\/CAPRIC TRIGLYCERIDE &#8211; GLYCERIN &#8211; BUTYROSPERMUM PARKII (SHEA) BUTTER &#8211; OCTYLDODECANOL &#8211; 1,2-HEXANDIOL &#8211; CETYLALKOHOL &#8211; AMMONIUMACRYLOYLDIMETHYLTAURATE\/VP COPOLYMER &#8211; HYDROXYACETOPHENON &#8211; SHOREA STENOPTERA SAMENBUTTER &#8211; SIMMONDSIA CHINENSIS (JOJOBA) SAMEN\u00d6L &#8211; SQUALAN &#8211; ACRYLATE\/C10-30 ALKYLACRYLATE CROSSPOLYMER &#8211; NATRIUMHYALURONAT &#8211; PARFUM (DUFTSTOFF) &#8211; CAESALPINIA SPINOSA FRUCHTEXTRAKT &#8211; ETHYLHEXYLSTEARAT &#8211; ASCORBYLTETRAISOPALMITAT &#8211; TOCOPHERYLACETAT &#8211; NATRIUM HYDROXID &#8211; BUTYLENGLYKOL &#8211; RETINYLPALMITAT &#8211; KAPPAPHYCUS ALVAREZII EXTRAKT &#8211; ADENOSIN &#8211; POLYGLYCERYL-4 DIISOSTEARAT\/POLYHYDROXYSTEARAT\/SEBACAT &#8211; NATRIUMHYALURONAT-CROSSPOLYMER &#8211; NATRIUMISOSTEARAT &#8211; PUNICA GRANATUM FRUCHTEXTRAKT &#8211; SPIRULINA PLATENSIS EXTRAKT &#8211; TETRAPEPTID-4 &#8211; THEOBROMA CACAO (KAKAO) SAMENEXTRAKT &#8211; TOCOPHEROL &#8211; CI 14700 (ROT 4).<\/p>","protected":false},"excerpt":{"rendered":"<p>AGE ABSOLU \u2013 unsere innovative, umfassende Anti-Aging-Maske, die die Procollagen-Synthese um das 6-fache* anregt und so alle reifen Hauttypen, selbst empfindliche Haut, strafft und aufpolstert. Diese straffende Anti-Aging-Nachtmaske bek\u00e4mpft alle sichtbaren Zeichen der Hautalterung: Falten, Erschlaffung, Volumenverlust, fahle Haut und mangelnde N\u00e4hrstoffversorgung. Die Haut wird straffer, geschmeidiger und wirkt j\u00fcnger. Morgens ist die Haut gest\u00e4rkt [&hellip;]<\/p>\n","protected":false},"featured_media":53022,"template":"","meta":{"_acf_changed":false,"footnotes":""},"product_brand":[],"product_cat":[54],"product_tag":[],"class_list":{"0":"post-53020","1":"product","2":"type-product","3":"status-publish","4":"has-post-thumbnail","6":"product_cat-soins-du-visage","8":"first","9":"instock","10":"taxable","11":"shipping-taxable","12":"purchasable","13":"product-type-simple"},"acf":[],"_links":{"self":[{"href":"https:\/\/www.pharmacieonline.lu\/de\/wp-json\/wp\/v2\/product\/53020","targetHints":{"allow":["GET"]}}],"collection":[{"href":"https:\/\/www.pharmacieonline.lu\/de\/wp-json\/wp\/v2\/product"}],"about":[{"href":"https:\/\/www.pharmacieonline.lu\/de\/wp-json\/wp\/v2\/types\/product"}],"version-history":[{"count":0,"href":"https:\/\/www.pharmacieonline.lu\/de\/wp-json\/wp\/v2\/product\/53020\/revisions"}],"wp:featuredmedia":[{"embeddable":true,"href":"https:\/\/www.pharmacieonline.lu\/de\/wp-json\/wp\/v2\/media\/53022"}],"wp:attachment":[{"href":"https:\/\/www.pharmacieonline.lu\/de\/wp-json\/wp\/v2\/media?parent=53020"}],"wp:term":[{"taxonomy":"product_brand","embeddable":true,"href":"https:\/\/www.pharmacieonline.lu\/de\/wp-json\/wp\/v2\/product_brand?post=53020"},{"taxonomy":"product_cat","embeddable":true,"href":"https:\/\/www.pharmacieonline.lu\/de\/wp-json\/wp\/v2\/product_cat?post=53020"},{"taxonomy":"product_tag","embeddable":true,"href":"https:\/\/www.pharmacieonline.lu\/de\/wp-json\/wp\/v2\/product_tag?post=53020"}],"curies":[{"name":"wp","href":"https:\/\/api.w.org\/{rel}","templated":true}]}}