{"id":53038,"date":"2025-10-29T14:54:03","date_gmt":"2025-10-29T13:54:03","guid":{"rendered":"https:\/\/www.pharmacieonline.lu\/?post_type=product&#038;p=53038"},"modified":"2026-04-04T07:55:10","modified_gmt":"2026-04-04T05:55:10","slug":"ducray-kelual-ds-int-shamp-a-pell-100ml","status":"publish","type":"product","link":"https:\/\/www.pharmacieonline.lu\/de\/produit\/ducray-kelual-ds-int-shamp-a-pell-100ml\/","title":{"rendered":"DUCRAY KELUAL DS INT SHAMP A\/PELL 100ML"},"content":{"rendered":"<p><\/p>\n<div class=\"c-rich-text-editor\">\n<p>KELUAL DS INTENSIVE Anti-Schuppen Intensivpflege-Shampoo ist der Probleml\u00f6ser vom Kopfhaut-Experten nicht nur gegen hartn\u00e4ckige Schuppen sondern auch starken, wiederkehrenden Juckreiz und Brennen.<\/p>\n<p>Dank der wirksamen Formel mit patentierten Wirkstoffen vom KELUAL DS INTENSIVE Anti-Schuppen Intensivpflege-Shampoo werden hartn\u00e4ckige Schuppen entfernt und starken und wiederkehrenden Juckreiz und Brennen gelindert.<\/p>\n<p>\u2022 PIROCTON OLAMIN &amp; CICLOPIROX OLAMIN wirken anti-mykotisch, anti-entz\u00fcndlich und schuppenl\u00f6send. Sie entfernen hartn\u00e4ckige Schuppen effektiv und langanhaltend.<br \/>\n\u2022 OXYCALM (S\u00dc\u00dfHOLZWURZEL-EXTRAKT\u00a0+ POLIDOCANOL + CALMISKIN): wirkt anti-entz\u00fcndlich, juckreizstillend und beruhigend. Es lindert starken, wiederkehrenden Juckreiz und Brennen schnell und nachhaltig.<br \/>\n\u2022 KELUAMID: wirkt schuppenl\u00f6send und juckreizlindernd.<\/p>\n<p>Das KELUAL DS INTENSIVE Anti-Schuppen Intensivpflege-Shampoo reinigt sanft, verleiht dem haar Volumen, Frische und Leichtigkeit, schont die Haarfaser. Es ist auch f\u00fcr gef\u00e4rbtes Haar und alle Haartypen geeignet.<\/p>\n<\/div>\n<div class=\"u-margin-vertical--10\"><\/div>\n<h3 class=\"u-h6 u-margin-top--10 u-text-color--accent\">Nutzen<\/h3>\n<p class=\"u-body-m-caption\">\u2022 Entfernt hartn\u00e4ckige Schuppen effektiv und langanhaltend<br \/>\n\u2022 Lindert starken und wiederkehrenden Juckreiz und Brennen schnell und nachhaltig<br \/>\n\u2022 8 Wochen Anti-R\u00fcckfall-Wirkung<br \/>\n\u2022 Bringt das Kopfhaut-Mikrobiom wieder ins Gleichgewicht, nach nur 2 Wochen<br \/>\n\u2022 Auch f\u00fcr gef\u00e4rbtes Haar geeignet<\/p>\n<p><\/p>","protected":false},"excerpt":{"rendered":"<p>KELUAL DS INTENSIVE Anti-Schuppen Intensivpflege-Shampoo ist der Probleml\u00f6ser vom Kopfhaut-Experten nicht nur gegen hartn\u00e4ckige Schuppen sondern auch starken, wiederkehrenden Juckreiz und Brennen. Dank der wirksamen Formel mit patentierten Wirkstoffen vom KELUAL DS INTENSIVE Anti-Schuppen Intensivpflege-Shampoo werden hartn\u00e4ckige Schuppen entfernt und starken und wiederkehrenden Juckreiz und Brennen gelindert. \u2022 PIROCTON OLAMIN &amp; CICLOPIROX OLAMIN wirken anti-mykotisch, [&hellip;]<\/p>\n","protected":false},"featured_media":53039,"template":"","meta":{"_acf_changed":false,"footnotes":""},"product_brand":[],"product_cat":[802,756],"product_tag":[],"class_list":{"0":"post-53038","1":"product","2":"type-product","3":"status-publish","4":"has-post-thumbnail","6":"product_cat-vitamines-cheveux-et-ongles","7":"product_cat-shampoing-cheveux","9":"first","10":"instock","11":"taxable","12":"shipping-taxable","13":"purchasable","14":"product-type-simple"},"acf":[],"_links":{"self":[{"href":"https:\/\/www.pharmacieonline.lu\/de\/wp-json\/wp\/v2\/product\/53038","targetHints":{"allow":["GET"]}}],"collection":[{"href":"https:\/\/www.pharmacieonline.lu\/de\/wp-json\/wp\/v2\/product"}],"about":[{"href":"https:\/\/www.pharmacieonline.lu\/de\/wp-json\/wp\/v2\/types\/product"}],"version-history":[{"count":0,"href":"https:\/\/www.pharmacieonline.lu\/de\/wp-json\/wp\/v2\/product\/53038\/revisions"}],"wp:featuredmedia":[{"embeddable":true,"href":"https:\/\/www.pharmacieonline.lu\/de\/wp-json\/wp\/v2\/media\/53039"}],"wp:attachment":[{"href":"https:\/\/www.pharmacieonline.lu\/de\/wp-json\/wp\/v2\/media?parent=53038"}],"wp:term":[{"taxonomy":"product_brand","embeddable":true,"href":"https:\/\/www.pharmacieonline.lu\/de\/wp-json\/wp\/v2\/product_brand?post=53038"},{"taxonomy":"product_cat","embeddable":true,"href":"https:\/\/www.pharmacieonline.lu\/de\/wp-json\/wp\/v2\/product_cat?post=53038"},{"taxonomy":"product_tag","embeddable":true,"href":"https:\/\/www.pharmacieonline.lu\/de\/wp-json\/wp\/v2\/product_tag?post=53038"}],"curies":[{"name":"wp","href":"https:\/\/api.w.org\/{rel}","templated":true}]}}