{"id":53046,"date":"2025-10-29T14:59:43","date_gmt":"2025-10-29T13:59:43","guid":{"rendered":"https:\/\/www.pharmacieonline.lu\/?post_type=product&#038;p=53046"},"modified":"2026-04-04T07:55:10","modified_gmt":"2026-04-04T05:55:10","slug":"ducray-keracnyl-pp-creme-30ml-2","status":"publish","type":"product","link":"https:\/\/www.pharmacieonline.lu\/de\/produit\/ducray-keracnyl-pp-creme-30ml-2\/","title":{"rendered":"DUCRAY KERACNYL PP+ CREME 30ML"},"content":{"rendered":"<p>Verwendung<br \/>\n\u00d6ffentlichkeit\/Patient, Apotheke, Arzt, Pflegeheim, Krankenhaus, Krankenstation, Physiotherapeut, Webshop<br \/>\n1 bis 2 Tage t\u00e4glich eine vorab gr\u00fcndliche Reinigung mit KERACNYL Gel Moussant durchf\u00fchren. Sie k\u00f6nnen sich selbst oder mit einem \u00f6rtlichen Arzt in Verbindung setzen. NICHT KOMEDOGEN. Ausgearbeitet, um das Risiko allergischer Reaktionen zu minimieren. Vermeiden Sie den Kontakt mit Ihnen.<\/p>\n<p>Zusammensetzung<br \/>\n\u00d6ffentlichkeit\/Patient, Apotheke, Arzt, Pflegeheim, Krankenhaus, Krankenstation, Physiotherapeut, Webshop<br \/>\nWASSER (AQUA). CAPRYL-\/CAPRIC-TRIGLYCERID. CETEARYLALKOHOL. ISOHEXADECAN. Niacinamid. Pentylenglykol. Butylenglykol. Glycerin. Octyldodecanol. Reisst\u00e4rke (Oryza sativa). Polymethylmethacrylat. Benzoes\u00e4ure. Sheabutter (Butyrospermum parkii). Cetearylglucosid. Dicaprylylcarbonat. Dinatriumphosphat. Glyceryllaurat. Myrtenblattextrakt (Myrtus communis). Polyacrylat-13. Polyisobuten. Polysorbat 20. Kaliumphosphat. Natriumcetearylsulfat. Natriumhydroxid. Sorbitanisostearat. Stearylglycyrrhetinat. Tocopherol. TRIPTERYGIUM WILFORDII KALLUS-EXTRAKT. XANTHANGUMMI<\/p>\n<p>Eigentum<br \/>\n\u00d6ffentlichkeit\/Patient, Apotheke, Arzt, Pflegeheim, Krankenhaus, Krankenstation, Physiotherapeut, Webshop<br \/>\n\u2022 Bewegen Sie sich auf den Tasten: Bringen Sie die Bakterienflora ins Gleichgewicht und verringern Sie die roten Flecken.<\/p>\n<p>\u2022 Tragen Sie bei, um die verbleibenden Marken zu begrenzen.<\/p>\n<p>\u2022 Bevorzugen Sie die Tastenverteilung ab 7 Tagen\u00b9. Beseitigen Sie Irritationen und medikament\u00f6se Anti-Akne-Behandlungen bei der ersten Anwendung.<\/p>","protected":false},"excerpt":{"rendered":"<p>Verwendung \u00d6ffentlichkeit\/Patient, Apotheke, Arzt, Pflegeheim, Krankenhaus, Krankenstation, Physiotherapeut, Webshop 1 bis 2 Tage t\u00e4glich eine vorab gr\u00fcndliche Reinigung mit KERACNYL Gel Moussant durchf\u00fchren. Sie k\u00f6nnen sich selbst oder mit einem \u00f6rtlichen Arzt in Verbindung setzen. NICHT KOMEDOGEN. Ausgearbeitet, um das Risiko allergischer Reaktionen zu minimieren. Vermeiden Sie den Kontakt mit Ihnen. Zusammensetzung \u00d6ffentlichkeit\/Patient, Apotheke, Arzt, [&hellip;]<\/p>\n","protected":false},"featured_media":53050,"template":"","meta":{"_acf_changed":false,"footnotes":""},"product_brand":[],"product_cat":[756,53],"product_tag":[],"class_list":{"0":"post-53046","1":"product","2":"type-product","3":"status-publish","4":"has-post-thumbnail","6":"product_cat-shampoing-cheveux","7":"product_cat-cheveux","9":"first","10":"instock","11":"taxable","12":"shipping-taxable","13":"purchasable","14":"product-type-simple"},"acf":[],"_links":{"self":[{"href":"https:\/\/www.pharmacieonline.lu\/de\/wp-json\/wp\/v2\/product\/53046","targetHints":{"allow":["GET"]}}],"collection":[{"href":"https:\/\/www.pharmacieonline.lu\/de\/wp-json\/wp\/v2\/product"}],"about":[{"href":"https:\/\/www.pharmacieonline.lu\/de\/wp-json\/wp\/v2\/types\/product"}],"version-history":[{"count":0,"href":"https:\/\/www.pharmacieonline.lu\/de\/wp-json\/wp\/v2\/product\/53046\/revisions"}],"wp:featuredmedia":[{"embeddable":true,"href":"https:\/\/www.pharmacieonline.lu\/de\/wp-json\/wp\/v2\/media\/53050"}],"wp:attachment":[{"href":"https:\/\/www.pharmacieonline.lu\/de\/wp-json\/wp\/v2\/media?parent=53046"}],"wp:term":[{"taxonomy":"product_brand","embeddable":true,"href":"https:\/\/www.pharmacieonline.lu\/de\/wp-json\/wp\/v2\/product_brand?post=53046"},{"taxonomy":"product_cat","embeddable":true,"href":"https:\/\/www.pharmacieonline.lu\/de\/wp-json\/wp\/v2\/product_cat?post=53046"},{"taxonomy":"product_tag","embeddable":true,"href":"https:\/\/www.pharmacieonline.lu\/de\/wp-json\/wp\/v2\/product_tag?post=53046"}],"curies":[{"name":"wp","href":"https:\/\/api.w.org\/{rel}","templated":true}]}}