{"id":53071,"date":"2025-10-29T15:12:12","date_gmt":"2025-10-29T14:12:12","guid":{"rendered":"https:\/\/www.pharmacieonline.lu\/?post_type=product&#038;p=53071"},"modified":"2026-04-11T23:55:12","modified_gmt":"2026-04-11T21:55:12","slug":"physiomance-hsp-recup-30gel","status":"publish","type":"product","link":"https:\/\/www.pharmacieonline.lu\/de\/produit\/physiomance-hsp-recup-30gel\/","title":{"rendered":"PHYSIOMANCE HSP RECUP 30GEL"},"content":{"rendered":"<p>HSP RECUP<\/p>\n<p>F\u00fcr Sportler<\/p>\n<p>Synergistische und innovative Kombination: 500 mg Bromelain, 200 mg ETAS\u00ae-Spargelextrakt, 200 mg HMB* und 10 mg Zink<br \/>\nETAS\u00ae: Patentierter und standardisierter Spargelst\u00e4ngelextrakt, klinisch erwiesen zur Induktion von HSP70-Proteinen, zellul\u00e4ren Stressreaktionsproteinen<br \/>\nOptimale Bioverf\u00fcgbarkeit: Zink in Bisglycinat-Form<br \/>\nMaximale Nat\u00fcrlichkeit: Bromelain, ein Enzym nat\u00fcrlichen Ursprungs (Ananas), und 100 % pflanzliche Kapseln<\/p>\n<p>*HMB: Calcium-\u03b2-Hydroxy-\u03b2-methylbutyrat<br \/>\nETAS\u00ae ist eine eingetragene Marke der Amino Up Co., Ltd., Japan.<\/p>","protected":false},"excerpt":{"rendered":"<p>HSP RECUP F\u00fcr Sportler Synergistische und innovative Kombination: 500 mg Bromelain, 200 mg ETAS\u00ae-Spargelextrakt, 200 mg HMB* und 10 mg Zink ETAS\u00ae: Patentierter und standardisierter Spargelst\u00e4ngelextrakt, klinisch erwiesen zur Induktion von HSP70-Proteinen, zellul\u00e4ren Stressreaktionsproteinen Optimale Bioverf\u00fcgbarkeit: Zink in Bisglycinat-Form Maximale Nat\u00fcrlichkeit: Bromelain, ein Enzym nat\u00fcrlichen Ursprungs (Ananas), und 100 % pflanzliche Kapseln *HMB: Calcium-\u03b2-Hydroxy-\u03b2-methylbutyrat ETAS\u00ae [&hellip;]<\/p>\n","protected":false},"featured_media":53072,"template":"","meta":{"_acf_changed":false,"footnotes":""},"product_brand":[],"product_cat":[951,948],"product_tag":[],"class_list":{"0":"post-53071","1":"product","2":"type-product","3":"status-publish","4":"has-post-thumbnail","6":"product_cat-physiomance","7":"product_cat-therascience-physionutrition","9":"first","10":"instock","11":"taxable","12":"shipping-taxable","13":"purchasable","14":"product-type-simple"},"acf":[],"_links":{"self":[{"href":"https:\/\/www.pharmacieonline.lu\/de\/wp-json\/wp\/v2\/product\/53071","targetHints":{"allow":["GET"]}}],"collection":[{"href":"https:\/\/www.pharmacieonline.lu\/de\/wp-json\/wp\/v2\/product"}],"about":[{"href":"https:\/\/www.pharmacieonline.lu\/de\/wp-json\/wp\/v2\/types\/product"}],"version-history":[{"count":0,"href":"https:\/\/www.pharmacieonline.lu\/de\/wp-json\/wp\/v2\/product\/53071\/revisions"}],"wp:featuredmedia":[{"embeddable":true,"href":"https:\/\/www.pharmacieonline.lu\/de\/wp-json\/wp\/v2\/media\/53072"}],"wp:attachment":[{"href":"https:\/\/www.pharmacieonline.lu\/de\/wp-json\/wp\/v2\/media?parent=53071"}],"wp:term":[{"taxonomy":"product_brand","embeddable":true,"href":"https:\/\/www.pharmacieonline.lu\/de\/wp-json\/wp\/v2\/product_brand?post=53071"},{"taxonomy":"product_cat","embeddable":true,"href":"https:\/\/www.pharmacieonline.lu\/de\/wp-json\/wp\/v2\/product_cat?post=53071"},{"taxonomy":"product_tag","embeddable":true,"href":"https:\/\/www.pharmacieonline.lu\/de\/wp-json\/wp\/v2\/product_tag?post=53071"}],"curies":[{"name":"wp","href":"https:\/\/api.w.org\/{rel}","templated":true}]}}