{"id":53074,"date":"2025-10-29T15:14:30","date_gmt":"2025-10-29T14:14:30","guid":{"rendered":"https:\/\/www.pharmacieonline.lu\/?post_type=product&#038;p=53074"},"modified":"2026-04-11T23:55:12","modified_gmt":"2026-04-11T21:55:12","slug":"physiomance-rejuvenate-90caps","status":"publish","type":"product","link":"https:\/\/www.pharmacieonline.lu\/de\/produit\/physiomance-rejuvenate-90caps\/","title":{"rendered":"PHYSIOMANCE REJUVENATE 90CAPS"},"content":{"rendered":"<p>Das f\u00fchrende Anti-Aging-Produkt<\/p>\n<p>Eine innovative Kombination aus 6 bioaktiven Inhaltsstoffen (Zitronenmelisse, Japanische Laminaria, Tragant, Klamath-Alge, Trans-Resveratrol und Quercetin) und Vitamin B3 f\u00fcr eine umfassende Anti-Aging-Strategie;<br \/>\nTrans-Resveratrol, die aktive Form von Resveratrol, gewonnen durch nat\u00fcrliche Fermentation, 98 % gereinigt, allergen- und pestizidfrei;<br \/>\nVerst\u00e4rkte antioxidative Wirkung;<br \/>\nHochwertiges Herstellungsverfahren;<br \/>\nTHERASCIENCE Clean Label;<br \/>\n100 % pflanzliche Kapseln<\/p>","protected":false},"excerpt":{"rendered":"<p>Das f\u00fchrende Anti-Aging-Produkt Eine innovative Kombination aus 6 bioaktiven Inhaltsstoffen (Zitronenmelisse, Japanische Laminaria, Tragant, Klamath-Alge, Trans-Resveratrol und Quercetin) und Vitamin B3 f\u00fcr eine umfassende Anti-Aging-Strategie; Trans-Resveratrol, die aktive Form von Resveratrol, gewonnen durch nat\u00fcrliche Fermentation, 98 % gereinigt, allergen- und pestizidfrei; Verst\u00e4rkte antioxidative Wirkung; Hochwertiges Herstellungsverfahren; THERASCIENCE Clean Label; 100 % pflanzliche Kapseln<\/p>\n","protected":false},"featured_media":53075,"template":"","meta":{"_acf_changed":false,"footnotes":""},"product_brand":[],"product_cat":[951,948],"product_tag":[],"class_list":{"0":"post-53074","1":"product","2":"type-product","3":"status-publish","4":"has-post-thumbnail","6":"product_cat-physiomance","7":"product_cat-therascience-physionutrition","9":"first","10":"instock","11":"taxable","12":"shipping-taxable","13":"purchasable","14":"product-type-simple"},"acf":[],"_links":{"self":[{"href":"https:\/\/www.pharmacieonline.lu\/de\/wp-json\/wp\/v2\/product\/53074","targetHints":{"allow":["GET"]}}],"collection":[{"href":"https:\/\/www.pharmacieonline.lu\/de\/wp-json\/wp\/v2\/product"}],"about":[{"href":"https:\/\/www.pharmacieonline.lu\/de\/wp-json\/wp\/v2\/types\/product"}],"version-history":[{"count":0,"href":"https:\/\/www.pharmacieonline.lu\/de\/wp-json\/wp\/v2\/product\/53074\/revisions"}],"wp:featuredmedia":[{"embeddable":true,"href":"https:\/\/www.pharmacieonline.lu\/de\/wp-json\/wp\/v2\/media\/53075"}],"wp:attachment":[{"href":"https:\/\/www.pharmacieonline.lu\/de\/wp-json\/wp\/v2\/media?parent=53074"}],"wp:term":[{"taxonomy":"product_brand","embeddable":true,"href":"https:\/\/www.pharmacieonline.lu\/de\/wp-json\/wp\/v2\/product_brand?post=53074"},{"taxonomy":"product_cat","embeddable":true,"href":"https:\/\/www.pharmacieonline.lu\/de\/wp-json\/wp\/v2\/product_cat?post=53074"},{"taxonomy":"product_tag","embeddable":true,"href":"https:\/\/www.pharmacieonline.lu\/de\/wp-json\/wp\/v2\/product_tag?post=53074"}],"curies":[{"name":"wp","href":"https:\/\/api.w.org\/{rel}","templated":true}]}}