{"id":53081,"date":"2025-10-29T15:23:46","date_gmt":"2025-10-29T14:23:46","guid":{"rendered":"https:\/\/www.pharmacieonline.lu\/?post_type=product&#038;p=53081"},"modified":"2026-04-04T05:55:06","modified_gmt":"2026-04-04T03:55:06","slug":"nuxe-very-rose-creme-mains-50ml-nf","status":"publish","type":"product","link":"https:\/\/www.pharmacieonline.lu\/de\/produit\/nuxe-very-rose-creme-mains-50ml-nf\/","title":{"rendered":"NUXE VERY ROSE CREME MAINS 50ML NF"},"content":{"rendered":"<p>Erleben Sie die Zartheit der Beruhigenden Hand- und Nagelcreme.<\/p>\n<p>Diese unwiderstehlich zarte Creme spendet Feuchtigkeit, beruhigt und sch\u00fctzt Ihre H\u00e4nde. Sie ist f\u00fcr alle Hauttypen geeignet, auch f\u00fcr empfindliche Haut, und hinterl\u00e4sst ein weiches, geschmeidiges und angenehmes Hautgef\u00fchl. 100 % der Testpersonen berichteten von Schutz vor \u00e4u\u00dferen Einfl\u00fcssen und Linderung von Beschwerden.(1) 100 % der Testpersonen berichteten von beruhigten, weicheren und mit Feuchtigkeit versorgten H\u00e4nden.(1)<\/p>\n<p>Angereichert mit Rosenextrakt, besteht die Creme zu 97 % aus Inhaltsstoffen nat\u00fcrlichen Ursprungs. Ihr zarter Rosenduft und die schmelzende, nicht fettende, seidig-weiche Textur h\u00fcllen Ihre H\u00e4nde in einen Schleier der Zartheit.<\/p>\n<p>Geben Sie eine kleine Menge Handcreme auf den Handr\u00fccken einer Hand. Verreiben Sie die Creme zwischen den H\u00e4nden, um sie gleichm\u00e4\u00dfig zu verteilen und die besonders beanspruchte Stelle zu pflegen. Reiben Sie anschlie\u00dfend Ihre Handfl\u00e4chen aneinander und achten Sie dabei besonders auf die Zwischenr\u00e4ume der Finger.<\/p>\n<p>Nutzen Sie die Gelegenheit, jeden Finger von der Handfl\u00e4che bis zur Spitze zu massieren und schlie\u00dfen Sie mit einer leichten, kreisenden Nagelmassage ab.<\/p>\n<p>Mit feuchtigkeitsspendendem und beruhigendem Rosenextrakt.<\/p>\n<p>97 % Inhaltsstoffe nat\u00fcrlichen Ursprungs. Vegane Formel, frei von tierischen Inhaltsstoffen und Nebenprodukten.<\/p>\n<p>Dermatologisch getestet. INHALTSSTOFFE: AQUA\/WASSER, GLYCERIN, CAPRYLIC\/CAPRIC TRIGLYCERIDE, BEHENYLALKOHOL, POLYGLYCERYL-6-DISTEARAT, PENTYLENGLYKOL, HELIANTHUS ANNUUS (SONNENBLUMEN)-SAMEN\u00d6L, CETEARYLALKOHOL, GLYCERYLSTEARATCITRAT, PARFUM\/DUFTSTOFF, GLYCERYLCAPRYLAT<\/p>","protected":false},"excerpt":{"rendered":"<p>Erleben Sie die Zartheit der Beruhigenden Hand- und Nagelcreme. Diese unwiderstehlich zarte Creme spendet Feuchtigkeit, beruhigt und sch\u00fctzt Ihre H\u00e4nde. Sie ist f\u00fcr alle Hauttypen geeignet, auch f\u00fcr empfindliche Haut, und hinterl\u00e4sst ein weiches, geschmeidiges und angenehmes Hautgef\u00fchl. 100 % der Testpersonen berichteten von Schutz vor \u00e4u\u00dferen Einfl\u00fcssen und Linderung von Beschwerden.(1) 100 % der [&hellip;]<\/p>\n","protected":false},"featured_media":53083,"template":"","meta":{"_acf_changed":false,"footnotes":""},"product_brand":[],"product_cat":[764],"product_tag":[],"class_list":{"0":"post-53081","1":"product","2":"type-product","3":"status-publish","4":"has-post-thumbnail","6":"product_cat-soins-mains","8":"first","9":"outofstock","10":"taxable","11":"shipping-taxable","12":"purchasable","13":"product-type-simple"},"acf":[],"_links":{"self":[{"href":"https:\/\/www.pharmacieonline.lu\/de\/wp-json\/wp\/v2\/product\/53081","targetHints":{"allow":["GET"]}}],"collection":[{"href":"https:\/\/www.pharmacieonline.lu\/de\/wp-json\/wp\/v2\/product"}],"about":[{"href":"https:\/\/www.pharmacieonline.lu\/de\/wp-json\/wp\/v2\/types\/product"}],"version-history":[{"count":0,"href":"https:\/\/www.pharmacieonline.lu\/de\/wp-json\/wp\/v2\/product\/53081\/revisions"}],"wp:featuredmedia":[{"embeddable":true,"href":"https:\/\/www.pharmacieonline.lu\/de\/wp-json\/wp\/v2\/media\/53083"}],"wp:attachment":[{"href":"https:\/\/www.pharmacieonline.lu\/de\/wp-json\/wp\/v2\/media?parent=53081"}],"wp:term":[{"taxonomy":"product_brand","embeddable":true,"href":"https:\/\/www.pharmacieonline.lu\/de\/wp-json\/wp\/v2\/product_brand?post=53081"},{"taxonomy":"product_cat","embeddable":true,"href":"https:\/\/www.pharmacieonline.lu\/de\/wp-json\/wp\/v2\/product_cat?post=53081"},{"taxonomy":"product_tag","embeddable":true,"href":"https:\/\/www.pharmacieonline.lu\/de\/wp-json\/wp\/v2\/product_tag?post=53081"}],"curies":[{"name":"wp","href":"https:\/\/api.w.org\/{rel}","templated":true}]}}