{"id":53085,"date":"2025-10-29T15:25:23","date_gmt":"2025-10-29T14:25:23","guid":{"rendered":"https:\/\/www.pharmacieonline.lu\/?post_type=product&#038;p=53085"},"modified":"2026-04-04T07:55:09","modified_gmt":"2026-04-04T05:55:09","slug":"nuxe-duo-creme-mains-ongles-2x50ml-2me50","status":"publish","type":"product","link":"https:\/\/www.pharmacieonline.lu\/de\/produit\/nuxe-duo-creme-mains-ongles-2x50ml-2me50\/","title":{"rendered":"NUXE DUO CREME MAINS ONGLES 2X50ML 2ME50"},"content":{"rendered":"<p>Diese pflegende Handcreme mit Honig, Sonnenblumen\u00f6l, wertvollen \u00d6len und Vitamin E sch\u00fctzt trockene H\u00e4nde vor vorzeitiger Hautalterung.<\/p>\n<p>Anwendungsgebiete<\/p>\n<p>Repariert, pflegt und sch\u00fctzt trockene H\u00e4nde.<\/p>\n<p>Anwendung<\/p>\n<p>Tragen Sie die Hand- und Nagelcreme nach Bedarf auf und achten Sie besonders auf die Nagelhaut.<\/p>\n<p>Inhaltsstoffe<\/p>\n<p>Enth\u00e4lt mindestens 88 % Inhaltsstoffe nat\u00fcrlichen Ursprungs. S\u00fc\u00dfer, honigartiger Duft. Parabenfrei.<\/p>","protected":false},"excerpt":{"rendered":"<p>Diese pflegende Handcreme mit Honig, Sonnenblumen\u00f6l, wertvollen \u00d6len und Vitamin E sch\u00fctzt trockene H\u00e4nde vor vorzeitiger Hautalterung. Anwendungsgebiete Repariert, pflegt und sch\u00fctzt trockene H\u00e4nde. Anwendung Tragen Sie die Hand- und Nagelcreme nach Bedarf auf und achten Sie besonders auf die Nagelhaut. Inhaltsstoffe Enth\u00e4lt mindestens 88 % Inhaltsstoffe nat\u00fcrlichen Ursprungs. S\u00fc\u00dfer, honigartiger Duft. Parabenfrei.<\/p>\n","protected":false},"featured_media":53087,"template":"","meta":{"_acf_changed":false,"footnotes":""},"product_brand":[],"product_cat":[764],"product_tag":[],"class_list":{"0":"post-53085","1":"product","2":"type-product","3":"status-publish","4":"has-post-thumbnail","6":"product_cat-soins-mains","8":"first","9":"instock","10":"taxable","11":"shipping-taxable","12":"purchasable","13":"product-type-simple"},"acf":[],"_links":{"self":[{"href":"https:\/\/www.pharmacieonline.lu\/de\/wp-json\/wp\/v2\/product\/53085","targetHints":{"allow":["GET"]}}],"collection":[{"href":"https:\/\/www.pharmacieonline.lu\/de\/wp-json\/wp\/v2\/product"}],"about":[{"href":"https:\/\/www.pharmacieonline.lu\/de\/wp-json\/wp\/v2\/types\/product"}],"version-history":[{"count":0,"href":"https:\/\/www.pharmacieonline.lu\/de\/wp-json\/wp\/v2\/product\/53085\/revisions"}],"wp:featuredmedia":[{"embeddable":true,"href":"https:\/\/www.pharmacieonline.lu\/de\/wp-json\/wp\/v2\/media\/53087"}],"wp:attachment":[{"href":"https:\/\/www.pharmacieonline.lu\/de\/wp-json\/wp\/v2\/media?parent=53085"}],"wp:term":[{"taxonomy":"product_brand","embeddable":true,"href":"https:\/\/www.pharmacieonline.lu\/de\/wp-json\/wp\/v2\/product_brand?post=53085"},{"taxonomy":"product_cat","embeddable":true,"href":"https:\/\/www.pharmacieonline.lu\/de\/wp-json\/wp\/v2\/product_cat?post=53085"},{"taxonomy":"product_tag","embeddable":true,"href":"https:\/\/www.pharmacieonline.lu\/de\/wp-json\/wp\/v2\/product_tag?post=53085"}],"curies":[{"name":"wp","href":"https:\/\/api.w.org\/{rel}","templated":true}]}}