{"id":54057,"date":"2026-02-09T17:12:16","date_gmt":"2026-02-09T16:12:16","guid":{"rendered":"https:\/\/www.pharmacieonline.lu\/?post_type=product&#038;p=54057"},"modified":"2026-04-10T15:55:07","modified_gmt":"2026-04-10T13:55:07","slug":"vichy-lift-cs16-cr-jour-50ml-spf50","status":"publish","type":"product","link":"https:\/\/www.pharmacieonline.lu\/de\/produit\/vichy-lift-cs16-cr-jour-50ml-spf50\/","title":{"rendered":"VICHY LIFT CS16 CR JOUR 50ML SPF50"},"content":{"rendered":"<p>Mit zunehmendem Alter nimmt die Kollagenproduktion ab, wodurch die Zeichen der Hautalterung, insbesondere im Gesicht, schneller sichtbar werden. Die Experten von Vichy haben die Liftactiv Collagen Specialist 16 Tagescreme mit innovativer Co-Bonding-Technologie entwickelt. Diese Creme wirkt gezielt gegen 16 sichtbare Zeichen der Hautalterung, darunter Schwellungen, Augenringe, F\u00e4ltchen unter den Augen, Kr\u00e4henf\u00fc\u00dfe, feine Linien, nachlassende Festigkeit, Erschlaffung, Elastizit\u00e4tsverlust, Hautstruktur, Anzeichen von M\u00fcdigkeit, Hautton, Ausstrahlung, Feuchtigkeitsmangel und ein ebenm\u00e4\u00dfiger Teint. Das Ergebnis: eine straffere, ebenm\u00e4\u00dfigere und strahlendere Haut. Vichy Liftactiv Collagen Specialist 16 LSF 50 ist jetzt mit LSF 50 angereichert und als praktische Nachf\u00fcllpackung erh\u00e4ltlich.<\/p>\n<p>Anwendung<\/p>\n<p>Tagescreme LSF 50 \u2013 UV-Schutz und Anti-Aging<\/p>\n<p>Anwendung<\/p>\n<p>Morgens auf die gereinigte, trockene Haut auftragen, allein oder nach dem Liftactiv Specialist B3 Serum. Augenpartie aussparen.<\/p>\n<p>Zusammensetzung<\/p>\n<p>INHALTSSTOFFE: AQUA \/ WASSER \u2022 GLYCERIN \u2022 ETHYLHEXYLSALICYLAT \u2022 ETHYLHEXYLTRIAZON \u2022 ALKOHOL DENAT. \u2022 Bis-Ethylhexyloxyphenylmethyltriazin \u2022 Dimethicon \u2022 Lauroyllysin \u2022 Butylmethoxydibenzoylmethan \u2022 Niacinamid \u2022 Octyldodecanol \u2022 Behenylalkohol \u2022 Isopropylisostearat \u2022 Perlit \u2022 Aluminiumst\u00e4rkeoctenylsuccinat \u2022 Cetylalkohol \u2022 Adenosin \u2022 Capryloylsalicyls\u00e4ure \u2022 Zitronens\u00e4ure \u2022 Grifola-frondosa-Fruchtextrakt \u2022 Hydroxyacetophenon \u2022 Palmitoyltetrapeptid-7 \u2022 Palmitoyltripeptid-1 \u2022 Rhamnose \u2022 Acetyliertes Natriumhyaluronat \u2022 Natriumhyaluronat \u2022 SR-Tetra (Tetra-SH-Polypeptid-69-Dipeptid-78) OLIGOPEPTID-252 \u2022 TRINATRIUMDISUCCINAT \u2022 ETHYLENDIAMIN \u2022 TOCOPHEROL \u2022 NATRIUMACRYLAMID\/ACRYLOYLDIMETHYLTAURAT-COPOLYMER \u2022 AMMONIUMPOLYACRYLOYLDIMETHYLTAURAT \u2022 BUTYLENGLYKOL \u2022 CAPRYLYLGLYKOL \u2022 CARBOMER \u2022 CETEARYLALKOHOL \u2022 CETEARYLGLUCOSID \u2022 ISOHEXADECAN \u2022 MALTODEXTRIN \u2022 MYRISTINS\u00c4URE \u2022 PALMITINS\u00c4URE \u2022 PEG-100-STEARAT \u2022 PENTYLENGLYKOL \u2022 POLY-C10-30-ALKYLACRYLAT \u2022 POLYSORBAT 20 \u2022 POLYSORBAT 80 \u2022 NATRIUMCHLORID \u2022 NATRIUMLACTAT \u2022 NATRIUMPHOSPHAT \u2022 NATRIUMPOLYACRYLATST\u00c4RKE \u2022 NATRIUMSTEAROYLGLUTAMAT \u2022 SORBITAN OLEAT \u2022 STEARINS\u00c4URE \u2022 CI 15985 \/ GELB 6 \u2022 CI 16035 \/ ROT 40 \u2022 PARFUM \/ DUFTSTOFF (F.I.L. N70057635\/1).<\/p>","protected":false},"excerpt":{"rendered":"<p>Mit zunehmendem Alter nimmt die Kollagenproduktion ab, wodurch die Zeichen der Hautalterung, insbesondere im Gesicht, schneller sichtbar werden. Die Experten von Vichy haben die Liftactiv Collagen Specialist 16 Tagescreme mit innovativer Co-Bonding-Technologie entwickelt. Diese Creme wirkt gezielt gegen 16 sichtbare Zeichen der Hautalterung, darunter Schwellungen, Augenringe, F\u00e4ltchen unter den Augen, Kr\u00e4henf\u00fc\u00dfe, feine Linien, nachlassende Festigkeit, [&hellip;]<\/p>\n","protected":false},"featured_media":54059,"template":"","meta":{"_acf_changed":false,"footnotes":""},"product_brand":[],"product_cat":[54],"product_tag":[],"class_list":{"0":"post-54057","1":"product","2":"type-product","3":"status-publish","4":"has-post-thumbnail","6":"product_cat-soins-du-visage","8":"first","9":"instock","10":"taxable","11":"shipping-taxable","12":"purchasable","13":"product-type-simple"},"acf":[],"_links":{"self":[{"href":"https:\/\/www.pharmacieonline.lu\/de\/wp-json\/wp\/v2\/product\/54057","targetHints":{"allow":["GET"]}}],"collection":[{"href":"https:\/\/www.pharmacieonline.lu\/de\/wp-json\/wp\/v2\/product"}],"about":[{"href":"https:\/\/www.pharmacieonline.lu\/de\/wp-json\/wp\/v2\/types\/product"}],"version-history":[{"count":3,"href":"https:\/\/www.pharmacieonline.lu\/de\/wp-json\/wp\/v2\/product\/54057\/revisions"}],"predecessor-version":[{"id":54061,"href":"https:\/\/www.pharmacieonline.lu\/de\/wp-json\/wp\/v2\/product\/54057\/revisions\/54061"}],"wp:featuredmedia":[{"embeddable":true,"href":"https:\/\/www.pharmacieonline.lu\/de\/wp-json\/wp\/v2\/media\/54059"}],"wp:attachment":[{"href":"https:\/\/www.pharmacieonline.lu\/de\/wp-json\/wp\/v2\/media?parent=54057"}],"wp:term":[{"taxonomy":"product_brand","embeddable":true,"href":"https:\/\/www.pharmacieonline.lu\/de\/wp-json\/wp\/v2\/product_brand?post=54057"},{"taxonomy":"product_cat","embeddable":true,"href":"https:\/\/www.pharmacieonline.lu\/de\/wp-json\/wp\/v2\/product_cat?post=54057"},{"taxonomy":"product_tag","embeddable":true,"href":"https:\/\/www.pharmacieonline.lu\/de\/wp-json\/wp\/v2\/product_tag?post=54057"}],"curies":[{"name":"wp","href":"https:\/\/api.w.org\/{rel}","templated":true}]}}